{"id":1130,"date":"2021-05-13T20:41:44","date_gmt":"2021-05-13T20:41:44","guid":{"rendered":"http:\/\/www.rula.disabilityrightsca.org\/es\/?page_id=1130"},"modified":"2023-12-05T00:58:44","modified_gmt":"2023-12-05T00:58:44","slug":"6-29-puede-un-centro-regional-u-otra-agencia-ayudar-a-pagar-los-costos-de-la-guarderia-de-un-nino-con-una-discapacidad-del-desarrollo","status":"publish","type":"page","link":"https:\/\/rula.disabilityrightsca.org\/es\/rula-book\/capitulo-6-mantener-unida-a-la-familia-servicios-y-apoyos-para-ninos\/6-29-puede-un-centro-regional-u-otra-agencia-ayudar-a-pagar-los-costos-de-la-guarderia-de-un-nino-con-una-discapacidad-del-desarrollo\/","title":{"rendered":"(6.29) \u00bfC\u00f3mo se convierte un miembro de la familia en miembro de la familia proveedor de servicios de relevo para el centro regional?"},"content":{"rendered":"\n<ul class=\"wp-block-list\">\n<li>Para ser un proveedor miembro de la familia, usted debe:<\/li>\n\n\n\n<li>Ser un miembro de la familia<\/li>\n\n\n\n<li>No ser usted mismo el proveedor directo de los servicios de relevo<\/li>\n\n\n\n<li>Aseg\u00farese de que cualquier trabajador de relevo que contrate tenga 18 a\u00f1os, a menos que actualmente est\u00e9 brindando relevo y est\u00e9 dentro de los 90 d\u00edas de cumplir 18 a\u00f1os. Aseg\u00farese de que cualquier trabajador de relevo que contrate tenga las habilidades, la capacitaci\u00f3n o la educaci\u00f3n necesarias para brindar relevo a su hijo, conozca las necesidades cotidianas de su hijo y est\u00e9 capacitado en todos los apoyos especiales necesarios.<span class=\"footnote_referrer\"><a role=\"button\" tabindex=\"0\" onclick=\"footnote_moveToReference_1130_1('footnote_plugin_reference_1130_1_1');\" onkeypress=\"footnote_moveToReference_1130_1('footnote_plugin_reference_1130_1_1');\" ><sup id=\"footnote_plugin_tooltip_1130_1_1\" class=\"footnote_plugin_tooltip_text\">[1]<\/sup><\/a><span id=\"footnote_plugin_tooltip_text_1130_1_1\" class=\"footnote_tooltip\">T\u00edtulo 17, C\u00f3digo de Reglamentos de California, secci\u00f3n 54355(g)(4)<\/span><\/span><script type=\"text\/javascript\"> jQuery('#footnote_plugin_tooltip_1130_1_1').tooltip({ tip: '#footnote_plugin_tooltip_text_1130_1_1', tipClass: 'footnote_tooltip', effect: 'fade', predelay: 0, fadeInSpeed: 200, delay: 400, fadeOutSpeed: 200, position: 'top center', relative: true, offset: [-7, 0], });<\/script><\/li>\n\n\n\n<li>Complete el Contrato de proveedor de servicios basados en el hogar y la comunidad<span class=\"footnote_referrer\"><a role=\"button\" tabindex=\"0\" onclick=\"footnote_moveToReference_1130_1('footnote_plugin_reference_1130_1_2');\" onkeypress=\"footnote_moveToReference_1130_1('footnote_plugin_reference_1130_1_2');\" ><sup id=\"footnote_plugin_tooltip_1130_1_2\" class=\"footnote_plugin_tooltip_text\">[2]<\/sup><\/a><span id=\"footnote_plugin_tooltip_text_1130_1_2\" class=\"footnote_tooltip\">T\u00edtulo 17, C\u00f3digo de Reglamentos de California, secci\u00f3n 54310 (g)<\/span><\/span><script type=\"text\/javascript\"> jQuery('#footnote_plugin_tooltip_1130_1_2').tooltip({ tip: '#footnote_plugin_tooltip_text_1130_1_2', tipClass: 'footnote_tooltip', effect: 'fade', predelay: 0, fadeInSpeed: 200, delay: 400, fadeOutSpeed: 200, position: 'top center', relative: true, offset: [-7, 0], });<\/script><\/li>\n\n\n\n<li>Utilice el Formulario de facturaci\u00f3n de servicios de relevo DS 1811 para enviar solicitudes de reembolso.<span class=\"footnote_referrer\"><a role=\"button\" tabindex=\"0\" onclick=\"footnote_moveToReference_1130_1('footnote_plugin_reference_1130_1_3');\" onkeypress=\"footnote_moveToReference_1130_1('footnote_plugin_reference_1130_1_3');\" ><sup id=\"footnote_plugin_tooltip_1130_1_3\" class=\"footnote_plugin_tooltip_text\">[3]<\/sup><\/a><span id=\"footnote_plugin_tooltip_text_1130_1_3\" class=\"footnote_tooltip\">T\u00edtulo 17, C\u00f3digo de Reglamentos de California, secci\u00f3n 54355(b)(4)<\/span><\/span><script type=\"text\/javascript\"> jQuery('#footnote_plugin_tooltip_1130_1_3').tooltip({ tip: '#footnote_plugin_tooltip_text_1130_1_3', tipClass: 'footnote_tooltip', effect: 'fade', predelay: 0, fadeInSpeed: 200, delay: 400, fadeOutSpeed: 200, position: 'top center', relative: true, offset: [-7, 0], });<\/script> Usted (como proveedor miembro de la familia) y el trabajador de relevo deben firmar el formulario<\/li>\n\n\n\n<li>Mantenga registros que incluyan:\n<ul class=\"wp-block-list\">\n<li>fechas y horas de los servicios de relevo (hora de inicio y finalizaci\u00f3n)<\/li>\n\n\n\n<li>direcci\u00f3n donde se brind\u00f3 el servicio, y<\/li>\n\n\n\n<li>si un trabajador no tiene n\u00famero de seguro social, el proveedor puede aceptar una copia de cualquier documento que el gobierno federal acepte para demostrar su identidad y elegibilidad para el empleo. El proveedor miembro de la familia debe comparar la copia con el original.<span class=\"footnote_referrer\"><a role=\"button\" tabindex=\"0\" onclick=\"footnote_moveToReference_1130_1('footnote_plugin_reference_1130_1_4');\" onkeypress=\"footnote_moveToReference_1130_1('footnote_plugin_reference_1130_1_4');\" ><sup id=\"footnote_plugin_tooltip_1130_1_4\" class=\"footnote_plugin_tooltip_text\">[4]<\/sup><\/a><span id=\"footnote_plugin_tooltip_text_1130_1_4\" class=\"footnote_tooltip\">Y el trabajador debe declarar bajo pena de perjurio que la copia es verdadera y correcta<\/span><\/span><script type=\"text\/javascript\"> jQuery('#footnote_plugin_tooltip_1130_1_4').tooltip({ tip: '#footnote_plugin_tooltip_text_1130_1_4', tipClass: 'footnote_tooltip', effect: 'fade', predelay: 0, fadeInSpeed: 200, delay: 400, fadeOutSpeed: 200, position: 'top center', relative: true, offset: [-7, 0], });<\/script> Direcci\u00f3n y n\u00famero de tel\u00e9fono del trabajador de relevo.<span class=\"footnote_referrer\"><a role=\"button\" tabindex=\"0\" onclick=\"footnote_moveToReference_1130_1('footnote_plugin_reference_1130_1_5');\" onkeypress=\"footnote_moveToReference_1130_1('footnote_plugin_reference_1130_1_5');\" ><sup id=\"footnote_plugin_tooltip_1130_1_5\" class=\"footnote_plugin_tooltip_text\">[5]<\/sup><\/a><span id=\"footnote_plugin_tooltip_text_1130_1_5\" class=\"footnote_tooltip\">T\u00edtulo 17, C\u00f3digo de Reglamentos de California, secci\u00f3n 50604(d)(3)(D) y (E)<\/span><\/span><script type=\"text\/javascript\"> jQuery('#footnote_plugin_tooltip_1130_1_5').tooltip({ tip: '#footnote_plugin_tooltip_text_1130_1_5', tipClass: 'footnote_tooltip', effect: 'fade', predelay: 0, fadeInSpeed: 200, delay: 400, fadeOutSpeed: 200, position: 'top center', relative: true, offset: [-7, 0], });<\/script> (tambi\u00e9n en el Formulario de facturaci\u00f3n DS 1811).<\/li>\n<\/ul>\n<\/li>\n\n\n\n<li>Conserve registros de los servicios de relevo durante cinco a\u00f1os.<span class=\"footnote_referrer\"><a role=\"button\" tabindex=\"0\" onclick=\"footnote_moveToReference_1130_1('footnote_plugin_reference_1130_1_6');\" onkeypress=\"footnote_moveToReference_1130_1('footnote_plugin_reference_1130_1_6');\" ><sup id=\"footnote_plugin_tooltip_1130_1_6\" class=\"footnote_plugin_tooltip_text\">[6]<\/sup><\/a><span id=\"footnote_plugin_tooltip_text_1130_1_6\" class=\"footnote_tooltip\">T\u00edtulo 17, C\u00f3digo de Reglamentos de California, secci\u00f3n 54355(b)(3)<\/span><\/span><script type=\"text\/javascript\"> jQuery('#footnote_plugin_tooltip_1130_1_6').tooltip({ tip: '#footnote_plugin_tooltip_text_1130_1_6', tipClass: 'footnote_tooltip', effect: 'fade', predelay: 0, fadeInSpeed: 200, delay: 400, fadeOutSpeed: 200, position: 'top center', relative: true, offset: [-7, 0], });<\/script> El centro regional puede auditar a los proveedores miembros de la familia. Si no tiene los registros requeridos, es posible que deba devolver el dinero al centro regional.<\/li>\n<\/ul>\n<div class=\"speaker-mute footnotes_reference_container\"> <div class=\"footnote_container_prepare\"><p><span role=\"button\" tabindex=\"0\" class=\"footnote_reference_container_label pointer\" onclick=\"footnote_expand_collapse_reference_container_1130_1();\">&#x202F;<\/span><span role=\"button\" tabindex=\"0\" class=\"footnote_reference_container_collapse_button\" style=\"display: none;\" onclick=\"footnote_expand_collapse_reference_container_1130_1();\">[<a id=\"footnote_reference_container_collapse_button_1130_1\">+<\/a>]<\/span><\/p><\/div> <div id=\"footnote_references_container_1130_1\" style=\"\"><table class=\"footnotes_table footnote-reference-container\"><caption class=\"accessibility\">References<\/caption> <tbody> \r\n\r\n<tr class=\"footnotes_plugin_reference_row\"> <th scope=\"row\" class=\"footnote_plugin_index_combi pointer\"  onclick=\"footnote_moveToAnchor_1130_1('footnote_plugin_tooltip_1130_1_1');\"><a id=\"footnote_plugin_reference_1130_1_1\" class=\"footnote_backlink\"><span class=\"footnote_index_arrow\">&#8593;<\/span>1<\/a><\/th> <td class=\"footnote_plugin_text\">T\u00edtulo 17, C\u00f3digo de Reglamentos de California, secci\u00f3n 54355(g)(4)<\/td><\/tr>\r\n\r\n<tr class=\"footnotes_plugin_reference_row\"> <th scope=\"row\" class=\"footnote_plugin_index_combi pointer\"  onclick=\"footnote_moveToAnchor_1130_1('footnote_plugin_tooltip_1130_1_2');\"><a id=\"footnote_plugin_reference_1130_1_2\" class=\"footnote_backlink\"><span class=\"footnote_index_arrow\">&#8593;<\/span>2<\/a><\/th> <td class=\"footnote_plugin_text\">T\u00edtulo 17, C\u00f3digo de Reglamentos de California, secci\u00f3n 54310 (g)<\/td><\/tr>\r\n\r\n<tr class=\"footnotes_plugin_reference_row\"> <th scope=\"row\" class=\"footnote_plugin_index_combi pointer\"  onclick=\"footnote_moveToAnchor_1130_1('footnote_plugin_tooltip_1130_1_3');\"><a id=\"footnote_plugin_reference_1130_1_3\" class=\"footnote_backlink\"><span class=\"footnote_index_arrow\">&#8593;<\/span>3<\/a><\/th> <td class=\"footnote_plugin_text\">T\u00edtulo 17, C\u00f3digo de Reglamentos de California, secci\u00f3n 54355(b)(4)<\/td><\/tr>\r\n\r\n<tr class=\"footnotes_plugin_reference_row\"> <th scope=\"row\" class=\"footnote_plugin_index_combi pointer\"  onclick=\"footnote_moveToAnchor_1130_1('footnote_plugin_tooltip_1130_1_4');\"><a id=\"footnote_plugin_reference_1130_1_4\" class=\"footnote_backlink\"><span class=\"footnote_index_arrow\">&#8593;<\/span>4<\/a><\/th> <td class=\"footnote_plugin_text\">Y el trabajador debe declarar bajo pena de perjurio que la copia es verdadera y correcta<\/td><\/tr>\r\n\r\n<tr class=\"footnotes_plugin_reference_row\"> <th scope=\"row\" class=\"footnote_plugin_index_combi pointer\"  onclick=\"footnote_moveToAnchor_1130_1('footnote_plugin_tooltip_1130_1_5');\"><a id=\"footnote_plugin_reference_1130_1_5\" class=\"footnote_backlink\"><span class=\"footnote_index_arrow\">&#8593;<\/span>5<\/a><\/th> <td class=\"footnote_plugin_text\">T\u00edtulo 17, C\u00f3digo de Reglamentos de California, secci\u00f3n 50604(d)(3)(D) y (E)<\/td><\/tr>\r\n\r\n<tr class=\"footnotes_plugin_reference_row\"> <th scope=\"row\" class=\"footnote_plugin_index_combi pointer\"  onclick=\"footnote_moveToAnchor_1130_1('footnote_plugin_tooltip_1130_1_6');\"><a id=\"footnote_plugin_reference_1130_1_6\" class=\"footnote_backlink\"><span class=\"footnote_index_arrow\">&#8593;<\/span>6<\/a><\/th> <td class=\"footnote_plugin_text\">T\u00edtulo 17, C\u00f3digo de Reglamentos de California, secci\u00f3n 54355(b)(3)<\/td><\/tr>\r\n\r\n <\/tbody> <\/table> <\/div><\/div><script type=\"text\/javascript\"> function footnote_expand_reference_container_1130_1() { jQuery('#footnote_references_container_1130_1').show(); jQuery('#footnote_reference_container_collapse_button_1130_1').text('\u2212'); } function footnote_collapse_reference_container_1130_1() { jQuery('#footnote_references_container_1130_1').hide(); jQuery('#footnote_reference_container_collapse_button_1130_1').text('+'); } function footnote_expand_collapse_reference_container_1130_1() { if (jQuery('#footnote_references_container_1130_1').is(':hidden')) { footnote_expand_reference_container_1130_1(); } else { footnote_collapse_reference_container_1130_1(); } } function footnote_moveToReference_1130_1(p_str_TargetID) { footnote_expand_reference_container_1130_1(); var l_obj_Target = jQuery('#' + p_str_TargetID); if (l_obj_Target.length) { jQuery( 'html, body' ).delay( 0 ); jQuery('html, body').animate({ scrollTop: l_obj_Target.offset().top - window.innerHeight * 0.2 }, 380); } } function footnote_moveToAnchor_1130_1(p_str_TargetID) { footnote_expand_reference_container_1130_1(); var l_obj_Target = jQuery('#' + p_str_TargetID); if (l_obj_Target.length) { jQuery( 'html, body' ).delay( 0 ); jQuery('html, body').animate({ scrollTop: l_obj_Target.offset().top - window.innerHeight * 0.2 }, 380); } }<\/script>","protected":false},"excerpt":{"rendered":"","protected":false},"author":1,"featured_media":0,"parent":219,"menu_order":29,"comment_status":"closed","ping_status":"closed","template":"","meta":{"footnotes":""},"class_list":["post-1130","page","type-page","status-publish","hentry"],"_links":{"self":[{"href":"https:\/\/rula.disabilityrightsca.org\/es\/wp-json\/wp\/v2\/pages\/1130","targetHints":{"allow":["GET"]}}],"collection":[{"href":"https:\/\/rula.disabilityrightsca.org\/es\/wp-json\/wp\/v2\/pages"}],"about":[{"href":"https:\/\/rula.disabilityrightsca.org\/es\/wp-json\/wp\/v2\/types\/page"}],"author":[{"embeddable":true,"href":"https:\/\/rula.disabilityrightsca.org\/es\/wp-json\/wp\/v2\/users\/1"}],"replies":[{"embeddable":true,"href":"https:\/\/rula.disabilityrightsca.org\/es\/wp-json\/wp\/v2\/comments?post=1130"}],"version-history":[{"count":7,"href":"https:\/\/rula.disabilityrightsca.org\/es\/wp-json\/wp\/v2\/pages\/1130\/revisions"}],"predecessor-version":[{"id":3794,"href":"https:\/\/rula.disabilityrightsca.org\/es\/wp-json\/wp\/v2\/pages\/1130\/revisions\/3794"}],"up":[{"embeddable":true,"href":"https:\/\/rula.disabilityrightsca.org\/es\/wp-json\/wp\/v2\/pages\/219"}],"wp:attachment":[{"href":"https:\/\/rula.disabilityrightsca.org\/es\/wp-json\/wp\/v2\/media?parent=1130"}],"curies":[{"name":"wp","href":"https:\/\/api.w.org\/{rel}","templated":true}]}}