{"id":1126,"date":"2021-05-13T20:38:30","date_gmt":"2021-05-13T20:38:30","guid":{"rendered":"http:\/\/www.rula.disabilityrightsca.org\/es\/?page_id=1126"},"modified":"2023-07-18T21:49:06","modified_gmt":"2023-07-18T21:49:06","slug":"6-27-pueden-los-centros-regionales-pedir-a-las-familias-que-cambien-los-servicios-de-relevo-por-otros-servicios-del-centro-regional-que-tambien-les-brindan-a-las-familias-un-descanso-de-la-re","status":"publish","type":"page","link":"https:\/\/rula.disabilityrightsca.org\/es\/rula-book\/capitulo-6-mantener-unida-a-la-familia-servicios-y-apoyos-para-ninos\/6-27-pueden-los-centros-regionales-pedir-a-las-familias-que-cambien-los-servicios-de-relevo-por-otros-servicios-del-centro-regional-que-tambien-les-brindan-a-las-familias-un-descanso-de-la-re\/","title":{"rendered":"(6.27) \u00bfQu\u00e9 pasa si el centro regional y yo no podemos ponernos de acuerdo sobre la cantidad de servicio de relevo que necesita nuestra familia?"},"content":{"rendered":"\n<p>Si el centro regional no le da las horas que necesita, puede apelar la decisi\u00f3n. Utilice el Paquete de Audiencias de Relevo para ayudar a prepararse. Debe demostrar al juez por qu\u00e9 necesita m\u00e1s relevo.<\/p>\n\n\n\n<p>Una vez que presente una apelaci\u00f3n, prepare las pruebas que demuestren que necesita m\u00e1s relevo. Usted necesita prueba de:<\/p>\n\n\n\n<ul class=\"wp-block-list\">\n<li>el tipo de cuidado que su hijo necesita,<\/li>\n\n\n\n<li>la frecuencia con la que alguien debe estar con su hijo, y<\/li>\n\n\n\n<li>c\u00f3mo es una semana t\u00edpica de cuidado y supervisi\u00f3n de su hijo.<\/li>\n<\/ul>\n\n\n\n<p>Usted y otros miembros de la familia que cuidan a su hijo deben ir a la audiencia y describirle al juez el cuidado y la supervisi\u00f3n que necesita su hijo. Describa la proporci\u00f3n de cada semana en que su hijo necesita ese tipo de atenci\u00f3n. Describa a qu\u00e9 escuela, trabajo u otras obligaciones y actividades necesarias usted necesita dedicar tiempo cada semana. Si el tiempo necesario para cuidar a su hijo, m\u00e1s el tiempo que necesita para sus otras obligaciones y actividades, le deja poco o ning\u00fan tiempo libre personal, es dif\u00edcil mantenerlo. Esto podr\u00eda poner en peligro su capacidad para mantener al ni\u00f1o en casa. En esta situaci\u00f3n, probablemente necesite m\u00e1s relevo para lograr este importante objetivo de la Ley Lanterman.<\/p>\n\n\n\n<p>Si uno o m\u00e1s miembros de la familia no pueden asistir a la audiencia, deben escribir declaraciones para el juez y declarar que son verdaderas y precisas, bajo pena de perjurio y las leyes del estado de California.<\/p>\n","protected":false},"excerpt":{"rendered":"<p>Si el centro regional no le da las horas que necesita, puede apelar la decisi\u00f3n. Utilice el Paquete de Audiencias de Relevo para ayudar a&hellip;<\/p>\n","protected":false},"author":1,"featured_media":0,"parent":219,"menu_order":27,"comment_status":"closed","ping_status":"closed","template":"","meta":{"footnotes":""},"class_list":["post-1126","page","type-page","status-publish","hentry"],"_links":{"self":[{"href":"https:\/\/rula.disabilityrightsca.org\/es\/wp-json\/wp\/v2\/pages\/1126","targetHints":{"allow":["GET"]}}],"collection":[{"href":"https:\/\/rula.disabilityrightsca.org\/es\/wp-json\/wp\/v2\/pages"}],"about":[{"href":"https:\/\/rula.disabilityrightsca.org\/es\/wp-json\/wp\/v2\/types\/page"}],"author":[{"embeddable":true,"href":"https:\/\/rula.disabilityrightsca.org\/es\/wp-json\/wp\/v2\/users\/1"}],"replies":[{"embeddable":true,"href":"https:\/\/rula.disabilityrightsca.org\/es\/wp-json\/wp\/v2\/comments?post=1126"}],"version-history":[{"count":3,"href":"https:\/\/rula.disabilityrightsca.org\/es\/wp-json\/wp\/v2\/pages\/1126\/revisions"}],"predecessor-version":[{"id":3530,"href":"https:\/\/rula.disabilityrightsca.org\/es\/wp-json\/wp\/v2\/pages\/1126\/revisions\/3530"}],"up":[{"embeddable":true,"href":"https:\/\/rula.disabilityrightsca.org\/es\/wp-json\/wp\/v2\/pages\/219"}],"wp:attachment":[{"href":"https:\/\/rula.disabilityrightsca.org\/es\/wp-json\/wp\/v2\/media?parent=1126"}],"curies":[{"name":"wp","href":"https:\/\/api.w.org\/{rel}","templated":true}]}}