{"id":1124,"date":"2021-05-13T20:37:22","date_gmt":"2021-05-13T20:37:22","guid":{"rendered":"http:\/\/www.rula.disabilityrightsca.org\/es\/?page_id=1124"},"modified":"2023-12-05T00:54:24","modified_gmt":"2023-12-05T00:54:24","slug":"6-26-como-funcionan-los-servicios-de-relevo-junto-con-los-servicios-de-apoyo-en-el-hogar-proporcionados-por-el-condado","status":"publish","type":"page","link":"https:\/\/rula.disabilityrightsca.org\/es\/rula-book\/capitulo-6-mantener-unida-a-la-familia-servicios-y-apoyos-para-ninos\/6-26-como-funcionan-los-servicios-de-relevo-junto-con-los-servicios-de-apoyo-en-el-hogar-proporcionados-por-el-condado\/","title":{"rendered":"(6.26) \u00bfQu\u00e9 pasa si necesitamos m\u00e1s horas de descanso de las que el centro regional considera que necesita nuestra familia?"},"content":{"rendered":"\n<p>Si necesita m\u00e1s horas de las que ofrece el centro regional, debe explicar por qu\u00e9. Escriba su programa semanal y ll\u00e9velo a una reuni\u00f3n de IPP. Incluya todas las actividades de su vida personal y el tiempo que dedica al cuidado de su hijo.<\/p>\n\n\n\n<p>Tenga en cuenta el tiempo que queda. Puede pedir relevo para hacer mandados, actividades con sus otros hijos, ir a la iglesia o tener tiempo libre. Enumere los comportamientos o necesidades m\u00e9dicas de su hijo que requieren toda su atenci\u00f3n (su frecuencia y cu\u00e1nto tiempo implican). Enumere sus propias necesidades.<\/p>\n","protected":false},"excerpt":{"rendered":"<p>Si necesita m\u00e1s horas de las que ofrece el centro regional, debe explicar por qu\u00e9. Escriba su programa semanal y ll\u00e9velo a una reuni\u00f3n de&hellip;<\/p>\n","protected":false},"author":1,"featured_media":0,"parent":219,"menu_order":26,"comment_status":"closed","ping_status":"closed","template":"","meta":{"footnotes":""},"class_list":["post-1124","page","type-page","status-publish","hentry"],"_links":{"self":[{"href":"https:\/\/rula.disabilityrightsca.org\/es\/wp-json\/wp\/v2\/pages\/1124","targetHints":{"allow":["GET"]}}],"collection":[{"href":"https:\/\/rula.disabilityrightsca.org\/es\/wp-json\/wp\/v2\/pages"}],"about":[{"href":"https:\/\/rula.disabilityrightsca.org\/es\/wp-json\/wp\/v2\/types\/page"}],"author":[{"embeddable":true,"href":"https:\/\/rula.disabilityrightsca.org\/es\/wp-json\/wp\/v2\/users\/1"}],"replies":[{"embeddable":true,"href":"https:\/\/rula.disabilityrightsca.org\/es\/wp-json\/wp\/v2\/comments?post=1124"}],"version-history":[{"count":7,"href":"https:\/\/rula.disabilityrightsca.org\/es\/wp-json\/wp\/v2\/pages\/1124\/revisions"}],"predecessor-version":[{"id":3791,"href":"https:\/\/rula.disabilityrightsca.org\/es\/wp-json\/wp\/v2\/pages\/1124\/revisions\/3791"}],"up":[{"embeddable":true,"href":"https:\/\/rula.disabilityrightsca.org\/es\/wp-json\/wp\/v2\/pages\/219"}],"wp:attachment":[{"href":"https:\/\/rula.disabilityrightsca.org\/es\/wp-json\/wp\/v2\/media?parent=1124"}],"curies":[{"name":"wp","href":"https:\/\/api.w.org\/{rel}","templated":true}]}}