{"id":1122,"date":"2021-05-13T20:35:12","date_gmt":"2021-05-13T20:35:12","guid":{"rendered":"http:\/\/www.rula.disabilityrightsca.org\/es\/?page_id=1122"},"modified":"2023-12-05T00:53:25","modified_gmt":"2023-12-05T00:53:25","slug":"6-25-se-puede-capacitar-a-los-proveedores-de-servicios-de-relevo-para-abordar-las-necesidades-medicas-especiales-de-una-persona-con-una-discapacidad-durante-las-horas-de-servicio-de-relevo","status":"publish","type":"page","link":"https:\/\/rula.disabilityrightsca.org\/es\/rula-book\/capitulo-6-mantener-unida-a-la-familia-servicios-y-apoyos-para-ninos\/6-25-se-puede-capacitar-a-los-proveedores-de-servicios-de-relevo-para-abordar-las-necesidades-medicas-especiales-de-una-persona-con-una-discapacidad-durante-las-horas-de-servicio-de-relevo\/","title":{"rendered":"(6.25) \u00bfC\u00f3mo decide un centro regional cu\u00e1nto servicio de relevo se necesita?"},"content":{"rendered":"\n<p>Las metas del relevo son:<\/p>\n\n\n\n<ul class=\"wp-block-list\">\n<li>ayudar a la familia a mantener al ni\u00f1o en casa<\/li>\n\n\n\n<li>proporcionar cuidado y supervisi\u00f3n seguros en ausencia de los miembros de la familia<\/li>\n\n\n\n<li>aliviar a la familia de la responsabilidad demandante y constante que implica el cuidado <\/li>\n\n\n\n<li>para atender las necesidades b\u00e1sicas del ni\u00f1o y las actividades que normalmente brindan los miembros de la familia durante esas horas.<span class=\"footnote_referrer\"><a role=\"button\" tabindex=\"0\" onclick=\"footnote_moveToReference_1122_1('footnote_plugin_reference_1122_1_1');\" onkeypress=\"footnote_moveToReference_1122_1('footnote_plugin_reference_1122_1_1');\" ><sup id=\"footnote_plugin_tooltip_1122_1_1\" class=\"footnote_plugin_tooltip_text\">[1]<\/sup><\/a><span id=\"footnote_plugin_tooltip_text_1122_1_1\" class=\"footnote_tooltip\">Secci\u00f3n 4690.2(a)<\/span><\/span><script type=\"text\/javascript\"> jQuery('#footnote_plugin_tooltip_1122_1_1').tooltip({ tip: '#footnote_plugin_tooltip_text_1122_1_1', tipClass: 'footnote_tooltip', effect: 'fade', predelay: 0, fadeInSpeed: 200, delay: 400, fadeOutSpeed: 200, position: 'top center', relative: true, offset: [-7, 0], });<\/script><\/li>\n<\/ul>\n\n\n\n<p>La cantidad de descanso que necesitas depender\u00e1 de la situaci\u00f3n de tu familia. Es posible que necesite m\u00e1s horas, si es necesario, para permitir que el ni\u00f1o siga viviendo en casa.<\/p>\n<div class=\"speaker-mute footnotes_reference_container\"> <div class=\"footnote_container_prepare\"><p><span role=\"button\" tabindex=\"0\" class=\"footnote_reference_container_label pointer\" onclick=\"footnote_expand_collapse_reference_container_1122_1();\">&#x202F;<\/span><span role=\"button\" tabindex=\"0\" class=\"footnote_reference_container_collapse_button\" style=\"display: none;\" onclick=\"footnote_expand_collapse_reference_container_1122_1();\">[<a id=\"footnote_reference_container_collapse_button_1122_1\">+<\/a>]<\/span><\/p><\/div> <div id=\"footnote_references_container_1122_1\" style=\"\"><table class=\"footnotes_table footnote-reference-container\"><caption class=\"accessibility\">References<\/caption> <tbody> \r\n\r\n<tr class=\"footnotes_plugin_reference_row\"> <th scope=\"row\" class=\"footnote_plugin_index_combi pointer\"  onclick=\"footnote_moveToAnchor_1122_1('footnote_plugin_tooltip_1122_1_1');\"><a id=\"footnote_plugin_reference_1122_1_1\" class=\"footnote_backlink\"><span class=\"footnote_index_arrow\">&#8593;<\/span>1<\/a><\/th> <td class=\"footnote_plugin_text\">Secci\u00f3n 4690.2(a)<\/td><\/tr>\r\n\r\n <\/tbody> <\/table> <\/div><\/div><script type=\"text\/javascript\"> function footnote_expand_reference_container_1122_1() { jQuery('#footnote_references_container_1122_1').show(); jQuery('#footnote_reference_container_collapse_button_1122_1').text('\u2212'); } function footnote_collapse_reference_container_1122_1() { jQuery('#footnote_references_container_1122_1').hide(); jQuery('#footnote_reference_container_collapse_button_1122_1').text('+'); } function footnote_expand_collapse_reference_container_1122_1() { if (jQuery('#footnote_references_container_1122_1').is(':hidden')) { footnote_expand_reference_container_1122_1(); } else { footnote_collapse_reference_container_1122_1(); } } function footnote_moveToReference_1122_1(p_str_TargetID) { footnote_expand_reference_container_1122_1(); var l_obj_Target = jQuery('#' + p_str_TargetID); if (l_obj_Target.length) { jQuery( 'html, body' ).delay( 0 ); jQuery('html, body').animate({ scrollTop: l_obj_Target.offset().top - window.innerHeight * 0.2 }, 380); } } function footnote_moveToAnchor_1122_1(p_str_TargetID) { footnote_expand_reference_container_1122_1(); var l_obj_Target = jQuery('#' + p_str_TargetID); if (l_obj_Target.length) { jQuery( 'html, body' ).delay( 0 ); jQuery('html, body').animate({ scrollTop: l_obj_Target.offset().top - window.innerHeight * 0.2 }, 380); } }<\/script>","protected":false},"excerpt":{"rendered":"<p>Las metas del relevo son: La cantidad de descanso que necesitas depender\u00e1 de la situaci\u00f3n de tu familia. Es posible que necesite m\u00e1s horas, si&hellip;<\/p>\n","protected":false},"author":1,"featured_media":0,"parent":219,"menu_order":25,"comment_status":"closed","ping_status":"closed","template":"","meta":{"footnotes":""},"class_list":["post-1122","page","type-page","status-publish","hentry"],"_links":{"self":[{"href":"https:\/\/rula.disabilityrightsca.org\/es\/wp-json\/wp\/v2\/pages\/1122","targetHints":{"allow":["GET"]}}],"collection":[{"href":"https:\/\/rula.disabilityrightsca.org\/es\/wp-json\/wp\/v2\/pages"}],"about":[{"href":"https:\/\/rula.disabilityrightsca.org\/es\/wp-json\/wp\/v2\/types\/page"}],"author":[{"embeddable":true,"href":"https:\/\/rula.disabilityrightsca.org\/es\/wp-json\/wp\/v2\/users\/1"}],"replies":[{"embeddable":true,"href":"https:\/\/rula.disabilityrightsca.org\/es\/wp-json\/wp\/v2\/comments?post=1122"}],"version-history":[{"count":6,"href":"https:\/\/rula.disabilityrightsca.org\/es\/wp-json\/wp\/v2\/pages\/1122\/revisions"}],"predecessor-version":[{"id":3790,"href":"https:\/\/rula.disabilityrightsca.org\/es\/wp-json\/wp\/v2\/pages\/1122\/revisions\/3790"}],"up":[{"embeddable":true,"href":"https:\/\/rula.disabilityrightsca.org\/es\/wp-json\/wp\/v2\/pages\/219"}],"wp:attachment":[{"href":"https:\/\/rula.disabilityrightsca.org\/es\/wp-json\/wp\/v2\/media?parent=1122"}],"curies":[{"name":"wp","href":"https:\/\/api.w.org\/{rel}","templated":true}]}}