{"id":1120,"date":"2021-05-13T20:32:26","date_gmt":"2021-05-13T20:32:26","guid":{"rendered":"http:\/\/www.rula.disabilityrightsca.org\/es\/?page_id=1120"},"modified":"2023-12-05T00:52:52","modified_gmt":"2023-12-05T00:52:52","slug":"6-24-como-se-convierte-un-miembro-de-la-familia-en-miembro-de-la-familia-proveedor-de-servicios-de-relevo-para-el-centro-regional","status":"publish","type":"page","link":"https:\/\/rula.disabilityrightsca.org\/es\/rula-book\/capitulo-6-mantener-unida-a-la-familia-servicios-y-apoyos-para-ninos\/6-24-como-se-convierte-un-miembro-de-la-familia-en-miembro-de-la-familia-proveedor-de-servicios-de-relevo-para-el-centro-regional\/","title":{"rendered":"(6.24) \u00bfPueden las instalaciones que cuidan a ni\u00f1os con discapacidades del desarrollo u hogares de acogida temporal obtener horas de cuidado de relevo?"},"content":{"rendered":"\n<p>Las instalaciones de cuidado residencial con licencia o certificadas, o los hogares de familias de acogida que ya reciben dinero para brindar atenci\u00f3n y supervisi\u00f3n a personas con discapacidades, no califican para los servicios de relevo.<span class=\"footnote_referrer\"><a role=\"button\" tabindex=\"0\" onclick=\"footnote_moveToReference_1120_1('footnote_plugin_reference_1120_1_1');\" onkeypress=\"footnote_moveToReference_1120_1('footnote_plugin_reference_1120_1_1');\" ><sup id=\"footnote_plugin_tooltip_1120_1_1\" class=\"footnote_plugin_tooltip_text\">[1]<\/sup><\/a><span id=\"footnote_plugin_tooltip_text_1120_1_1\" class=\"footnote_tooltip\">T\u00edtulo 17, C\u00f3digo de Regulaciones de California, secci\u00f3n 54302(a)(29)<\/span><\/span><script type=\"text\/javascript\"> jQuery('#footnote_plugin_tooltip_1120_1_1').tooltip({ tip: '#footnote_plugin_tooltip_text_1120_1_1', tipClass: 'footnote_tooltip', effect: 'fade', predelay: 0, fadeInSpeed: 200, delay: 400, fadeOutSpeed: 200, position: 'top center', relative: true, offset: [-7, 0], });<\/script> Sin embargo, un pariente padre adoptivo que no recibe dinero por actuar como padre de acogida podr\u00eda obtener servicios de relevo.<\/p>\n<div class=\"speaker-mute footnotes_reference_container\"> <div class=\"footnote_container_prepare\"><p><span role=\"button\" tabindex=\"0\" class=\"footnote_reference_container_label pointer\" onclick=\"footnote_expand_collapse_reference_container_1120_1();\">&#x202F;<\/span><span role=\"button\" tabindex=\"0\" class=\"footnote_reference_container_collapse_button\" style=\"display: none;\" onclick=\"footnote_expand_collapse_reference_container_1120_1();\">[<a id=\"footnote_reference_container_collapse_button_1120_1\">+<\/a>]<\/span><\/p><\/div> <div id=\"footnote_references_container_1120_1\" style=\"\"><table class=\"footnotes_table footnote-reference-container\"><caption class=\"accessibility\">References<\/caption> <tbody> \r\n\r\n<tr class=\"footnotes_plugin_reference_row\"> <th scope=\"row\" class=\"footnote_plugin_index_combi pointer\"  onclick=\"footnote_moveToAnchor_1120_1('footnote_plugin_tooltip_1120_1_1');\"><a id=\"footnote_plugin_reference_1120_1_1\" class=\"footnote_backlink\"><span class=\"footnote_index_arrow\">&#8593;<\/span>1<\/a><\/th> <td class=\"footnote_plugin_text\">T\u00edtulo 17, C\u00f3digo de Regulaciones de California, secci\u00f3n 54302(a)(29)<\/td><\/tr>\r\n\r\n <\/tbody> <\/table> <\/div><\/div><script type=\"text\/javascript\"> function footnote_expand_reference_container_1120_1() { jQuery('#footnote_references_container_1120_1').show(); jQuery('#footnote_reference_container_collapse_button_1120_1').text('\u2212'); } function footnote_collapse_reference_container_1120_1() { jQuery('#footnote_references_container_1120_1').hide(); jQuery('#footnote_reference_container_collapse_button_1120_1').text('+'); } function footnote_expand_collapse_reference_container_1120_1() { if (jQuery('#footnote_references_container_1120_1').is(':hidden')) { footnote_expand_reference_container_1120_1(); } else { footnote_collapse_reference_container_1120_1(); } } function footnote_moveToReference_1120_1(p_str_TargetID) { footnote_expand_reference_container_1120_1(); var l_obj_Target = jQuery('#' + p_str_TargetID); if (l_obj_Target.length) { jQuery( 'html, body' ).delay( 0 ); jQuery('html, body').animate({ scrollTop: l_obj_Target.offset().top - window.innerHeight * 0.2 }, 380); } } function footnote_moveToAnchor_1120_1(p_str_TargetID) { footnote_expand_reference_container_1120_1(); var l_obj_Target = jQuery('#' + p_str_TargetID); if (l_obj_Target.length) { jQuery( 'html, body' ).delay( 0 ); jQuery('html, body').animate({ scrollTop: l_obj_Target.offset().top - window.innerHeight * 0.2 }, 380); } }<\/script>","protected":false},"excerpt":{"rendered":"<p>Las instalaciones de cuidado residencial con licencia o certificadas, o los hogares de familias de acogida que ya reciben dinero para brindar atenci\u00f3n y supervisi\u00f3n&hellip;<\/p>\n","protected":false},"author":1,"featured_media":0,"parent":219,"menu_order":24,"comment_status":"closed","ping_status":"closed","template":"","meta":{"footnotes":""},"class_list":["post-1120","page","type-page","status-publish","hentry"],"_links":{"self":[{"href":"https:\/\/rula.disabilityrightsca.org\/es\/wp-json\/wp\/v2\/pages\/1120","targetHints":{"allow":["GET"]}}],"collection":[{"href":"https:\/\/rula.disabilityrightsca.org\/es\/wp-json\/wp\/v2\/pages"}],"about":[{"href":"https:\/\/rula.disabilityrightsca.org\/es\/wp-json\/wp\/v2\/types\/page"}],"author":[{"embeddable":true,"href":"https:\/\/rula.disabilityrightsca.org\/es\/wp-json\/wp\/v2\/users\/1"}],"replies":[{"embeddable":true,"href":"https:\/\/rula.disabilityrightsca.org\/es\/wp-json\/wp\/v2\/comments?post=1120"}],"version-history":[{"count":4,"href":"https:\/\/rula.disabilityrightsca.org\/es\/wp-json\/wp\/v2\/pages\/1120\/revisions"}],"predecessor-version":[{"id":3789,"href":"https:\/\/rula.disabilityrightsca.org\/es\/wp-json\/wp\/v2\/pages\/1120\/revisions\/3789"}],"up":[{"embeddable":true,"href":"https:\/\/rula.disabilityrightsca.org\/es\/wp-json\/wp\/v2\/pages\/219"}],"wp:attachment":[{"href":"https:\/\/rula.disabilityrightsca.org\/es\/wp-json\/wp\/v2\/media?parent=1120"}],"curies":[{"name":"wp","href":"https:\/\/api.w.org\/{rel}","templated":true}]}}