{"id":1116,"date":"2021-05-13T20:27:25","date_gmt":"2021-05-13T20:27:25","guid":{"rendered":"http:\/\/www.rula.disabilityrightsca.org\/es\/?page_id=1116"},"modified":"2023-12-05T00:51:09","modified_gmt":"2023-12-05T00:51:09","slug":"6-22-que-pasa-si-el-centro-regional-y-yo-no-podemos-ponernos-de-acuerdo-sobre-la-cantidad-de-servicio-de-relevo-que-necesita-nuestra-familia","status":"publish","type":"page","link":"https:\/\/rula.disabilityrightsca.org\/es\/rula-book\/capitulo-6-mantener-unida-a-la-familia-servicios-y-apoyos-para-ninos\/6-22-que-pasa-si-el-centro-regional-y-yo-no-podemos-ponernos-de-acuerdo-sobre-la-cantidad-de-servicio-de-relevo-que-necesita-nuestra-familia\/","title":{"rendered":"(6.22) \u00bfQu\u00e9 pasa si el centro regional rechaza mi solicitud de recreaci\u00f3n social u otros servicios relacionados?"},"content":{"rendered":"\n<p>Si el centro regional dice que no, deben darle una notificaci\u00f3n por escrito por correo certificado dentro de los 5 d\u00edas h\u00e1biles. Es ilegal que el centro regional deniegue o cambie un servicio sin notificarlo por escrito. La notificaci\u00f3n del centro regional deber\u00e1 indicarle cu\u00e1les son sus planes y qu\u00e9 leyes respaldan su decisi\u00f3n. Debe explicar sus derechos de apelaci\u00f3n. La notificaci\u00f3n escrita del centro regional debe ser clara y estar redactada en un idioma que usted comprenda.<\/p>\n\n\n\n<p>Sin embargo, puede apelar incluso si el centro regional se niega a enviarle una notificaci\u00f3n.<span class=\"footnote_referrer\"><a role=\"button\" tabindex=\"0\" onclick=\"footnote_moveToReference_1116_1('footnote_plugin_reference_1116_1_1');\" onkeypress=\"footnote_moveToReference_1116_1('footnote_plugin_reference_1116_1_1');\" ><sup id=\"footnote_plugin_tooltip_1116_1_1\" class=\"footnote_plugin_tooltip_text\">[1]<\/sup><\/a><span id=\"footnote_plugin_tooltip_text_1116_1_1\" class=\"footnote_tooltip\">Nota al pie de la Secci\u00f3n 4710(b) del C\u00f3digo de Bienestar e Instituciones.<\/span><\/span><script type=\"text\/javascript\"> jQuery('#footnote_plugin_tooltip_1116_1_1').tooltip({ tip: '#footnote_plugin_tooltip_text_1116_1_1', tipClass: 'footnote_tooltip', effect: 'fade', predelay: 0, fadeInSpeed: 200, delay: 400, fadeOutSpeed: 200, position: 'top center', relative: true, offset: [-7, 0], });<\/script><\/p>\n\n\n\n<p>Para obtener m\u00e1s informaci\u00f3n sobre c\u00f3mo apelar, consulte el <a href=\"https:\/\/rula.disabilityrightsca.org\/es\/rula-book\/capitulo-10-apelaciones-y-reclamos-desacuerdos-con-centros-regionales-centros-de-desarrollo-o-proveedores-de-servicios\/\" data-type=\"URL\" data-id=\"https:\/\/rula.disabilityrightsca.org\/es\/rula-book\/capitulo-10-apelaciones-y-reclamos-desacuerdos-con-centros-regionales-centros-de-desarrollo-o-proveedores-de-servicios\/\">Cap\u00edtulo 10<\/a>.<\/p>\n<div class=\"speaker-mute footnotes_reference_container\"> <div class=\"footnote_container_prepare\"><p><span role=\"button\" tabindex=\"0\" class=\"footnote_reference_container_label pointer\" onclick=\"footnote_expand_collapse_reference_container_1116_1();\">&#x202F;<\/span><span role=\"button\" tabindex=\"0\" class=\"footnote_reference_container_collapse_button\" style=\"display: none;\" onclick=\"footnote_expand_collapse_reference_container_1116_1();\">[<a id=\"footnote_reference_container_collapse_button_1116_1\">+<\/a>]<\/span><\/p><\/div> <div id=\"footnote_references_container_1116_1\" style=\"\"><table class=\"footnotes_table footnote-reference-container\"><caption class=\"accessibility\">References<\/caption> <tbody> \r\n\r\n<tr class=\"footnotes_plugin_reference_row\"> <th scope=\"row\" class=\"footnote_plugin_index_combi pointer\"  onclick=\"footnote_moveToAnchor_1116_1('footnote_plugin_tooltip_1116_1_1');\"><a id=\"footnote_plugin_reference_1116_1_1\" class=\"footnote_backlink\"><span class=\"footnote_index_arrow\">&#8593;<\/span>1<\/a><\/th> <td class=\"footnote_plugin_text\">Nota al pie de la Secci\u00f3n 4710(b) del C\u00f3digo de Bienestar e Instituciones.<\/td><\/tr>\r\n\r\n <\/tbody> <\/table> <\/div><\/div><script type=\"text\/javascript\"> function footnote_expand_reference_container_1116_1() { jQuery('#footnote_references_container_1116_1').show(); jQuery('#footnote_reference_container_collapse_button_1116_1').text('\u2212'); } function footnote_collapse_reference_container_1116_1() { jQuery('#footnote_references_container_1116_1').hide(); jQuery('#footnote_reference_container_collapse_button_1116_1').text('+'); } function footnote_expand_collapse_reference_container_1116_1() { if (jQuery('#footnote_references_container_1116_1').is(':hidden')) { footnote_expand_reference_container_1116_1(); } else { footnote_collapse_reference_container_1116_1(); } } function footnote_moveToReference_1116_1(p_str_TargetID) { footnote_expand_reference_container_1116_1(); var l_obj_Target = jQuery('#' + p_str_TargetID); if (l_obj_Target.length) { jQuery( 'html, body' ).delay( 0 ); jQuery('html, body').animate({ scrollTop: l_obj_Target.offset().top - window.innerHeight * 0.2 }, 380); } } function footnote_moveToAnchor_1116_1(p_str_TargetID) { footnote_expand_reference_container_1116_1(); var l_obj_Target = jQuery('#' + p_str_TargetID); if (l_obj_Target.length) { jQuery( 'html, body' ).delay( 0 ); jQuery('html, body').animate({ scrollTop: l_obj_Target.offset().top - window.innerHeight * 0.2 }, 380); } }<\/script>","protected":false},"excerpt":{"rendered":"<p>Si el centro regional dice que no, deben darle una notificaci\u00f3n por escrito por correo certificado dentro de los 5 d\u00edas h\u00e1biles. Es ilegal que&hellip;<\/p>\n","protected":false},"author":1,"featured_media":0,"parent":219,"menu_order":22,"comment_status":"closed","ping_status":"closed","template":"","meta":{"footnotes":""},"class_list":["post-1116","page","type-page","status-publish","hentry"],"_links":{"self":[{"href":"https:\/\/rula.disabilityrightsca.org\/es\/wp-json\/wp\/v2\/pages\/1116","targetHints":{"allow":["GET"]}}],"collection":[{"href":"https:\/\/rula.disabilityrightsca.org\/es\/wp-json\/wp\/v2\/pages"}],"about":[{"href":"https:\/\/rula.disabilityrightsca.org\/es\/wp-json\/wp\/v2\/types\/page"}],"author":[{"embeddable":true,"href":"https:\/\/rula.disabilityrightsca.org\/es\/wp-json\/wp\/v2\/users\/1"}],"replies":[{"embeddable":true,"href":"https:\/\/rula.disabilityrightsca.org\/es\/wp-json\/wp\/v2\/comments?post=1116"}],"version-history":[{"count":5,"href":"https:\/\/rula.disabilityrightsca.org\/es\/wp-json\/wp\/v2\/pages\/1116\/revisions"}],"predecessor-version":[{"id":3787,"href":"https:\/\/rula.disabilityrightsca.org\/es\/wp-json\/wp\/v2\/pages\/1116\/revisions\/3787"}],"up":[{"embeddable":true,"href":"https:\/\/rula.disabilityrightsca.org\/es\/wp-json\/wp\/v2\/pages\/219"}],"wp:attachment":[{"href":"https:\/\/rula.disabilityrightsca.org\/es\/wp-json\/wp\/v2\/media?parent=1116"}],"curies":[{"name":"wp","href":"https:\/\/api.w.org\/{rel}","templated":true}]}}