{"id":1110,"date":"2021-05-13T20:23:41","date_gmt":"2021-05-13T20:23:41","guid":{"rendered":"http:\/\/www.rula.disabilityrightsca.org\/es\/?page_id=1110"},"modified":"2023-07-18T21:41:46","modified_gmt":"2023-07-18T21:41:46","slug":"6-19-pueden-las-instalaciones-que-cuidan-a-ninos-con-discapacidades-del-desarrollo-u-hogares-de-acogida-temporal-obtener-horas-de-cuidado-de-relevo","status":"publish","type":"page","link":"https:\/\/rula.disabilityrightsca.org\/es\/rula-book\/capitulo-6-mantener-unida-a-la-familia-servicios-y-apoyos-para-ninos\/6-19-pueden-las-instalaciones-que-cuidan-a-ninos-con-discapacidades-del-desarrollo-u-hogares-de-acogida-temporal-obtener-horas-de-cuidado-de-relevo\/","title":{"rendered":"(6.19) \u00bfC\u00f3mo deciden los centros regionales qui\u00e9n recibe servicios como campamentos, recreaci\u00f3n social, terapias no m\u00e9dicas y educaci\u00f3n?"},"content":{"rendered":"\n<p>Su IPP debe explicar por qu\u00e9 necesita estos servicios. Cuando los centros regionales toman decisiones sobre qu\u00e9 servicios aprobar, consideran las siguientes preguntas:<\/p>\n\n\n\n<ol class=\"wp-block-list\" type=\"1\">\n<li>\u00bfNecesita el servicio debido a una discapacidad del desarrollo?<\/li>\n\n\n\n<li>\u00bfEste servicio reducir\u00e1 los efectos de la discapacidad del desarrollo?<\/li>\n\n\n\n<li>\u00bfEl servicio lo ayudar\u00e1 a tener una vida normal, independiente y productiva, o lo ayudar\u00e1 a aprender una nueva habilidad de manera adecuada?<\/li>\n<\/ol>\n\n\n\n<p>Los centros regionales tambi\u00e9n tienen pautas llamadas Pol\u00edticas de adquisici\u00f3n de servicios (POS, por sus siglas en ingl\u00e9s) que explican c\u00f3mo toman decisiones acerca de los gastos para diferentes servicios. Las POS ayudan a explicar las reglas para recibir servicios. Sin embargo, estas pol\u00edticas no pueden infringir la Ley Lanterman.<\/p>\n\n\n\n<p>Las POS para cada centro regional son diferentes, y el DDS debe aprobarlas. [Nota al pie de la Secci\u00f3n 4434(d) del C\u00f3digo de Bienestar e Instituciones.] Solicite a su centro regional que revise su Pol\u00edtica de adquisici\u00f3n de servicios sobre campamentos, recreaci\u00f3n social y servicios relacionados. Cada centro regional debe incluir sus Pol\u00edticas de adquisici\u00f3n de servicios en su sitio web.<\/p>\n","protected":false},"excerpt":{"rendered":"<p>Su IPP debe explicar por qu\u00e9 necesita estos servicios. Cuando los centros regionales toman decisiones sobre qu\u00e9 servicios aprobar, consideran las siguientes preguntas: Los centros&hellip;<\/p>\n","protected":false},"author":1,"featured_media":0,"parent":219,"menu_order":19,"comment_status":"closed","ping_status":"closed","template":"","meta":{"footnotes":""},"class_list":["post-1110","page","type-page","status-publish","hentry"],"_links":{"self":[{"href":"https:\/\/rula.disabilityrightsca.org\/es\/wp-json\/wp\/v2\/pages\/1110","targetHints":{"allow":["GET"]}}],"collection":[{"href":"https:\/\/rula.disabilityrightsca.org\/es\/wp-json\/wp\/v2\/pages"}],"about":[{"href":"https:\/\/rula.disabilityrightsca.org\/es\/wp-json\/wp\/v2\/types\/page"}],"author":[{"embeddable":true,"href":"https:\/\/rula.disabilityrightsca.org\/es\/wp-json\/wp\/v2\/users\/1"}],"replies":[{"embeddable":true,"href":"https:\/\/rula.disabilityrightsca.org\/es\/wp-json\/wp\/v2\/comments?post=1110"}],"version-history":[{"count":3,"href":"https:\/\/rula.disabilityrightsca.org\/es\/wp-json\/wp\/v2\/pages\/1110\/revisions"}],"predecessor-version":[{"id":3521,"href":"https:\/\/rula.disabilityrightsca.org\/es\/wp-json\/wp\/v2\/pages\/1110\/revisions\/3521"}],"up":[{"embeddable":true,"href":"https:\/\/rula.disabilityrightsca.org\/es\/wp-json\/wp\/v2\/pages\/219"}],"wp:attachment":[{"href":"https:\/\/rula.disabilityrightsca.org\/es\/wp-json\/wp\/v2\/media?parent=1110"}],"curies":[{"name":"wp","href":"https:\/\/api.w.org\/{rel}","templated":true}]}}