{"id":1108,"date":"2021-05-13T20:17:40","date_gmt":"2021-05-13T20:17:40","guid":{"rendered":"http:\/\/www.rula.disabilityrightsca.org\/es\/?page_id=1108"},"modified":"2023-12-05T00:46:36","modified_gmt":"2023-12-05T00:46:36","slug":"6-18-hay-servicios-de-relevo-disponibles-para-las-familias-para-ayudarles-a-mantener-a-sus-hijos-con-discapacidades-en-casa","status":"publish","type":"page","link":"https:\/\/rula.disabilityrightsca.org\/es\/rula-book\/capitulo-6-mantener-unida-a-la-familia-servicios-y-apoyos-para-ninos\/6-18-hay-servicios-de-relevo-disponibles-para-las-familias-para-ayudarles-a-mantener-a-sus-hijos-con-discapacidades-en-casa\/","title":{"rendered":"(6.18) \u00bfQu\u00e9 dice el Departamento de Servicios de Desarrollo sobre la restauraci\u00f3n de los servicios de campamentos, recreaci\u00f3n social y otros servicios relacionados?"},"content":{"rendered":"\n<p>El Departamento de Servicios de Desarrollo es el organismo estatal a cargo de los 21 centros regionales. Esta agencia tambi\u00e9n se denomina DDS (por sus siglas en ingl\u00e9s) y tiene el poder de indicarle a los centros regionales qu\u00e9 hacer. Una forma en que el DDS les indica a los centros regionales qu\u00e9 hacer es enviando \u00f3rdenes e instrucciones, llamadas \u201cdirectrices\u201d.<\/p>\n\n\n\n<p>En una carta del 7 de octubre de 2021, el DDS le indic\u00f3 a cada centro regional que se debe informar a los coordinadores de servicios y al p\u00fablico sobre este cambio en la ley. Tambi\u00e9n se debe encontrar consumidores del centro regional que puedan necesitar y desear estos servicios. El DDS le indic\u00f3 a los centros regionales que deben esforzarse para informar a las comunidades de color que no hablan ingl\u00e9s. Pagar por la recreaci\u00f3n social y otros servicios relacionados puede ayudar a reducir las disparidades en los gastos del centro regional para las personas de color de bajos recursos. <\/p>\n\n\n\n<p>Puede encontrar esta directiva en el sitio web del DDS:<a href=\"https:\/\/www.dds.ca.gov\/wp-content\/uploads\/2021\/10\/Restoration-of-Camping-Social-Recreation-and-Other-Services.pdf\"> https:\/\/www.dds.ca.gov\/wp-content\/uploads\/2021\/10\/Restoration-of-Camping-Social-Recreation-and-Other-Services.pdf<\/a><\/p>\n","protected":false},"excerpt":{"rendered":"<p>El Departamento de Servicios de Desarrollo es el organismo estatal a cargo de los 21 centros regionales. Esta agencia tambi\u00e9n se denomina DDS (por sus&hellip;<\/p>\n","protected":false},"author":1,"featured_media":0,"parent":219,"menu_order":18,"comment_status":"closed","ping_status":"closed","template":"","meta":{"footnotes":""},"class_list":["post-1108","page","type-page","status-publish","hentry"],"_links":{"self":[{"href":"https:\/\/rula.disabilityrightsca.org\/es\/wp-json\/wp\/v2\/pages\/1108","targetHints":{"allow":["GET"]}}],"collection":[{"href":"https:\/\/rula.disabilityrightsca.org\/es\/wp-json\/wp\/v2\/pages"}],"about":[{"href":"https:\/\/rula.disabilityrightsca.org\/es\/wp-json\/wp\/v2\/types\/page"}],"author":[{"embeddable":true,"href":"https:\/\/rula.disabilityrightsca.org\/es\/wp-json\/wp\/v2\/users\/1"}],"replies":[{"embeddable":true,"href":"https:\/\/rula.disabilityrightsca.org\/es\/wp-json\/wp\/v2\/comments?post=1108"}],"version-history":[{"count":5,"href":"https:\/\/rula.disabilityrightsca.org\/es\/wp-json\/wp\/v2\/pages\/1108\/revisions"}],"predecessor-version":[{"id":3783,"href":"https:\/\/rula.disabilityrightsca.org\/es\/wp-json\/wp\/v2\/pages\/1108\/revisions\/3783"}],"up":[{"embeddable":true,"href":"https:\/\/rula.disabilityrightsca.org\/es\/wp-json\/wp\/v2\/pages\/219"}],"wp:attachment":[{"href":"https:\/\/rula.disabilityrightsca.org\/es\/wp-json\/wp\/v2\/media?parent=1108"}],"curies":[{"name":"wp","href":"https:\/\/api.w.org\/{rel}","templated":true}]}}