{"id":1106,"date":"2021-05-13T20:15:53","date_gmt":"2021-05-13T20:15:53","guid":{"rendered":"http:\/\/www.rula.disabilityrightsca.org\/es\/?page_id=1106"},"modified":"2023-07-18T21:40:37","modified_gmt":"2023-07-18T21:40:37","slug":"6-17-puede-el-centro-regional-pagar-el-campamento-y-los-servicios-de-recreacion-social-y-los-servicios-educativos-y-las-terapias-no-medicas","status":"publish","type":"page","link":"https:\/\/rula.disabilityrightsca.org\/es\/rula-book\/capitulo-6-mantener-unida-a-la-familia-servicios-y-apoyos-para-ninos\/6-17-puede-el-centro-regional-pagar-el-campamento-y-los-servicios-de-recreacion-social-y-los-servicios-educativos-y-las-terapias-no-medicas\/","title":{"rendered":"(6.17) \u00bfEl centro regional puede pagar el campamento y los servicios de recreaci\u00f3n social? \u00bfY los servicios educativos y las terapias no m\u00e9dicas?"},"content":{"rendered":"\n<p>S\u00ed. A partir del mes de julio de 2021, los centros regionales pueden pagar lo siguiente:<\/p>\n\n\n\n<ol class=\"wp-block-list\" type=\"1\">\n<li>Servicios de campamentos y gastos de viajes relacionados.<\/li>\n\n\n\n<li>Actividades recreativas sociales, excepto las actividades proporcionadas como programas diurnos basados en la comunidad.<\/li>\n\n\n\n<li>Servicios educativos para ni\u00f1os de 3 a 17 a\u00f1os.<\/li>\n\n\n\n<li>Terapias no m\u00e9dicas, que incluyen, entre otras actividades, recreaci\u00f3n especializada, arte, baile y m\u00fasica.<\/li>\n<\/ol>\n\n\n\n<p>Estos servicios se \u201csuspendieron\u201d en 2009 porque los centros regionales no pod\u00edan pagarlos. California tuvo una emergencia financiera y los centros regionales tuvieron que dejar de pagar estos servicios.<\/p>\n\n\n\n<p>De todos modos, la suspensi\u00f3n se ha anulado despu\u00e9s de una modificaci\u00f3n en la ley. Los centros regionales pueden pagar nuevamente los campamentos, servicios de recreaci\u00f3n social, servicios educativos y las terapias no m\u00e9dicas.<\/p>\n\n\n\n<p>Los servicios de campamento pueden incluir campamentos diurnos, campamentos nocturnos y viajes. Algunos ejemplos de servicios de recreaci\u00f3n social son la nataci\u00f3n y la equitaci\u00f3n. Los servicios educativos son para ni\u00f1os de 3 a 17 a\u00f1os. Las terapias no m\u00e9dicas pueden incluir recreaci\u00f3n especializada, arte, danza y m\u00fasica. Para pedirle al centro regional que financie cualquiera de estos servicios, solicite una reuni\u00f3n del IPP para hablar sobre sus necesidades y objetivos.<\/p>\n","protected":false},"excerpt":{"rendered":"<p>S\u00ed. A partir del mes de julio de 2021, los centros regionales pueden pagar lo siguiente: Estos servicios se \u201csuspendieron\u201d en 2009 porque los centros&hellip;<\/p>\n","protected":false},"author":1,"featured_media":0,"parent":219,"menu_order":17,"comment_status":"closed","ping_status":"closed","template":"","meta":{"footnotes":""},"class_list":["post-1106","page","type-page","status-publish","hentry"],"_links":{"self":[{"href":"https:\/\/rula.disabilityrightsca.org\/es\/wp-json\/wp\/v2\/pages\/1106","targetHints":{"allow":["GET"]}}],"collection":[{"href":"https:\/\/rula.disabilityrightsca.org\/es\/wp-json\/wp\/v2\/pages"}],"about":[{"href":"https:\/\/rula.disabilityrightsca.org\/es\/wp-json\/wp\/v2\/types\/page"}],"author":[{"embeddable":true,"href":"https:\/\/rula.disabilityrightsca.org\/es\/wp-json\/wp\/v2\/users\/1"}],"replies":[{"embeddable":true,"href":"https:\/\/rula.disabilityrightsca.org\/es\/wp-json\/wp\/v2\/comments?post=1106"}],"version-history":[{"count":5,"href":"https:\/\/rula.disabilityrightsca.org\/es\/wp-json\/wp\/v2\/pages\/1106\/revisions"}],"predecessor-version":[{"id":3519,"href":"https:\/\/rula.disabilityrightsca.org\/es\/wp-json\/wp\/v2\/pages\/1106\/revisions\/3519"}],"up":[{"embeddable":true,"href":"https:\/\/rula.disabilityrightsca.org\/es\/wp-json\/wp\/v2\/pages\/219"}],"wp:attachment":[{"href":"https:\/\/rula.disabilityrightsca.org\/es\/wp-json\/wp\/v2\/media?parent=1106"}],"curies":[{"name":"wp","href":"https:\/\/api.w.org\/{rel}","templated":true}]}}