{"id":1104,"date":"2021-05-13T20:00:16","date_gmt":"2021-05-13T20:00:16","guid":{"rendered":"http:\/\/www.rula.disabilityrightsca.org\/es\/?page_id=1104"},"modified":"2023-12-05T16:29:04","modified_gmt":"2023-12-05T16:29:04","slug":"6-16-existen-reglas-o-requisitos-especiales-para-ciertos-servicios-del-centro-regional","status":"publish","type":"page","link":"https:\/\/rula.disabilityrightsca.org\/es\/rula-book\/capitulo-6-mantener-unida-a-la-familia-servicios-y-apoyos-para-ninos\/6-16-existen-reglas-o-requisitos-especiales-para-ciertos-servicios-del-centro-regional\/","title":{"rendered":"(6.16) \u00bfExisten reglas o requisitos especiales para ciertos servicios del centro regional?"},"content":{"rendered":"\n<p>Los padres deben conocer las partes de la Ley Lanterman sobre los servicios que los ni\u00f1os con discapacidades a menudo necesitan.<\/p>\n\n\n\n<p><strong>Servicios de transporte<\/strong><strong><\/strong><\/p>\n\n\n\n<p>Para un ni\u00f1o menor de edad que vive con su familia, el centro regional pagar\u00e1 el transporte solo cuando la familia no pueda proporcion\u00e1rselo. Si necesita que el centro regional pague el transporte, proporcione informaci\u00f3n escrita, como una carta breve, al centro regional explicando el motivo. <span class=\"footnote_referrer\"><a role=\"button\" tabindex=\"0\" onclick=\"footnote_moveToReference_1104_1('footnote_plugin_reference_1104_1_1');\" onkeypress=\"footnote_moveToReference_1104_1('footnote_plugin_reference_1104_1_1');\" ><sup id=\"footnote_plugin_tooltip_1104_1_1\" class=\"footnote_plugin_tooltip_text\">[1]<\/sup><\/a><span id=\"footnote_plugin_tooltip_text_1104_1_1\" class=\"footnote_tooltip\">Secci\u00f3n 4648.35(d).<\/span><\/span><script type=\"text\/javascript\"> jQuery('#footnote_plugin_tooltip_1104_1_1').tooltip({ tip: '#footnote_plugin_tooltip_text_1104_1_1', tipClass: 'footnote_tooltip', effect: 'fade', predelay: 0, fadeInSpeed: 200, delay: 400, fadeOutSpeed: 200, position: 'top center', relative: true, offset: [-7, 0], });<\/script><\/p>\n\n\n\n<p><strong>Pa\u00f1ales<\/strong><strong><\/strong><\/p>\n\n\n\n<p>El centro regional puede pagar los pa\u00f1ales para ni\u00f1os con discapacidades de desarrollo de tres a\u00f1os en adelante. Un centro regional puede pagar los pa\u00f1ales para ni\u00f1os menores de tres a\u00f1os si la familia puede demostrar que es necesario para que el ni\u00f1o pueda continuar viviendo en casa. <span class=\"footnote_referrer\"><a role=\"button\" tabindex=\"0\" onclick=\"footnote_moveToReference_1104_1('footnote_plugin_reference_1104_1_2');\" onkeypress=\"footnote_moveToReference_1104_1('footnote_plugin_reference_1104_1_2');\" ><sup id=\"footnote_plugin_tooltip_1104_1_2\" class=\"footnote_plugin_tooltip_text\">[2]<\/sup><\/a><span id=\"footnote_plugin_tooltip_text_1104_1_2\" class=\"footnote_tooltip\">Secci\u00f3n 4685(c)(7)<\/span><\/span><script type=\"text\/javascript\"> jQuery('#footnote_plugin_tooltip_1104_1_2').tooltip({ tip: '#footnote_plugin_tooltip_text_1104_1_2', tipClass: 'footnote_tooltip', effect: 'fade', predelay: 0, fadeInSpeed: 200, delay: 400, fadeOutSpeed: 200, position: 'top center', relative: true, offset: [-7, 0], });<\/script><\/p>\n\n\n\n<p><strong>Servicios Conductuales y ABA (An\u00e1lisis conductual aplicado)<\/strong><strong><\/strong> Los servicios de comportamiento o ABA (An\u00e1lisis conductual aplicado) a veces son financiados por los centros regionales. La ley requiere que use Medi-Cal, seguros privados y fondos escolares para servicios conductuales antes de que el centro regional los pague. Hable con su coordinador de servicios sobre c\u00f3mo obtener servicios conductuales de Medi-Cal, un seguro privado, la escuela o el centro regional para su hijo. Consulte la publicaci\u00f3n de Disability Rights California sobre&nbsp;\u201cAcceso a la terapia ABA\u201d.<\/p>\n<div class=\"speaker-mute footnotes_reference_container\"> <div class=\"footnote_container_prepare\"><p><span role=\"button\" tabindex=\"0\" class=\"footnote_reference_container_label pointer\" onclick=\"footnote_expand_collapse_reference_container_1104_1();\">&#x202F;<\/span><span role=\"button\" tabindex=\"0\" class=\"footnote_reference_container_collapse_button\" style=\"display: none;\" onclick=\"footnote_expand_collapse_reference_container_1104_1();\">[<a id=\"footnote_reference_container_collapse_button_1104_1\">+<\/a>]<\/span><\/p><\/div> <div id=\"footnote_references_container_1104_1\" style=\"\"><table class=\"footnotes_table footnote-reference-container\"><caption class=\"accessibility\">References<\/caption> <tbody> \r\n\r\n<tr class=\"footnotes_plugin_reference_row\"> <th scope=\"row\" class=\"footnote_plugin_index_combi pointer\"  onclick=\"footnote_moveToAnchor_1104_1('footnote_plugin_tooltip_1104_1_1');\"><a id=\"footnote_plugin_reference_1104_1_1\" class=\"footnote_backlink\"><span class=\"footnote_index_arrow\">&#8593;<\/span>1<\/a><\/th> <td class=\"footnote_plugin_text\">Secci\u00f3n 4648.35(d).<\/td><\/tr>\r\n\r\n<tr class=\"footnotes_plugin_reference_row\"> <th scope=\"row\" class=\"footnote_plugin_index_combi pointer\"  onclick=\"footnote_moveToAnchor_1104_1('footnote_plugin_tooltip_1104_1_2');\"><a id=\"footnote_plugin_reference_1104_1_2\" class=\"footnote_backlink\"><span class=\"footnote_index_arrow\">&#8593;<\/span>2<\/a><\/th> <td class=\"footnote_plugin_text\">Secci\u00f3n 4685(c)(7)<\/td><\/tr>\r\n\r\n <\/tbody> <\/table> <\/div><\/div><script type=\"text\/javascript\"> function footnote_expand_reference_container_1104_1() { jQuery('#footnote_references_container_1104_1').show(); jQuery('#footnote_reference_container_collapse_button_1104_1').text('\u2212'); } function footnote_collapse_reference_container_1104_1() { jQuery('#footnote_references_container_1104_1').hide(); jQuery('#footnote_reference_container_collapse_button_1104_1').text('+'); } function footnote_expand_collapse_reference_container_1104_1() { if (jQuery('#footnote_references_container_1104_1').is(':hidden')) { footnote_expand_reference_container_1104_1(); } else { footnote_collapse_reference_container_1104_1(); } } function footnote_moveToReference_1104_1(p_str_TargetID) { footnote_expand_reference_container_1104_1(); var l_obj_Target = jQuery('#' + p_str_TargetID); if (l_obj_Target.length) { jQuery( 'html, body' ).delay( 0 ); jQuery('html, body').animate({ scrollTop: l_obj_Target.offset().top - window.innerHeight * 0.2 }, 380); } } function footnote_moveToAnchor_1104_1(p_str_TargetID) { footnote_expand_reference_container_1104_1(); var l_obj_Target = jQuery('#' + p_str_TargetID); if (l_obj_Target.length) { jQuery( 'html, body' ).delay( 0 ); jQuery('html, body').animate({ scrollTop: l_obj_Target.offset().top - window.innerHeight * 0.2 }, 380); } }<\/script>","protected":false},"excerpt":{"rendered":"<p>Los padres deben conocer las partes de la Ley Lanterman sobre los servicios que los ni\u00f1os con discapacidades a menudo necesitan. Servicios de transporte Para&hellip;<\/p>\n","protected":false},"author":1,"featured_media":0,"parent":219,"menu_order":16,"comment_status":"closed","ping_status":"closed","template":"","meta":{"footnotes":""},"class_list":["post-1104","page","type-page","status-publish","hentry"],"_links":{"self":[{"href":"https:\/\/rula.disabilityrightsca.org\/es\/wp-json\/wp\/v2\/pages\/1104","targetHints":{"allow":["GET"]}}],"collection":[{"href":"https:\/\/rula.disabilityrightsca.org\/es\/wp-json\/wp\/v2\/pages"}],"about":[{"href":"https:\/\/rula.disabilityrightsca.org\/es\/wp-json\/wp\/v2\/types\/page"}],"author":[{"embeddable":true,"href":"https:\/\/rula.disabilityrightsca.org\/es\/wp-json\/wp\/v2\/users\/1"}],"replies":[{"embeddable":true,"href":"https:\/\/rula.disabilityrightsca.org\/es\/wp-json\/wp\/v2\/comments?post=1104"}],"version-history":[{"count":6,"href":"https:\/\/rula.disabilityrightsca.org\/es\/wp-json\/wp\/v2\/pages\/1104\/revisions"}],"predecessor-version":[{"id":3798,"href":"https:\/\/rula.disabilityrightsca.org\/es\/wp-json\/wp\/v2\/pages\/1104\/revisions\/3798"}],"up":[{"embeddable":true,"href":"https:\/\/rula.disabilityrightsca.org\/es\/wp-json\/wp\/v2\/pages\/219"}],"wp:attachment":[{"href":"https:\/\/rula.disabilityrightsca.org\/es\/wp-json\/wp\/v2\/media?parent=1104"}],"curies":[{"name":"wp","href":"https:\/\/api.w.org\/{rel}","templated":true}]}}