{"id":1102,"date":"2021-05-13T19:56:20","date_gmt":"2021-05-13T19:56:20","guid":{"rendered":"http:\/\/www.rula.disabilityrightsca.org\/es\/?page_id=1102"},"modified":"2023-12-05T00:44:59","modified_gmt":"2023-12-05T00:44:59","slug":"6-15-que-servicios-de-apoyo-familiar-pueden-brindar-los-centros-regionales-para-ayudar-a-las-familias-a-cuidar-a-sus-hijos-en-casa","status":"publish","type":"page","link":"https:\/\/rula.disabilityrightsca.org\/es\/rula-book\/capitulo-6-mantener-unida-a-la-familia-servicios-y-apoyos-para-ninos\/6-15-que-servicios-de-apoyo-familiar-pueden-brindar-los-centros-regionales-para-ayudar-a-las-familias-a-cuidar-a-sus-hijos-en-casa\/","title":{"rendered":"(6.15) \u00bfQu\u00e9 servicios de apoyo familiar pueden brindar los centros regionales para ayudar a las familias a cuidar a sus hijos en casa?"},"content":{"rendered":"\n<p>Estos son algunos servicios y apoyos que su hijo puede recibir:<\/p>\n\n\n\n<ul class=\"wp-block-list\">\n<li>Relevo para los cuidadores, ya sea dentro o fuera del hogar de guarder\u00eda<\/li>\n\n\n\n<li>Pa\u00f1ales<\/li>\n\n\n\n<li>Intervenci\u00f3n de emergencia y crisis<\/li>\n\n\n\n<li>Capacitaci\u00f3n especial para padres de ni\u00f1os con discapacidades del desarrollo y padres con discapacidades del desarrollo. Equipos adaptables como sillas de ruedas y camas de hospital.<\/li>\n\n\n\n<li>Defensor\u00eda legal (incluida la capacitaci\u00f3n para defenderse a s\u00ed mismo), facilitaci\u00f3n, defensores de pares y ayuda para obtener asistencia social, servicios educativos y beneficios p\u00fablicos como<ul><li>Servicios para Ni\u00f1os de California (CCS)<\/li><\/ul><ul><li>Servicios de Apoyo en el Hogar (IHSS)<\/li><\/ul><ul><li>Ingreso de Seguridad Suplementario (SSI)<\/li><\/ul>\n<ul class=\"wp-block-list\">\n<li>Medi-Cal<\/li>\n<\/ul>\n<\/li>\n\n\n\n<li>Programas de entrenamiento y modificaci\u00f3n de la conducta. Campamentos<\/li>\n\n\n\n<li>Dispositivos de comunicaci\u00f3n y otros electrodom\u00e9sticos y suministros que usted necesita<\/li>\n\n\n\n<li>Servicios de integraci\u00f3n comunitaria Asesoramiento<\/li>\n\n\n\n<li>C\u00edrculos de apoyo facilitadores<\/li>\n\n\n\n<li>Programas de intervenci\u00f3n temprana, como estimulaci\u00f3n infantil<\/li>\n\n\n\n<li>Servicios de salud mental<\/li>\n\n\n\n<li>Entrenamiento de habilidades sociales<\/li>\n\n\n\n<li>Atenci\u00f3n m\u00e9dica y dental especializada<\/li>\n\n\n\n<li>Transporte para asegurarse de que las personas con discapacidades del desarrollo obtengan sus servicios<span class=\"footnote_referrer\"><a role=\"button\" tabindex=\"0\" onclick=\"footnote_moveToReference_1102_1('footnote_plugin_reference_1102_1_1');\" onkeypress=\"footnote_moveToReference_1102_1('footnote_plugin_reference_1102_1_1');\" ><sup id=\"footnote_plugin_tooltip_1102_1_1\" class=\"footnote_plugin_tooltip_text\">[1]<\/sup><\/a><span id=\"footnote_plugin_tooltip_text_1102_1_1\" class=\"footnote_tooltip\">Secci\u00f3n 4512(b)<\/span><\/span><script type=\"text\/javascript\"> jQuery('#footnote_plugin_tooltip_1102_1_1').tooltip({ tip: '#footnote_plugin_tooltip_text_1102_1_1', tipClass: 'footnote_tooltip', effect: 'fade', predelay: 0, fadeInSpeed: 200, delay: 400, fadeOutSpeed: 200, position: 'top center', relative: true, offset: [-7, 0], });<\/script><\/li>\n<\/ul>\n<div class=\"speaker-mute footnotes_reference_container\"> <div class=\"footnote_container_prepare\"><p><span role=\"button\" tabindex=\"0\" class=\"footnote_reference_container_label pointer\" onclick=\"footnote_expand_collapse_reference_container_1102_1();\">&#x202F;<\/span><span role=\"button\" tabindex=\"0\" class=\"footnote_reference_container_collapse_button\" style=\"display: none;\" onclick=\"footnote_expand_collapse_reference_container_1102_1();\">[<a id=\"footnote_reference_container_collapse_button_1102_1\">+<\/a>]<\/span><\/p><\/div> <div id=\"footnote_references_container_1102_1\" style=\"\"><table class=\"footnotes_table footnote-reference-container\"><caption class=\"accessibility\">References<\/caption> <tbody> \r\n\r\n<tr class=\"footnotes_plugin_reference_row\"> <th scope=\"row\" class=\"footnote_plugin_index_combi pointer\"  onclick=\"footnote_moveToAnchor_1102_1('footnote_plugin_tooltip_1102_1_1');\"><a id=\"footnote_plugin_reference_1102_1_1\" class=\"footnote_backlink\"><span class=\"footnote_index_arrow\">&#8593;<\/span>1<\/a><\/th> <td class=\"footnote_plugin_text\">Secci\u00f3n 4512(b)<\/td><\/tr>\r\n\r\n <\/tbody> <\/table> <\/div><\/div><script type=\"text\/javascript\"> function footnote_expand_reference_container_1102_1() { jQuery('#footnote_references_container_1102_1').show(); jQuery('#footnote_reference_container_collapse_button_1102_1').text('\u2212'); } function footnote_collapse_reference_container_1102_1() { jQuery('#footnote_references_container_1102_1').hide(); jQuery('#footnote_reference_container_collapse_button_1102_1').text('+'); } function footnote_expand_collapse_reference_container_1102_1() { if (jQuery('#footnote_references_container_1102_1').is(':hidden')) { footnote_expand_reference_container_1102_1(); } else { footnote_collapse_reference_container_1102_1(); } } function footnote_moveToReference_1102_1(p_str_TargetID) { footnote_expand_reference_container_1102_1(); var l_obj_Target = jQuery('#' + p_str_TargetID); if (l_obj_Target.length) { jQuery( 'html, body' ).delay( 0 ); jQuery('html, body').animate({ scrollTop: l_obj_Target.offset().top - window.innerHeight * 0.2 }, 380); } } function footnote_moveToAnchor_1102_1(p_str_TargetID) { footnote_expand_reference_container_1102_1(); var l_obj_Target = jQuery('#' + p_str_TargetID); if (l_obj_Target.length) { jQuery( 'html, body' ).delay( 0 ); jQuery('html, body').animate({ scrollTop: l_obj_Target.offset().top - window.innerHeight * 0.2 }, 380); } }<\/script>","protected":false},"excerpt":{"rendered":"<p>Estos son algunos servicios y apoyos que su hijo puede recibir:<\/p>\n","protected":false},"author":1,"featured_media":0,"parent":219,"menu_order":15,"comment_status":"closed","ping_status":"closed","template":"","meta":{"footnotes":""},"class_list":["post-1102","page","type-page","status-publish","hentry"],"_links":{"self":[{"href":"https:\/\/rula.disabilityrightsca.org\/es\/wp-json\/wp\/v2\/pages\/1102","targetHints":{"allow":["GET"]}}],"collection":[{"href":"https:\/\/rula.disabilityrightsca.org\/es\/wp-json\/wp\/v2\/pages"}],"about":[{"href":"https:\/\/rula.disabilityrightsca.org\/es\/wp-json\/wp\/v2\/types\/page"}],"author":[{"embeddable":true,"href":"https:\/\/rula.disabilityrightsca.org\/es\/wp-json\/wp\/v2\/users\/1"}],"replies":[{"embeddable":true,"href":"https:\/\/rula.disabilityrightsca.org\/es\/wp-json\/wp\/v2\/comments?post=1102"}],"version-history":[{"count":5,"href":"https:\/\/rula.disabilityrightsca.org\/es\/wp-json\/wp\/v2\/pages\/1102\/revisions"}],"predecessor-version":[{"id":3781,"href":"https:\/\/rula.disabilityrightsca.org\/es\/wp-json\/wp\/v2\/pages\/1102\/revisions\/3781"}],"up":[{"embeddable":true,"href":"https:\/\/rula.disabilityrightsca.org\/es\/wp-json\/wp\/v2\/pages\/219"}],"wp:attachment":[{"href":"https:\/\/rula.disabilityrightsca.org\/es\/wp-json\/wp\/v2\/media?parent=1102"}],"curies":[{"name":"wp","href":"https:\/\/api.w.org\/{rel}","templated":true}]}}