{"id":1100,"date":"2021-05-13T19:54:05","date_gmt":"2021-05-13T19:54:05","guid":{"rendered":"http:\/\/www.rula.disabilityrightsca.org\/es\/?page_id=1100"},"modified":"2023-07-18T21:38:28","modified_gmt":"2023-07-18T21:38:28","slug":"6-14-que-pasa-si-el-centro-regional-no-ofrece-todos-los-servicios-que-nuestra-familia-necesita-para-que-nuestro-hijo-viva-en-casa","status":"publish","type":"page","link":"https:\/\/rula.disabilityrightsca.org\/es\/rula-book\/capitulo-6-mantener-unida-a-la-familia-servicios-y-apoyos-para-ninos\/6-14-que-pasa-si-el-centro-regional-no-ofrece-todos-los-servicios-que-nuestra-familia-necesita-para-que-nuestro-hijo-viva-en-casa\/","title":{"rendered":"(6.14) \u00bfQu\u00e9 pasa si el centro regional no ofrece todos los servicios que nuestra familia necesita para que nuestro hijo viva en casa?"},"content":{"rendered":"\n<p>Tiene derecho a apelar una decisi\u00f3n del centro regional que le niega a su hijo un servicio que necesita. Si el centro regional no est\u00e1 de acuerdo con que su hijo necesite un servicio, no significa que est\u00e9n tratando de lastimar a su hijo. Si usted apela, no significa que est\u00e9 pidiendo m\u00e1s de lo que su hijo necesita. Simplemente significa que no est\u00e1 de acuerdo con el centro regional con respecto a las necesidades de su hijo.<\/p>\n\n\n\n<p>En una apelaci\u00f3n, cada parte brinda informaci\u00f3n a un juez de derecho administrativo sobre lo que creen que el ni\u00f1o necesita para cumplir con las metas del IPP. El juez toma la decisi\u00f3n final. Si pasa por una apelaci\u00f3n, simplemente diga la verdad cuando presente el caso de su hijo. El juez examinar\u00e1 los hechos, los testimonios y los documentos y utilizar\u00e1 la ley (principalmente la Ley Lanterman) para decidir el caso. Incluso si su hijo pierde la apelaci\u00f3n, el centro regional no puede tomar represalias, castigar a su hijo ni quitarle los servicios a su hijo porque usted apel\u00f3. <\/p>\n\n\n\n<p>Para obtener m\u00e1s informaci\u00f3n sobre las apelaciones, consulte el <a href=\"https:\/\/rula.disabilityrightsca.org\/es\/rula-book\/capitulo-10-apelaciones-y-reclamos-desacuerdos-con-centros-regionales-centros-de-desarrollo-o-proveedores-de-servicios\/\" data-type=\"URL\" data-id=\"https:\/\/rula.disabilityrightsca.org\/es\/rula-book\/capitulo-10-apelaciones-y-reclamos-desacuerdos-con-centros-regionales-centros-de-desarrollo-o-proveedores-de-servicios\/\">Cap\u00edtulo 10<\/a>.<\/p>\n","protected":false},"excerpt":{"rendered":"<p>Tiene derecho a apelar una decisi\u00f3n del centro regional que le niega a su hijo un servicio que necesita. Si el centro regional no est\u00e1&hellip;<\/p>\n","protected":false},"author":1,"featured_media":0,"parent":219,"menu_order":14,"comment_status":"closed","ping_status":"closed","template":"","meta":{"footnotes":""},"class_list":["post-1100","page","type-page","status-publish","hentry"],"_links":{"self":[{"href":"https:\/\/rula.disabilityrightsca.org\/es\/wp-json\/wp\/v2\/pages\/1100","targetHints":{"allow":["GET"]}}],"collection":[{"href":"https:\/\/rula.disabilityrightsca.org\/es\/wp-json\/wp\/v2\/pages"}],"about":[{"href":"https:\/\/rula.disabilityrightsca.org\/es\/wp-json\/wp\/v2\/types\/page"}],"author":[{"embeddable":true,"href":"https:\/\/rula.disabilityrightsca.org\/es\/wp-json\/wp\/v2\/users\/1"}],"replies":[{"embeddable":true,"href":"https:\/\/rula.disabilityrightsca.org\/es\/wp-json\/wp\/v2\/comments?post=1100"}],"version-history":[{"count":6,"href":"https:\/\/rula.disabilityrightsca.org\/es\/wp-json\/wp\/v2\/pages\/1100\/revisions"}],"predecessor-version":[{"id":3516,"href":"https:\/\/rula.disabilityrightsca.org\/es\/wp-json\/wp\/v2\/pages\/1100\/revisions\/3516"}],"up":[{"embeddable":true,"href":"https:\/\/rula.disabilityrightsca.org\/es\/wp-json\/wp\/v2\/pages\/219"}],"wp:attachment":[{"href":"https:\/\/rula.disabilityrightsca.org\/es\/wp-json\/wp\/v2\/media?parent=1100"}],"curies":[{"name":"wp","href":"https:\/\/api.w.org\/{rel}","templated":true}]}}