{"id":1098,"date":"2021-05-13T19:52:50","date_gmt":"2021-05-13T19:52:50","guid":{"rendered":"http:\/\/www.rula.disabilityrightsca.org\/es\/?page_id=1098"},"modified":"2023-12-05T00:44:11","modified_gmt":"2023-12-05T00:44:11","slug":"6-13-que-pasa-si-no-hablo-ingles-o-el-ingles-no-es-mi-idioma-nativo","status":"publish","type":"page","link":"https:\/\/rula.disabilityrightsca.org\/es\/rula-book\/capitulo-6-mantener-unida-a-la-familia-servicios-y-apoyos-para-ninos\/6-13-que-pasa-si-no-hablo-ingles-o-el-ingles-no-es-mi-idioma-nativo\/","title":{"rendered":"(6.13) \u00bfQu\u00e9 pasa si no hablo ingl\u00e9s o el ingl\u00e9s no es mi idioma nativo?"},"content":{"rendered":"\n<p>Los centros regionales deben respetar las necesidades ling\u00fc\u00edsticas de su hijo y su familia.<span class=\"footnote_referrer\"><a role=\"button\" tabindex=\"0\" onclick=\"footnote_moveToReference_1098_1('footnote_plugin_reference_1098_1_1');\" onkeypress=\"footnote_moveToReference_1098_1('footnote_plugin_reference_1098_1_1');\" ><sup id=\"footnote_plugin_tooltip_1098_1_1\" class=\"footnote_plugin_tooltip_text\">[1]<\/sup><\/a><span id=\"footnote_plugin_tooltip_text_1098_1_1\" class=\"footnote_tooltip\">Secci\u00f3n 4502.1(b)<\/span><\/span><script type=\"text\/javascript\"> jQuery('#footnote_plugin_tooltip_1098_1_1').tooltip({ tip: '#footnote_plugin_tooltip_text_1098_1_1', tipClass: 'footnote_tooltip', effect: 'fade', predelay: 0, fadeInSpeed: 200, delay: 400, fadeOutSpeed: 200, position: 'top center', relative: true, offset: [-7, 0], });<\/script> La buena comunicaci\u00f3n es fundamental. Si usted (el padre o tutor del ni\u00f1o) no habla o no entiende ingl\u00e9s, o se siente m\u00e1s c\u00f3modo hablando un idioma diferente, informe al centro regional en la primera reuni\u00f3n de admisi\u00f3n.<\/p>\n\n\n\n<p>Si necesita un int\u00e9rprete, inf\u00f3rmelo al centro regional lo antes posible. Usted puede tener un int\u00e9rprete en cada reuni\u00f3n, incluida la reuni\u00f3n inicial y las llamadas telef\u00f3nicas de su hijo.<span class=\"footnote_referrer\"><a role=\"button\" tabindex=\"0\" onclick=\"footnote_moveToReference_1098_1('footnote_plugin_reference_1098_1_2');\" onkeypress=\"footnote_moveToReference_1098_1('footnote_plugin_reference_1098_1_2');\" ><sup id=\"footnote_plugin_tooltip_1098_1_2\" class=\"footnote_plugin_tooltip_text\">[2]<\/sup><\/a><span id=\"footnote_plugin_tooltip_text_1098_1_2\" class=\"footnote_tooltip\">Secci\u00f3n 4646(j)(1)<\/span><\/span><script type=\"text\/javascript\"> jQuery('#footnote_plugin_tooltip_1098_1_2').tooltip({ tip: '#footnote_plugin_tooltip_text_1098_1_2', tipClass: 'footnote_tooltip', effect: 'fade', predelay: 0, fadeInSpeed: 200, delay: 400, fadeOutSpeed: 200, position: 'top center', relative: true, offset: [-7, 0], });<\/script> Tambi\u00e9n puede traer a un amigo o familiar que hable ingl\u00e9s para que los ayude a usted y a su hijo. Sin embargo, el centro regional no puede obligarlo a traer a alguien para evitar la contrataci\u00f3n de un int\u00e9rprete. Si necesita un int\u00e9rprete para apelar una decisi\u00f3n del centro regional, el centro debe contratar y pagar un int\u00e9rprete en la reuni\u00f3n informal para tratar de resolver la disputa.<span class=\"footnote_referrer\"><a role=\"button\" tabindex=\"0\" onclick=\"footnote_moveToReference_1098_1('footnote_plugin_reference_1098_1_3');\" onkeypress=\"footnote_moveToReference_1098_1('footnote_plugin_reference_1098_1_3');\" ><sup id=\"footnote_plugin_tooltip_1098_1_3\" class=\"footnote_plugin_tooltip_text\">[3]<\/sup><\/a><span id=\"footnote_plugin_tooltip_text_1098_1_3\" class=\"footnote_tooltip\">Secci\u00f3n 4710.8(c)<\/span><\/span><script type=\"text\/javascript\"> jQuery('#footnote_plugin_tooltip_1098_1_3').tooltip({ tip: '#footnote_plugin_tooltip_text_1098_1_3', tipClass: 'footnote_tooltip', effect: 'fade', predelay: 0, fadeInSpeed: 200, delay: 400, fadeOutSpeed: 200, position: 'top center', relative: true, offset: [-7, 0], });<\/script><\/p>\n\n\n\n<p>Tambi\u00e9n tiene derecho a que se traduzca el IPP de su hijo (y otros documentos)<span class=\"footnote_referrer\"><a role=\"button\" tabindex=\"0\" onclick=\"footnote_moveToReference_1098_1('footnote_plugin_reference_1098_1_4');\" onkeypress=\"footnote_moveToReference_1098_1('footnote_plugin_reference_1098_1_4');\" ><sup id=\"footnote_plugin_tooltip_1098_1_4\" class=\"footnote_plugin_tooltip_text\">[4]<\/sup><\/a><span id=\"footnote_plugin_tooltip_text_1098_1_4\" class=\"footnote_tooltip\">Secci\u00f3n 4646(j)(2)<\/span><\/span><script type=\"text\/javascript\"> jQuery('#footnote_plugin_tooltip_1098_1_4').tooltip({ tip: '#footnote_plugin_tooltip_text_1098_1_4', tipClass: 'footnote_tooltip', effect: 'fade', predelay: 0, fadeInSpeed: 200, delay: 400, fadeOutSpeed: 200, position: 'top center', relative: true, offset: [-7, 0], });<\/script> Si el centro regional no traduce los documentos de su hijo ni le proporciona un int\u00e9rprete, llame a Disability Rights California.<\/p>\n<div class=\"speaker-mute footnotes_reference_container\"> <div class=\"footnote_container_prepare\"><p><span role=\"button\" tabindex=\"0\" class=\"footnote_reference_container_label pointer\" onclick=\"footnote_expand_collapse_reference_container_1098_1();\">&#x202F;<\/span><span role=\"button\" tabindex=\"0\" class=\"footnote_reference_container_collapse_button\" style=\"display: none;\" onclick=\"footnote_expand_collapse_reference_container_1098_1();\">[<a id=\"footnote_reference_container_collapse_button_1098_1\">+<\/a>]<\/span><\/p><\/div> <div id=\"footnote_references_container_1098_1\" style=\"\"><table class=\"footnotes_table footnote-reference-container\"><caption class=\"accessibility\">References<\/caption> <tbody> \r\n\r\n<tr class=\"footnotes_plugin_reference_row\"> <th scope=\"row\" class=\"footnote_plugin_index_combi pointer\"  onclick=\"footnote_moveToAnchor_1098_1('footnote_plugin_tooltip_1098_1_1');\"><a id=\"footnote_plugin_reference_1098_1_1\" class=\"footnote_backlink\"><span class=\"footnote_index_arrow\">&#8593;<\/span>1<\/a><\/th> <td class=\"footnote_plugin_text\">Secci\u00f3n 4502.1(b)<\/td><\/tr>\r\n\r\n<tr class=\"footnotes_plugin_reference_row\"> <th scope=\"row\" class=\"footnote_plugin_index_combi pointer\"  onclick=\"footnote_moveToAnchor_1098_1('footnote_plugin_tooltip_1098_1_2');\"><a id=\"footnote_plugin_reference_1098_1_2\" class=\"footnote_backlink\"><span class=\"footnote_index_arrow\">&#8593;<\/span>2<\/a><\/th> <td class=\"footnote_plugin_text\">Secci\u00f3n 4646(j)(1)<\/td><\/tr>\r\n\r\n<tr class=\"footnotes_plugin_reference_row\"> <th scope=\"row\" class=\"footnote_plugin_index_combi pointer\"  onclick=\"footnote_moveToAnchor_1098_1('footnote_plugin_tooltip_1098_1_3');\"><a id=\"footnote_plugin_reference_1098_1_3\" class=\"footnote_backlink\"><span class=\"footnote_index_arrow\">&#8593;<\/span>3<\/a><\/th> <td class=\"footnote_plugin_text\">Secci\u00f3n 4710.8(c)<\/td><\/tr>\r\n\r\n<tr class=\"footnotes_plugin_reference_row\"> <th scope=\"row\" class=\"footnote_plugin_index_combi pointer\"  onclick=\"footnote_moveToAnchor_1098_1('footnote_plugin_tooltip_1098_1_4');\"><a id=\"footnote_plugin_reference_1098_1_4\" class=\"footnote_backlink\"><span class=\"footnote_index_arrow\">&#8593;<\/span>4<\/a><\/th> <td class=\"footnote_plugin_text\">Secci\u00f3n 4646(j)(2)<\/td><\/tr>\r\n\r\n <\/tbody> <\/table> <\/div><\/div><script type=\"text\/javascript\"> function footnote_expand_reference_container_1098_1() { jQuery('#footnote_references_container_1098_1').show(); jQuery('#footnote_reference_container_collapse_button_1098_1').text('\u2212'); } function footnote_collapse_reference_container_1098_1() { jQuery('#footnote_references_container_1098_1').hide(); jQuery('#footnote_reference_container_collapse_button_1098_1').text('+'); } function footnote_expand_collapse_reference_container_1098_1() { if (jQuery('#footnote_references_container_1098_1').is(':hidden')) { footnote_expand_reference_container_1098_1(); } else { footnote_collapse_reference_container_1098_1(); } } function footnote_moveToReference_1098_1(p_str_TargetID) { footnote_expand_reference_container_1098_1(); var l_obj_Target = jQuery('#' + p_str_TargetID); if (l_obj_Target.length) { jQuery( 'html, body' ).delay( 0 ); jQuery('html, body').animate({ scrollTop: l_obj_Target.offset().top - window.innerHeight * 0.2 }, 380); } } function footnote_moveToAnchor_1098_1(p_str_TargetID) { footnote_expand_reference_container_1098_1(); var l_obj_Target = jQuery('#' + p_str_TargetID); if (l_obj_Target.length) { jQuery( 'html, body' ).delay( 0 ); jQuery('html, body').animate({ scrollTop: l_obj_Target.offset().top - window.innerHeight * 0.2 }, 380); } }<\/script>","protected":false},"excerpt":{"rendered":"<p>Los centros regionales deben respetar las necesidades ling\u00fc\u00edsticas de su hijo y su familia.[1]Secci\u00f3n 4502.1(b) La buena comunicaci\u00f3n es fundamental. Si usted (el padre o&hellip;<\/p>\n","protected":false},"author":1,"featured_media":0,"parent":219,"menu_order":13,"comment_status":"closed","ping_status":"closed","template":"","meta":{"footnotes":""},"class_list":["post-1098","page","type-page","status-publish","hentry"],"_links":{"self":[{"href":"https:\/\/rula.disabilityrightsca.org\/es\/wp-json\/wp\/v2\/pages\/1098","targetHints":{"allow":["GET"]}}],"collection":[{"href":"https:\/\/rula.disabilityrightsca.org\/es\/wp-json\/wp\/v2\/pages"}],"about":[{"href":"https:\/\/rula.disabilityrightsca.org\/es\/wp-json\/wp\/v2\/types\/page"}],"author":[{"embeddable":true,"href":"https:\/\/rula.disabilityrightsca.org\/es\/wp-json\/wp\/v2\/users\/1"}],"replies":[{"embeddable":true,"href":"https:\/\/rula.disabilityrightsca.org\/es\/wp-json\/wp\/v2\/comments?post=1098"}],"version-history":[{"count":6,"href":"https:\/\/rula.disabilityrightsca.org\/es\/wp-json\/wp\/v2\/pages\/1098\/revisions"}],"predecessor-version":[{"id":3780,"href":"https:\/\/rula.disabilityrightsca.org\/es\/wp-json\/wp\/v2\/pages\/1098\/revisions\/3780"}],"up":[{"embeddable":true,"href":"https:\/\/rula.disabilityrightsca.org\/es\/wp-json\/wp\/v2\/pages\/219"}],"wp:attachment":[{"href":"https:\/\/rula.disabilityrightsca.org\/es\/wp-json\/wp\/v2\/media?parent=1098"}],"curies":[{"name":"wp","href":"https:\/\/api.w.org\/{rel}","templated":true}]}}