{"id":1094,"date":"2021-05-13T19:48:55","date_gmt":"2021-05-13T19:48:55","guid":{"rendered":"http:\/\/www.rula.disabilityrightsca.org\/es\/?page_id=1094"},"modified":"2023-12-05T00:43:13","modified_gmt":"2023-12-05T00:43:13","slug":"6-11-pueden-los-padres-con-discapacidades-del-desarrollo-obtener-servicios-del-centro-regional-para-ayudarlos-a-criar-a-sus-hijos","status":"publish","type":"page","link":"https:\/\/rula.disabilityrightsca.org\/es\/rula-book\/capitulo-6-mantener-unida-a-la-familia-servicios-y-apoyos-para-ninos\/6-11-pueden-los-padres-con-discapacidades-del-desarrollo-obtener-servicios-del-centro-regional-para-ayudarlos-a-criar-a-sus-hijos\/","title":{"rendered":"(6.11) \u00bfLos padres con discapacidades del desarrollo pueden obtener servicios del centro regional para ayudarlos a criar a sus hijos?"},"content":{"rendered":"\n<p>Si usted (el padre o tutor) tiene una discapacidad del desarrollo, puede recibir capacitaci\u00f3n en habilidades de crianza en el centro regional. Puede obtener servicios que pueden ayudarlo a mantener a su hijo en su hogar.<span class=\"footnote_referrer\"><a role=\"button\" tabindex=\"0\" onclick=\"footnote_moveToReference_1094_1('footnote_plugin_reference_1094_1_1');\" onkeypress=\"footnote_moveToReference_1094_1('footnote_plugin_reference_1094_1_1');\" ><sup id=\"footnote_plugin_tooltip_1094_1_1\" class=\"footnote_plugin_tooltip_text\">[1]<\/sup><\/a><span id=\"footnote_plugin_tooltip_text_1094_1_1\" class=\"footnote_tooltip\">Secci\u00f3n 4687<\/span><\/span><script type=\"text\/javascript\"> jQuery('#footnote_plugin_tooltip_1094_1_1').tooltip({ tip: '#footnote_plugin_tooltip_text_1094_1_1', tipClass: 'footnote_tooltip', effect: 'fade', predelay: 0, fadeInSpeed: 200, delay: 400, fadeOutSpeed: 200, position: 'top center', relative: true, offset: [-7, 0], });<\/script> Si su hijo tambi\u00e9n tiene un IPP o IFSP, su IPP estar\u00e1 separado del de su hijo. Aseg\u00farese de que su IPP y el IPP o IFSP de su hijo est\u00e9n coordinados.<\/p>\n\n\n\n<p>No es necesario que estos planes se redacten al mismo tiempo o de la misma manera. Los padres deben escribir su IPP por separado del IPP o IFSP de su hijo. De esa manera, el coordinador de servicios de su hijo puede concentrarse en las necesidades de su hijo, independientemente de usted y sus propias necesidades. Lleve una copia del IPP o IFSP de su hijo a la reuni\u00f3n del IPP. Esto le ayudar\u00e1 a asegurarse de que sus servicios funcionen en conjunto.<\/p>\n\n\n\n<p>Tambi\u00e9n puede obtener ayuda de agencias de habilidades para padres como Through the Looking Glass. Through the Looking Glass es una organizaci\u00f3n nacional que apoya a los padres con discapacidades. Ellos pueden darle ideas sobre lo que pueda necesitar. Visite su p\u00e1gina web, <a href=\"https:\/\/www.lookingglass.org\/\" data-type=\"URL\" data-id=\"https:\/\/www.lookingglass.org\/\">https:\/\/www.lookingglass.org\/<\/a>, o llame al (800) 644-2666.<\/p>\n<div class=\"speaker-mute footnotes_reference_container\"> <div class=\"footnote_container_prepare\"><p><span role=\"button\" tabindex=\"0\" class=\"footnote_reference_container_label pointer\" onclick=\"footnote_expand_collapse_reference_container_1094_1();\">&#x202F;<\/span><span role=\"button\" tabindex=\"0\" class=\"footnote_reference_container_collapse_button\" style=\"display: none;\" onclick=\"footnote_expand_collapse_reference_container_1094_1();\">[<a id=\"footnote_reference_container_collapse_button_1094_1\">+<\/a>]<\/span><\/p><\/div> <div id=\"footnote_references_container_1094_1\" style=\"\"><table class=\"footnotes_table footnote-reference-container\"><caption class=\"accessibility\">References<\/caption> <tbody> \r\n\r\n<tr class=\"footnotes_plugin_reference_row\"> <th scope=\"row\" class=\"footnote_plugin_index_combi pointer\"  onclick=\"footnote_moveToAnchor_1094_1('footnote_plugin_tooltip_1094_1_1');\"><a id=\"footnote_plugin_reference_1094_1_1\" class=\"footnote_backlink\"><span class=\"footnote_index_arrow\">&#8593;<\/span>1<\/a><\/th> <td class=\"footnote_plugin_text\">Secci\u00f3n 4687<\/td><\/tr>\r\n\r\n <\/tbody> <\/table> <\/div><\/div><script type=\"text\/javascript\"> function footnote_expand_reference_container_1094_1() { jQuery('#footnote_references_container_1094_1').show(); jQuery('#footnote_reference_container_collapse_button_1094_1').text('\u2212'); } function footnote_collapse_reference_container_1094_1() { jQuery('#footnote_references_container_1094_1').hide(); jQuery('#footnote_reference_container_collapse_button_1094_1').text('+'); } function footnote_expand_collapse_reference_container_1094_1() { if (jQuery('#footnote_references_container_1094_1').is(':hidden')) { footnote_expand_reference_container_1094_1(); } else { footnote_collapse_reference_container_1094_1(); } } function footnote_moveToReference_1094_1(p_str_TargetID) { footnote_expand_reference_container_1094_1(); var l_obj_Target = jQuery('#' + p_str_TargetID); if (l_obj_Target.length) { jQuery( 'html, body' ).delay( 0 ); jQuery('html, body').animate({ scrollTop: l_obj_Target.offset().top - window.innerHeight * 0.2 }, 380); } } function footnote_moveToAnchor_1094_1(p_str_TargetID) { footnote_expand_reference_container_1094_1(); var l_obj_Target = jQuery('#' + p_str_TargetID); if (l_obj_Target.length) { jQuery( 'html, body' ).delay( 0 ); jQuery('html, body').animate({ scrollTop: l_obj_Target.offset().top - window.innerHeight * 0.2 }, 380); } }<\/script>","protected":false},"excerpt":{"rendered":"<p>Si usted (el padre o tutor) tiene una discapacidad del desarrollo, puede recibir capacitaci\u00f3n en habilidades de crianza en el centro regional. Puede obtener servicios&hellip;<\/p>\n","protected":false},"author":1,"featured_media":0,"parent":219,"menu_order":11,"comment_status":"closed","ping_status":"closed","template":"","meta":{"footnotes":""},"class_list":["post-1094","page","type-page","status-publish","hentry"],"_links":{"self":[{"href":"https:\/\/rula.disabilityrightsca.org\/es\/wp-json\/wp\/v2\/pages\/1094","targetHints":{"allow":["GET"]}}],"collection":[{"href":"https:\/\/rula.disabilityrightsca.org\/es\/wp-json\/wp\/v2\/pages"}],"about":[{"href":"https:\/\/rula.disabilityrightsca.org\/es\/wp-json\/wp\/v2\/types\/page"}],"author":[{"embeddable":true,"href":"https:\/\/rula.disabilityrightsca.org\/es\/wp-json\/wp\/v2\/users\/1"}],"replies":[{"embeddable":true,"href":"https:\/\/rula.disabilityrightsca.org\/es\/wp-json\/wp\/v2\/comments?post=1094"}],"version-history":[{"count":4,"href":"https:\/\/rula.disabilityrightsca.org\/es\/wp-json\/wp\/v2\/pages\/1094\/revisions"}],"predecessor-version":[{"id":3778,"href":"https:\/\/rula.disabilityrightsca.org\/es\/wp-json\/wp\/v2\/pages\/1094\/revisions\/3778"}],"up":[{"embeddable":true,"href":"https:\/\/rula.disabilityrightsca.org\/es\/wp-json\/wp\/v2\/pages\/219"}],"wp:attachment":[{"href":"https:\/\/rula.disabilityrightsca.org\/es\/wp-json\/wp\/v2\/media?parent=1094"}],"curies":[{"name":"wp","href":"https:\/\/api.w.org\/{rel}","templated":true}]}}