{"id":1092,"date":"2021-05-13T19:03:50","date_gmt":"2021-05-13T19:03:50","guid":{"rendered":"http:\/\/www.rula.disabilityrightsca.org\/es\/?page_id=1092"},"modified":"2023-12-05T00:42:24","modified_gmt":"2023-12-05T00:42:24","slug":"6-10-ademas-de-la-ley-lanterman-otras-leyes-exigen-servicios-para-ninos-con-discapacidades-que-puedan-ayudarlos-a-vivir-en-casa","status":"publish","type":"page","link":"https:\/\/rula.disabilityrightsca.org\/es\/rula-book\/capitulo-6-mantener-unida-a-la-familia-servicios-y-apoyos-para-ninos\/6-10-ademas-de-la-ley-lanterman-otras-leyes-exigen-servicios-para-ninos-con-discapacidades-que-puedan-ayudarlos-a-vivir-en-casa\/","title":{"rendered":"(6.10) Adem\u00e1s de la Ley Lanterman, \u00bfhay otras leyes que exijan servicios para ni\u00f1os con discapacidades que puedan ayudarlos a vivir en casa?"},"content":{"rendered":"\n<p>Para los ni\u00f1os menores de tres a\u00f1os, la ley federal (la Ley de Educaci\u00f3n para Personas con Discapacidades o IDEA) proporciona servicios de intervenci\u00f3n temprana. En California, estos se denominan servicios \u201cEarly Start\u201d o de intervenci\u00f3n temprana.<span class=\"footnote_referrer\"><a role=\"button\" tabindex=\"0\" onclick=\"footnote_moveToReference_1092_1('footnote_plugin_reference_1092_1_1');\" onkeypress=\"footnote_moveToReference_1092_1('footnote_plugin_reference_1092_1_1');\" ><sup id=\"footnote_plugin_tooltip_1092_1_1\" class=\"footnote_plugin_tooltip_text\">[1]<\/sup><\/a><span id=\"footnote_plugin_tooltip_text_1092_1_1\" class=\"footnote_tooltip\">T\u00edtulo 20 del C\u00f3digo de EE. UU., desde la secci\u00f3n 1431<\/span><\/span><script type=\"text\/javascript\"> jQuery('#footnote_plugin_tooltip_1092_1_1').tooltip({ tip: '#footnote_plugin_tooltip_text_1092_1_1', tipClass: 'footnote_tooltip', effect: 'fade', predelay: 0, fadeInSpeed: 200, delay: 400, fadeOutSpeed: 200, position: 'top center', relative: true, offset: [-7, 0], });<\/script> California seleccion\u00f3 los centros regionales para que fueran los principales coordinadores y proveedores de estos servicios.<span class=\"footnote_referrer\"><a role=\"button\" tabindex=\"0\" onclick=\"footnote_moveToReference_1092_1('footnote_plugin_reference_1092_1_2');\" onkeypress=\"footnote_moveToReference_1092_1('footnote_plugin_reference_1092_1_2');\" ><sup id=\"footnote_plugin_tooltip_1092_1_2\" class=\"footnote_plugin_tooltip_text\">[2]<\/sup><\/a><span id=\"footnote_plugin_tooltip_text_1092_1_2\" class=\"footnote_tooltip\">C\u00f3digo de Gobierno de California desde la secci\u00f3n 95000<\/span><\/span><script type=\"text\/javascript\"> jQuery('#footnote_plugin_tooltip_1092_1_2').tooltip({ tip: '#footnote_plugin_tooltip_text_1092_1_2', tipClass: 'footnote_tooltip', effect: 'fade', predelay: 0, fadeInSpeed: 200, delay: 400, fadeOutSpeed: 200, position: 'top center', relative: true, offset: [-7, 0], });<\/script> En lugar de un IPP, los servicios para ni\u00f1os menores de tres a\u00f1os se prestan en el marco de un Plan de Servicios Familiares Individuales (IFSP). Los ni\u00f1os que reciben servicios de intervenci\u00f3n temprana tambi\u00e9n pueden obtener los servicios de la Ley Lanterman si tienen una discapacidad del desarrollo. Pero la mayor\u00eda de los servicios para ni\u00f1os menores de tres a\u00f1os se realizan a trav\u00e9s de un IFSP. Para obtener m\u00e1s informaci\u00f3n sobre las discapacidades del desarrollo que califican para los servicios del centro regional, consulte el <a href=\"https:\/\/rula.disabilityrightsca.org\/rula-book\/chapter-2-eligibility-for-regional-center-services\/\">Cap\u00edtulo 2<\/a>.<\/p>\n\n\n\n<p>Cuando cumplen tres a\u00f1os, los ni\u00f1os que califican para educaci\u00f3n especial tambi\u00e9n pueden obtener servicios de educaci\u00f3n especial de su distrito escolar local. A los dos a\u00f1os y medio, el centro regional debe planificar la transici\u00f3n del ni\u00f1o al distrito escolar.<span class=\"footnote_referrer\"><a role=\"button\" tabindex=\"0\" onclick=\"footnote_moveToReference_1092_1('footnote_plugin_reference_1092_1_3');\" onkeypress=\"footnote_moveToReference_1092_1('footnote_plugin_reference_1092_1_3');\" ><sup id=\"footnote_plugin_tooltip_1092_1_3\" class=\"footnote_plugin_tooltip_text\">[3]<\/sup><\/a><span id=\"footnote_plugin_tooltip_text_1092_1_3\" class=\"footnote_tooltip\">C\u00f3digo de Educaci\u00f3n de California, secci\u00f3n 56426(a) y (b) y T\u00edtulo 17, C\u00f3digo de Reglamentos de California, secci\u00f3n 52112<\/span><\/span><script type=\"text\/javascript\"> jQuery('#footnote_plugin_tooltip_1092_1_3').tooltip({ tip: '#footnote_plugin_tooltip_text_1092_1_3', tipClass: 'footnote_tooltip', effect: 'fade', predelay: 0, fadeInSpeed: 200, delay: 400, fadeOutSpeed: 200, position: 'top center', relative: true, offset: [-7, 0], });<\/script> Si su hijo tiene una discapacidad del desarrollo y califica para los servicios del centro regional a los tres a\u00f1os, el centro regional puede continuar con los servicios hasta que comience el pr\u00f3ximo per\u00edodo escolar, si cumple tres a\u00f1os cuando la escuela est\u00e1 en vacaciones.<span class=\"footnote_referrer\"><a role=\"button\" tabindex=\"0\" onclick=\"footnote_moveToReference_1092_1('footnote_plugin_reference_1092_1_4');\" onkeypress=\"footnote_moveToReference_1092_1('footnote_plugin_reference_1092_1_4');\" ><sup id=\"footnote_plugin_tooltip_1092_1_4\" class=\"footnote_plugin_tooltip_text\">[4]<\/sup><\/a><span id=\"footnote_plugin_tooltip_text_1092_1_4\" class=\"footnote_tooltip\">T\u00edtulo 17 del C\u00f3digo de Reglamentos de California, secci\u00f3n 52112(f)<\/span><\/span><script type=\"text\/javascript\"> jQuery('#footnote_plugin_tooltip_1092_1_4').tooltip({ tip: '#footnote_plugin_tooltip_text_1092_1_4', tipClass: 'footnote_tooltip', effect: 'fade', predelay: 0, fadeInSpeed: 200, delay: 400, fadeOutSpeed: 200, position: 'top center', relative: true, offset: [-7, 0], });<\/script><\/p>\n\n\n\n<p>Si usted tiene un hijo menor de tres a\u00f1os, lea el <a href=\"https:\/\/serr.disabilityrightsca.org\/sp\/serr-manual\/capitulo-12-informacion-sobre-los-servicios-de-intervencion-temprana\/\">Cap\u00edtulo 12<\/a> de los Derechos y Responsabilidades de Educaci\u00f3n Especial (SERR) para obtener informaci\u00f3n sobre los servicios de intervenci\u00f3n temprana. Para obtener informaci\u00f3n sobre c\u00f3mo los ni\u00f1os mayores de tres a\u00f1os califican para educaci\u00f3n especial, consulte el <a href=\"https:\/\/serr.disabilityrightsca.org\/sp\/serr-manual\/capitulo-3-informacion-sobre-los-criterios-de-elegibilidad\/\">Cap\u00edtulo 3<\/a> de SERR.<\/p>\n<div class=\"speaker-mute footnotes_reference_container\"> <div class=\"footnote_container_prepare\"><p><span role=\"button\" tabindex=\"0\" class=\"footnote_reference_container_label pointer\" onclick=\"footnote_expand_collapse_reference_container_1092_1();\">&#x202F;<\/span><span role=\"button\" tabindex=\"0\" class=\"footnote_reference_container_collapse_button\" style=\"display: none;\" onclick=\"footnote_expand_collapse_reference_container_1092_1();\">[<a id=\"footnote_reference_container_collapse_button_1092_1\">+<\/a>]<\/span><\/p><\/div> <div id=\"footnote_references_container_1092_1\" style=\"\"><table class=\"footnotes_table footnote-reference-container\"><caption class=\"accessibility\">References<\/caption> <tbody> \r\n\r\n<tr class=\"footnotes_plugin_reference_row\"> <th scope=\"row\" class=\"footnote_plugin_index_combi pointer\"  onclick=\"footnote_moveToAnchor_1092_1('footnote_plugin_tooltip_1092_1_1');\"><a id=\"footnote_plugin_reference_1092_1_1\" class=\"footnote_backlink\"><span class=\"footnote_index_arrow\">&#8593;<\/span>1<\/a><\/th> <td class=\"footnote_plugin_text\">T\u00edtulo 20 del C\u00f3digo de EE. UU., desde la secci\u00f3n 1431<\/td><\/tr>\r\n\r\n<tr class=\"footnotes_plugin_reference_row\"> <th scope=\"row\" class=\"footnote_plugin_index_combi pointer\"  onclick=\"footnote_moveToAnchor_1092_1('footnote_plugin_tooltip_1092_1_2');\"><a id=\"footnote_plugin_reference_1092_1_2\" class=\"footnote_backlink\"><span class=\"footnote_index_arrow\">&#8593;<\/span>2<\/a><\/th> <td class=\"footnote_plugin_text\">C\u00f3digo de Gobierno de California desde la secci\u00f3n 95000<\/td><\/tr>\r\n\r\n<tr class=\"footnotes_plugin_reference_row\"> <th scope=\"row\" class=\"footnote_plugin_index_combi pointer\"  onclick=\"footnote_moveToAnchor_1092_1('footnote_plugin_tooltip_1092_1_3');\"><a id=\"footnote_plugin_reference_1092_1_3\" class=\"footnote_backlink\"><span class=\"footnote_index_arrow\">&#8593;<\/span>3<\/a><\/th> <td class=\"footnote_plugin_text\">C\u00f3digo de Educaci\u00f3n de California, secci\u00f3n 56426(a) y (b) y T\u00edtulo 17, C\u00f3digo de Reglamentos de California, secci\u00f3n 52112<\/td><\/tr>\r\n\r\n<tr class=\"footnotes_plugin_reference_row\"> <th scope=\"row\" class=\"footnote_plugin_index_combi pointer\"  onclick=\"footnote_moveToAnchor_1092_1('footnote_plugin_tooltip_1092_1_4');\"><a id=\"footnote_plugin_reference_1092_1_4\" class=\"footnote_backlink\"><span class=\"footnote_index_arrow\">&#8593;<\/span>4<\/a><\/th> <td class=\"footnote_plugin_text\">T\u00edtulo 17 del C\u00f3digo de Reglamentos de California, secci\u00f3n 52112(f)<\/td><\/tr>\r\n\r\n <\/tbody> <\/table> <\/div><\/div><script type=\"text\/javascript\"> function footnote_expand_reference_container_1092_1() { jQuery('#footnote_references_container_1092_1').show(); jQuery('#footnote_reference_container_collapse_button_1092_1').text('\u2212'); } function footnote_collapse_reference_container_1092_1() { jQuery('#footnote_references_container_1092_1').hide(); jQuery('#footnote_reference_container_collapse_button_1092_1').text('+'); } function footnote_expand_collapse_reference_container_1092_1() { if (jQuery('#footnote_references_container_1092_1').is(':hidden')) { footnote_expand_reference_container_1092_1(); } else { footnote_collapse_reference_container_1092_1(); } } function footnote_moveToReference_1092_1(p_str_TargetID) { footnote_expand_reference_container_1092_1(); var l_obj_Target = jQuery('#' + p_str_TargetID); if (l_obj_Target.length) { jQuery( 'html, body' ).delay( 0 ); jQuery('html, body').animate({ scrollTop: l_obj_Target.offset().top - window.innerHeight * 0.2 }, 380); } } function footnote_moveToAnchor_1092_1(p_str_TargetID) { footnote_expand_reference_container_1092_1(); var l_obj_Target = jQuery('#' + p_str_TargetID); if (l_obj_Target.length) { jQuery( 'html, body' ).delay( 0 ); jQuery('html, body').animate({ scrollTop: l_obj_Target.offset().top - window.innerHeight * 0.2 }, 380); } }<\/script>","protected":false},"excerpt":{"rendered":"<p>Para los ni\u00f1os menores de tres a\u00f1os, la ley federal (la Ley de Educaci\u00f3n para Personas con Discapacidades o IDEA) proporciona servicios de intervenci\u00f3n temprana.&hellip;<\/p>\n","protected":false},"author":1,"featured_media":0,"parent":219,"menu_order":10,"comment_status":"closed","ping_status":"closed","template":"","meta":{"footnotes":""},"class_list":["post-1092","page","type-page","status-publish","hentry"],"_links":{"self":[{"href":"https:\/\/rula.disabilityrightsca.org\/es\/wp-json\/wp\/v2\/pages\/1092","targetHints":{"allow":["GET"]}}],"collection":[{"href":"https:\/\/rula.disabilityrightsca.org\/es\/wp-json\/wp\/v2\/pages"}],"about":[{"href":"https:\/\/rula.disabilityrightsca.org\/es\/wp-json\/wp\/v2\/types\/page"}],"author":[{"embeddable":true,"href":"https:\/\/rula.disabilityrightsca.org\/es\/wp-json\/wp\/v2\/users\/1"}],"replies":[{"embeddable":true,"href":"https:\/\/rula.disabilityrightsca.org\/es\/wp-json\/wp\/v2\/comments?post=1092"}],"version-history":[{"count":6,"href":"https:\/\/rula.disabilityrightsca.org\/es\/wp-json\/wp\/v2\/pages\/1092\/revisions"}],"predecessor-version":[{"id":3777,"href":"https:\/\/rula.disabilityrightsca.org\/es\/wp-json\/wp\/v2\/pages\/1092\/revisions\/3777"}],"up":[{"embeddable":true,"href":"https:\/\/rula.disabilityrightsca.org\/es\/wp-json\/wp\/v2\/pages\/219"}],"wp:attachment":[{"href":"https:\/\/rula.disabilityrightsca.org\/es\/wp-json\/wp\/v2\/media?parent=1092"}],"curies":[{"name":"wp","href":"https:\/\/api.w.org\/{rel}","templated":true}]}}