{"id":1090,"date":"2021-05-13T19:01:17","date_gmt":"2021-05-13T19:01:17","guid":{"rendered":"http:\/\/www.rula.disabilityrightsca.org\/es\/?page_id=1090"},"modified":"2023-12-05T16:28:05","modified_gmt":"2023-12-05T16:28:05","slug":"6-9-si-un-centro-regional-paga-por-los-servicios-debe-utilizar-siempre-el-proveedor-de-servicios-menos-costoso","status":"publish","type":"page","link":"https:\/\/rula.disabilityrightsca.org\/es\/rula-book\/capitulo-6-mantener-unida-a-la-familia-servicios-y-apoyos-para-ninos\/6-9-si-un-centro-regional-paga-por-los-servicios-debe-utilizar-siempre-el-proveedor-de-servicios-menos-costoso\/","title":{"rendered":"(6.9) Si un centro regional paga por los servicios, \u00bfdebe utilizar siempre el proveedor de servicios menos costoso?"},"content":{"rendered":"\n<p>Al seleccionar un proveedor, la Ley Lanterman dice que el equipo de IPP debe considerar:<\/p>\n\n\n\n<ul class=\"wp-block-list\">\n<li>La capacidad del proveedor para brindar servicios de calidad y cumplir con los objetivos del IPP y<\/li>\n\n\n\n<li>El costo de brindar servicios o apoyos de calidad comparable por parte de diferentes proveedores.<span class=\"footnote_referrer\"><a role=\"button\" tabindex=\"0\" onclick=\"footnote_moveToReference_1090_1('footnote_plugin_reference_1090_1_1');\" onkeypress=\"footnote_moveToReference_1090_1('footnote_plugin_reference_1090_1_1');\" ><sup id=\"footnote_plugin_tooltip_1090_1_1\" class=\"footnote_plugin_tooltip_text\">[1]<\/sup><\/a><span id=\"footnote_plugin_tooltip_text_1090_1_1\" class=\"footnote_tooltip\">Secci\u00f3n 4648(a)(6)<\/span><\/span><script type=\"text\/javascript\"> jQuery('#footnote_plugin_tooltip_1090_1_1').tooltip({ tip: '#footnote_plugin_tooltip_text_1090_1_1', tipClass: 'footnote_tooltip', effect: 'fade', predelay: 0, fadeInSpeed: 200, delay: 400, fadeOutSpeed: 200, position: 'top center', relative: true, offset: [-7, 0], });<\/script><\/li>\n<\/ul>\n\n\n\n<p>La ley dice que los centros regionales deben utilizar el proveedor disponible menos costoso, con costos de transporte, que pueda satisfacer las necesidades del IPP de su hijo. Sin embargo, el proveedor menos costoso debe poder satisfacer cualquier necesidad particular descrita en el IPP. Pero, si hay un proveedor menos costoso, su hijo no tendr\u00e1 que cambiar a ese proveedor si eso ocasionar\u00eda un entorno m\u00e1s restrictivo o menos integrado.<span class=\"footnote_referrer\"><a role=\"button\" tabindex=\"0\" onclick=\"footnote_moveToReference_1090_1('footnote_plugin_reference_1090_1_2');\" onkeypress=\"footnote_moveToReference_1090_1('footnote_plugin_reference_1090_1_2');\" ><sup id=\"footnote_plugin_tooltip_1090_1_2\" class=\"footnote_plugin_tooltip_text\">[2]<\/sup><\/a><span id=\"footnote_plugin_tooltip_text_1090_1_2\" class=\"footnote_tooltip\">Secci\u00f3n 4648(a)(6)(D)<\/span><\/span><script type=\"text\/javascript\"> jQuery('#footnote_plugin_tooltip_1090_1_2').tooltip({ tip: '#footnote_plugin_tooltip_text_1090_1_2', tipClass: 'footnote_tooltip', effect: 'fade', predelay: 0, fadeInSpeed: 200, delay: 400, fadeOutSpeed: 200, position: 'top center', relative: true, offset: [-7, 0], });<\/script> Los proveedores de servicios que reciben dinero federal para brindar servicios pueden ser menos costosos que los que no lo reciben. Los centros regionales tambi\u00e9n deben considerar esto al seleccionar un proveedor.<span class=\"footnote_referrer\"><a role=\"button\" tabindex=\"0\" onclick=\"footnote_moveToReference_1090_1('footnote_plugin_reference_1090_1_3');\" onkeypress=\"footnote_moveToReference_1090_1('footnote_plugin_reference_1090_1_3');\" ><sup id=\"footnote_plugin_tooltip_1090_1_3\" class=\"footnote_plugin_tooltip_text\">[3]<\/sup><\/a><span id=\"footnote_plugin_tooltip_text_1090_1_3\" class=\"footnote_tooltip\">Secci\u00f3n 4648(a)(6)(D)<\/span><\/span><script type=\"text\/javascript\"> jQuery('#footnote_plugin_tooltip_1090_1_3').tooltip({ tip: '#footnote_plugin_tooltip_text_1090_1_3', tipClass: 'footnote_tooltip', effect: 'fade', predelay: 0, fadeInSpeed: 200, delay: 400, fadeOutSpeed: 200, position: 'top center', relative: true, offset: [-7, 0], });<\/script><\/p>\n\n\n\n<p>Si el centro regional de su hijo desea cambiar al proveedor menos costoso y usted est\u00e1 de acuerdo con el cambio, debe celebrar una reuni\u00f3n de IPP, o darle una notificaci\u00f3n por escrito del cambio propuesto.<span class=\"footnote_referrer\"><a role=\"button\" tabindex=\"0\" onclick=\"footnote_moveToReference_1090_1('footnote_plugin_reference_1090_1_4');\" onkeypress=\"footnote_moveToReference_1090_1('footnote_plugin_reference_1090_1_4');\" ><sup id=\"footnote_plugin_tooltip_1090_1_4\" class=\"footnote_plugin_tooltip_text\">[4]<\/sup><\/a><span id=\"footnote_plugin_tooltip_text_1090_1_4\" class=\"footnote_tooltip\">Secci\u00f3n 4646.4(h)<\/span><\/span><script type=\"text\/javascript\"> jQuery('#footnote_plugin_tooltip_1090_1_4').tooltip({ tip: '#footnote_plugin_tooltip_text_1090_1_4', tipClass: 'footnote_tooltip', effect: 'fade', predelay: 0, fadeInSpeed: 200, delay: 400, fadeOutSpeed: 200, position: 'top center', relative: true, offset: [-7, 0], });<\/script> Si quieren reducir, detener o cambiar un servicio en el IPP de su hijo, deben avisarle con 30 d\u00edas de anticipaci\u00f3n. <span class=\"footnote_referrer\"><a role=\"button\" tabindex=\"0\" onclick=\"footnote_moveToReference_1090_1('footnote_plugin_reference_1090_1_5');\" onkeypress=\"footnote_moveToReference_1090_1('footnote_plugin_reference_1090_1_5');\" ><sup id=\"footnote_plugin_tooltip_1090_1_5\" class=\"footnote_plugin_tooltip_text\">[5]<\/sup><\/a><span id=\"footnote_plugin_tooltip_text_1090_1_5\" class=\"footnote_tooltip\">Secci\u00f3n 4710(a)<\/span><\/span><script type=\"text\/javascript\"> jQuery('#footnote_plugin_tooltip_1090_1_5').tooltip({ tip: '#footnote_plugin_tooltip_text_1090_1_5', tipClass: 'footnote_tooltip', effect: 'fade', predelay: 0, fadeInSpeed: 200, delay: 400, fadeOutSpeed: 200, position: 'top center', relative: true, offset: [-7, 0], });<\/script><\/p>\n\n\n\n<p>Por \u00faltimo, los centros regionales no pueden comprar tratamientos experimentales o servicios o dispositivos terap\u00e9uticos que no hayan demostrado su eficacia o seguridad cl\u00ednica o cient\u00edfica, o cuando se desconozcan los riesgos y los problemas. Los tratamientos o servicios terap\u00e9uticos experimentales incluyen la terapia m\u00e9dica o nutricional experimental cuando el uso del producto para ese prop\u00f3sito no es una pr\u00e1ctica m\u00e9dica general. <span class=\"footnote_referrer\"><a role=\"button\" tabindex=\"0\" onclick=\"footnote_moveToReference_1090_1('footnote_plugin_reference_1090_1_6');\" onkeypress=\"footnote_moveToReference_1090_1('footnote_plugin_reference_1090_1_6');\" ><sup id=\"footnote_plugin_tooltip_1090_1_6\" class=\"footnote_plugin_tooltip_text\">[6]<\/sup><\/a><span id=\"footnote_plugin_tooltip_text_1090_1_6\" class=\"footnote_tooltip\">Secci\u00f3n 4648(a)(16)<\/span><\/span><script type=\"text\/javascript\"> jQuery('#footnote_plugin_tooltip_1090_1_6').tooltip({ tip: '#footnote_plugin_tooltip_text_1090_1_6', tipClass: 'footnote_tooltip', effect: 'fade', predelay: 0, fadeInSpeed: 200, delay: 400, fadeOutSpeed: 200, position: 'top center', relative: true, offset: [-7, 0], });<\/script><\/p>\n<div class=\"speaker-mute footnotes_reference_container\"> <div class=\"footnote_container_prepare\"><p><span role=\"button\" tabindex=\"0\" class=\"footnote_reference_container_label pointer\" onclick=\"footnote_expand_collapse_reference_container_1090_1();\">&#x202F;<\/span><span role=\"button\" tabindex=\"0\" class=\"footnote_reference_container_collapse_button\" style=\"display: none;\" onclick=\"footnote_expand_collapse_reference_container_1090_1();\">[<a id=\"footnote_reference_container_collapse_button_1090_1\">+<\/a>]<\/span><\/p><\/div> <div id=\"footnote_references_container_1090_1\" style=\"\"><table class=\"footnotes_table footnote-reference-container\"><caption class=\"accessibility\">References<\/caption> <tbody> \r\n\r\n<tr class=\"footnotes_plugin_reference_row\"> <th scope=\"row\" class=\"footnote_plugin_index_combi pointer\"  onclick=\"footnote_moveToAnchor_1090_1('footnote_plugin_tooltip_1090_1_1');\"><a id=\"footnote_plugin_reference_1090_1_1\" class=\"footnote_backlink\"><span class=\"footnote_index_arrow\">&#8593;<\/span>1<\/a><\/th> <td class=\"footnote_plugin_text\">Secci\u00f3n 4648(a)(6)<\/td><\/tr>\r\n\r\n<tr class=\"footnotes_plugin_reference_row\"> <th scope=\"row\" class=\"footnote_plugin_index_combi\" ><a id=\"footnote_plugin_reference_1090_1_2\" class=\"footnote_backlink\" onclick=\"footnote_moveToAnchor_1090_1('footnote_plugin_tooltip_1090_1_2');\"><span class=\"footnote_index_arrow\">&#8593;<\/span>2,<\/a> <a id=\"footnote_plugin_reference_1090_1_3\" class=\"footnote_backlink\" onclick=\"footnote_moveToAnchor_1090_1('footnote_plugin_tooltip_1090_1_3');\"><span class=\"footnote_index_arrow\">&#8593;<\/span>3<\/a><\/th> <td class=\"footnote_plugin_text\">Secci\u00f3n 4648(a)(6)(D)<\/td><\/tr>\r\n\r\n<tr class=\"footnotes_plugin_reference_row\"> <th scope=\"row\" class=\"footnote_plugin_index_combi pointer\"  onclick=\"footnote_moveToAnchor_1090_1('footnote_plugin_tooltip_1090_1_4');\"><a id=\"footnote_plugin_reference_1090_1_4\" class=\"footnote_backlink\"><span class=\"footnote_index_arrow\">&#8593;<\/span>4<\/a><\/th> <td class=\"footnote_plugin_text\">Secci\u00f3n 4646.4(h)<\/td><\/tr>\r\n\r\n<tr class=\"footnotes_plugin_reference_row\"> <th scope=\"row\" class=\"footnote_plugin_index_combi pointer\"  onclick=\"footnote_moveToAnchor_1090_1('footnote_plugin_tooltip_1090_1_5');\"><a id=\"footnote_plugin_reference_1090_1_5\" class=\"footnote_backlink\"><span class=\"footnote_index_arrow\">&#8593;<\/span>5<\/a><\/th> <td class=\"footnote_plugin_text\">Secci\u00f3n 4710(a)<\/td><\/tr>\r\n\r\n<tr class=\"footnotes_plugin_reference_row\"> <th scope=\"row\" class=\"footnote_plugin_index_combi pointer\"  onclick=\"footnote_moveToAnchor_1090_1('footnote_plugin_tooltip_1090_1_6');\"><a id=\"footnote_plugin_reference_1090_1_6\" class=\"footnote_backlink\"><span class=\"footnote_index_arrow\">&#8593;<\/span>6<\/a><\/th> <td class=\"footnote_plugin_text\">Secci\u00f3n 4648(a)(16)<\/td><\/tr>\r\n\r\n <\/tbody> <\/table> <\/div><\/div><script type=\"text\/javascript\"> function footnote_expand_reference_container_1090_1() { jQuery('#footnote_references_container_1090_1').show(); jQuery('#footnote_reference_container_collapse_button_1090_1').text('\u2212'); } function footnote_collapse_reference_container_1090_1() { jQuery('#footnote_references_container_1090_1').hide(); jQuery('#footnote_reference_container_collapse_button_1090_1').text('+'); } function footnote_expand_collapse_reference_container_1090_1() { if (jQuery('#footnote_references_container_1090_1').is(':hidden')) { footnote_expand_reference_container_1090_1(); } else { footnote_collapse_reference_container_1090_1(); } } function footnote_moveToReference_1090_1(p_str_TargetID) { footnote_expand_reference_container_1090_1(); var l_obj_Target = jQuery('#' + p_str_TargetID); if (l_obj_Target.length) { jQuery( 'html, body' ).delay( 0 ); jQuery('html, body').animate({ scrollTop: l_obj_Target.offset().top - window.innerHeight * 0.2 }, 380); } } function footnote_moveToAnchor_1090_1(p_str_TargetID) { footnote_expand_reference_container_1090_1(); var l_obj_Target = jQuery('#' + p_str_TargetID); if (l_obj_Target.length) { jQuery( 'html, body' ).delay( 0 ); jQuery('html, body').animate({ scrollTop: l_obj_Target.offset().top - window.innerHeight * 0.2 }, 380); } }<\/script>","protected":false},"excerpt":{"rendered":"<p>Al seleccionar un proveedor, la Ley Lanterman dice que el equipo de IPP debe considerar: La ley dice que los centros regionales deben utilizar el&hellip;<\/p>\n","protected":false},"author":1,"featured_media":0,"parent":219,"menu_order":9,"comment_status":"closed","ping_status":"closed","template":"","meta":{"footnotes":""},"class_list":["post-1090","page","type-page","status-publish","hentry"],"_links":{"self":[{"href":"https:\/\/rula.disabilityrightsca.org\/es\/wp-json\/wp\/v2\/pages\/1090","targetHints":{"allow":["GET"]}}],"collection":[{"href":"https:\/\/rula.disabilityrightsca.org\/es\/wp-json\/wp\/v2\/pages"}],"about":[{"href":"https:\/\/rula.disabilityrightsca.org\/es\/wp-json\/wp\/v2\/types\/page"}],"author":[{"embeddable":true,"href":"https:\/\/rula.disabilityrightsca.org\/es\/wp-json\/wp\/v2\/users\/1"}],"replies":[{"embeddable":true,"href":"https:\/\/rula.disabilityrightsca.org\/es\/wp-json\/wp\/v2\/comments?post=1090"}],"version-history":[{"count":7,"href":"https:\/\/rula.disabilityrightsca.org\/es\/wp-json\/wp\/v2\/pages\/1090\/revisions"}],"predecessor-version":[{"id":3797,"href":"https:\/\/rula.disabilityrightsca.org\/es\/wp-json\/wp\/v2\/pages\/1090\/revisions\/3797"}],"up":[{"embeddable":true,"href":"https:\/\/rula.disabilityrightsca.org\/es\/wp-json\/wp\/v2\/pages\/219"}],"wp:attachment":[{"href":"https:\/\/rula.disabilityrightsca.org\/es\/wp-json\/wp\/v2\/media?parent=1090"}],"curies":[{"name":"wp","href":"https:\/\/api.w.org\/{rel}","templated":true}]}}