{"id":1088,"date":"2021-05-13T18:51:24","date_gmt":"2021-05-13T18:51:24","guid":{"rendered":"http:\/\/www.rula.disabilityrightsca.org\/es\/?page_id=1088"},"modified":"2023-12-05T00:39:19","modified_gmt":"2023-12-05T00:39:19","slug":"6-8-pueden-los-centros-regionales-pagar-los-servicios-medicos-o-dentales","status":"publish","type":"page","link":"https:\/\/rula.disabilityrightsca.org\/es\/rula-book\/capitulo-6-mantener-unida-a-la-familia-servicios-y-apoyos-para-ninos\/6-8-pueden-los-centros-regionales-pagar-los-servicios-medicos-o-dentales\/","title":{"rendered":"(6.8) \u00bfLos centros regionales pueden pagar los servicios m\u00e9dicos o dentales?"},"content":{"rendered":"\n<p>La Ley Lanterman dice que los centros regionales pueden pagar estos servicios para ni\u00f1os mayores de tres a\u00f1os solo en algunas situaciones:<\/p>\n\n\n\n<ul class=\"wp-block-list\">\n<li>Usted intent\u00f3 obtener los servicios de Medi-Cal o de un seguro, le negaron los servicios y es poco probable que tenga \u00e9xito en una apelaci\u00f3n.<\/li>\n\n\n\n<li>Est\u00e1 tratando de obtener Medi-Cal o un seguro que, para cubrirlos, y Medi-Cal o el seguro a\u00fan no ha negado la cobertura.<\/li>\n\n\n\n<li>Si se le niega Medi-Cal o el seguro y usted apel\u00f3, el centro regional puede pagar los servicios durante el proceso de apelaci\u00f3n.<\/li>\n\n\n\n<li>Solicit\u00f3 Medi-Cal o cobertura de seguro, pero la cobertura a\u00fan no ha comenzado.<span class=\"footnote_referrer\"><a role=\"button\" tabindex=\"0\" onclick=\"footnote_moveToReference_1088_1('footnote_plugin_reference_1088_1_1');\" onkeypress=\"footnote_moveToReference_1088_1('footnote_plugin_reference_1088_1_1');\" ><sup id=\"footnote_plugin_tooltip_1088_1_1\" class=\"footnote_plugin_tooltip_text\">[1]<\/sup><\/a><span id=\"footnote_plugin_tooltip_text_1088_1_1\" class=\"footnote_tooltip\">Secci\u00f3n 4659(d)(1)<\/span><\/span><script type=\"text\/javascript\"> jQuery('#footnote_plugin_tooltip_1088_1_1').tooltip({ tip: '#footnote_plugin_tooltip_text_1088_1_1', tipClass: 'footnote_tooltip', effect: 'fade', predelay: 0, fadeInSpeed: 200, delay: 400, fadeOutSpeed: 200, position: 'top center', relative: true, offset: [-7, 0], });<\/script><\/li>\n<\/ul>\n<div class=\"speaker-mute footnotes_reference_container\"> <div class=\"footnote_container_prepare\"><p><span role=\"button\" tabindex=\"0\" class=\"footnote_reference_container_label pointer\" onclick=\"footnote_expand_collapse_reference_container_1088_1();\">&#x202F;<\/span><span role=\"button\" tabindex=\"0\" class=\"footnote_reference_container_collapse_button\" style=\"display: none;\" onclick=\"footnote_expand_collapse_reference_container_1088_1();\">[<a id=\"footnote_reference_container_collapse_button_1088_1\">+<\/a>]<\/span><\/p><\/div> <div id=\"footnote_references_container_1088_1\" style=\"\"><table class=\"footnotes_table footnote-reference-container\"><caption class=\"accessibility\">References<\/caption> <tbody> \r\n\r\n<tr class=\"footnotes_plugin_reference_row\"> <th scope=\"row\" class=\"footnote_plugin_index_combi pointer\"  onclick=\"footnote_moveToAnchor_1088_1('footnote_plugin_tooltip_1088_1_1');\"><a id=\"footnote_plugin_reference_1088_1_1\" class=\"footnote_backlink\"><span class=\"footnote_index_arrow\">&#8593;<\/span>1<\/a><\/th> <td class=\"footnote_plugin_text\">Secci\u00f3n 4659(d)(1)<\/td><\/tr>\r\n\r\n <\/tbody> <\/table> <\/div><\/div><script type=\"text\/javascript\"> function footnote_expand_reference_container_1088_1() { jQuery('#footnote_references_container_1088_1').show(); jQuery('#footnote_reference_container_collapse_button_1088_1').text('\u2212'); } function footnote_collapse_reference_container_1088_1() { jQuery('#footnote_references_container_1088_1').hide(); jQuery('#footnote_reference_container_collapse_button_1088_1').text('+'); } function footnote_expand_collapse_reference_container_1088_1() { if (jQuery('#footnote_references_container_1088_1').is(':hidden')) { footnote_expand_reference_container_1088_1(); } else { footnote_collapse_reference_container_1088_1(); } } function footnote_moveToReference_1088_1(p_str_TargetID) { footnote_expand_reference_container_1088_1(); var l_obj_Target = jQuery('#' + p_str_TargetID); if (l_obj_Target.length) { jQuery( 'html, body' ).delay( 0 ); jQuery('html, body').animate({ scrollTop: l_obj_Target.offset().top - window.innerHeight * 0.2 }, 380); } } function footnote_moveToAnchor_1088_1(p_str_TargetID) { footnote_expand_reference_container_1088_1(); var l_obj_Target = jQuery('#' + p_str_TargetID); if (l_obj_Target.length) { jQuery( 'html, body' ).delay( 0 ); jQuery('html, body').animate({ scrollTop: l_obj_Target.offset().top - window.innerHeight * 0.2 }, 380); } }<\/script>","protected":false},"excerpt":{"rendered":"<p>La Ley Lanterman dice que los centros regionales pueden pagar estos servicios para ni\u00f1os mayores de tres a\u00f1os solo en algunas situaciones:<\/p>\n","protected":false},"author":1,"featured_media":0,"parent":219,"menu_order":8,"comment_status":"closed","ping_status":"closed","template":"","meta":{"footnotes":""},"class_list":["post-1088","page","type-page","status-publish","hentry"],"_links":{"self":[{"href":"https:\/\/rula.disabilityrightsca.org\/es\/wp-json\/wp\/v2\/pages\/1088","targetHints":{"allow":["GET"]}}],"collection":[{"href":"https:\/\/rula.disabilityrightsca.org\/es\/wp-json\/wp\/v2\/pages"}],"about":[{"href":"https:\/\/rula.disabilityrightsca.org\/es\/wp-json\/wp\/v2\/types\/page"}],"author":[{"embeddable":true,"href":"https:\/\/rula.disabilityrightsca.org\/es\/wp-json\/wp\/v2\/users\/1"}],"replies":[{"embeddable":true,"href":"https:\/\/rula.disabilityrightsca.org\/es\/wp-json\/wp\/v2\/comments?post=1088"}],"version-history":[{"count":4,"href":"https:\/\/rula.disabilityrightsca.org\/es\/wp-json\/wp\/v2\/pages\/1088\/revisions"}],"predecessor-version":[{"id":3774,"href":"https:\/\/rula.disabilityrightsca.org\/es\/wp-json\/wp\/v2\/pages\/1088\/revisions\/3774"}],"up":[{"embeddable":true,"href":"https:\/\/rula.disabilityrightsca.org\/es\/wp-json\/wp\/v2\/pages\/219"}],"wp:attachment":[{"href":"https:\/\/rula.disabilityrightsca.org\/es\/wp-json\/wp\/v2\/media?parent=1088"}],"curies":[{"name":"wp","href":"https:\/\/api.w.org\/{rel}","templated":true}]}}