{"id":1086,"date":"2021-05-13T18:49:34","date_gmt":"2021-05-13T18:49:34","guid":{"rendered":"http:\/\/www.rula.disabilityrightsca.org\/es\/?page_id=1086"},"modified":"2023-12-05T00:38:44","modified_gmt":"2023-12-05T00:38:44","slug":"6-7-como-funcionan-los-apoyos-naturales-como-recurso-generico","status":"publish","type":"page","link":"https:\/\/rula.disabilityrightsca.org\/es\/rula-book\/capitulo-6-mantener-unida-a-la-familia-servicios-y-apoyos-para-ninos\/6-7-como-funcionan-los-apoyos-naturales-como-recurso-generico\/","title":{"rendered":"(6.7) \u00bfC\u00f3mo funcionan los apoyos naturales como recurso gen\u00e9rico?"},"content":{"rendered":"\n<p>Los apoyos naturales son personas como miembros de la familia, amigos, alumnos, compa\u00f1eros de trabajo y otras relaciones establecidas en la comunidad que ya est\u00e1n en la vida de un ni\u00f1o y que pueden ayudarlo a alcanzar las metas del IPP.<span class=\"footnote_referrer\"><a role=\"button\" tabindex=\"0\" onclick=\"footnote_moveToReference_1086_1('footnote_plugin_reference_1086_1_1');\" onkeypress=\"footnote_moveToReference_1086_1('footnote_plugin_reference_1086_1_1');\" ><sup id=\"footnote_plugin_tooltip_1086_1_1\" class=\"footnote_plugin_tooltip_text\">[1]<\/sup><\/a><span id=\"footnote_plugin_tooltip_text_1086_1_1\" class=\"footnote_tooltip\">Secciones 4512(e) y 4646.5(a)(5)<\/span><\/span><script type=\"text\/javascript\"> jQuery('#footnote_plugin_tooltip_1086_1_1').tooltip({ tip: '#footnote_plugin_tooltip_text_1086_1_1', tipClass: 'footnote_tooltip', effect: 'fade', predelay: 0, fadeInSpeed: 200, delay: 400, fadeOutSpeed: 200, position: 'top center', relative: true, offset: [-7, 0], });<\/script> Los apoyos naturales para los ni\u00f1os suelen ser los padres y la familia, quienes pueden ayudarlos. Se supone que los servicios de apoyo familiar que brindan los centros regionales reconocen y se basan en los apoyos naturales que los ni\u00f1os tienen en sus vidas.<span class=\"footnote_referrer\"><a role=\"button\" tabindex=\"0\" onclick=\"footnote_moveToReference_1086_1('footnote_plugin_reference_1086_1_2');\" onkeypress=\"footnote_moveToReference_1086_1('footnote_plugin_reference_1086_1_2');\" ><sup id=\"footnote_plugin_tooltip_1086_1_2\" class=\"footnote_plugin_tooltip_text\">[2]<\/sup><\/a><span id=\"footnote_plugin_tooltip_text_1086_1_2\" class=\"footnote_tooltip\">Secci\u00f3n 4685(b)(3)<\/span><\/span><script type=\"text\/javascript\"> jQuery('#footnote_plugin_tooltip_1086_1_2').tooltip({ tip: '#footnote_plugin_tooltip_text_1086_1_2', tipClass: 'footnote_tooltip', effect: 'fade', predelay: 0, fadeInSpeed: 200, delay: 400, fadeOutSpeed: 200, position: 'top center', relative: true, offset: [-7, 0], });<\/script> Para ampliar la disponibilidad de servicios, los centros regionales pueden utilizar apoyos naturales.<span class=\"footnote_referrer\"><a role=\"button\" tabindex=\"0\" onclick=\"footnote_moveToReference_1086_1('footnote_plugin_reference_1086_1_3');\" onkeypress=\"footnote_moveToReference_1086_1('footnote_plugin_reference_1086_1_3');\" ><sup id=\"footnote_plugin_tooltip_1086_1_3\" class=\"footnote_plugin_tooltip_text\">[3]<\/sup><\/a><span id=\"footnote_plugin_tooltip_text_1086_1_3\" class=\"footnote_tooltip\">Secci\u00f3n 4648(e)(3)<\/span><\/span><script type=\"text\/javascript\"> jQuery('#footnote_plugin_tooltip_1086_1_3').tooltip({ tip: '#footnote_plugin_tooltip_text_1086_1_3', tipClass: 'footnote_tooltip', effect: 'fade', predelay: 0, fadeInSpeed: 200, delay: 400, fadeOutSpeed: 200, position: 'top center', relative: true, offset: [-7, 0], });<\/script> Al desarrollar el IPP de un ni\u00f1o, el coordinador de servicios del centro regional explorar\u00e1 los apoyos naturales del ni\u00f1o que pueden y est\u00e1n dispuestos a brindar algunos servicios de IPP. Un centro regional probablemente considerar\u00e1 que los padres de un ni\u00f1o brindan naturalmente servicios y apoyos similares a los que le brindar\u00edan a un ni\u00f1o de la misma edad sin una discapacidad.<span class=\"footnote_referrer\"><a role=\"button\" tabindex=\"0\" onclick=\"footnote_moveToReference_1086_1('footnote_plugin_reference_1086_1_4');\" onkeypress=\"footnote_moveToReference_1086_1('footnote_plugin_reference_1086_1_4');\" ><sup id=\"footnote_plugin_tooltip_1086_1_4\" class=\"footnote_plugin_tooltip_text\">[4]<\/sup><\/a><span id=\"footnote_plugin_tooltip_text_1086_1_4\" class=\"footnote_tooltip\">Secci\u00f3n 4646.4(a)(4)<\/span><\/span><script type=\"text\/javascript\"> jQuery('#footnote_plugin_tooltip_1086_1_4').tooltip({ tip: '#footnote_plugin_tooltip_text_1086_1_4', tipClass: 'footnote_tooltip', effect: 'fade', predelay: 0, fadeInSpeed: 200, delay: 400, fadeOutSpeed: 200, position: 'top center', relative: true, offset: [-7, 0], });<\/script><\/p>\n<div class=\"speaker-mute footnotes_reference_container\"> <div class=\"footnote_container_prepare\"><p><span role=\"button\" tabindex=\"0\" class=\"footnote_reference_container_label pointer\" onclick=\"footnote_expand_collapse_reference_container_1086_1();\">&#x202F;<\/span><span role=\"button\" tabindex=\"0\" class=\"footnote_reference_container_collapse_button\" style=\"display: none;\" onclick=\"footnote_expand_collapse_reference_container_1086_1();\">[<a id=\"footnote_reference_container_collapse_button_1086_1\">+<\/a>]<\/span><\/p><\/div> <div id=\"footnote_references_container_1086_1\" style=\"\"><table class=\"footnotes_table footnote-reference-container\"><caption class=\"accessibility\">References<\/caption> <tbody> \r\n\r\n<tr class=\"footnotes_plugin_reference_row\"> <th scope=\"row\" class=\"footnote_plugin_index_combi pointer\"  onclick=\"footnote_moveToAnchor_1086_1('footnote_plugin_tooltip_1086_1_1');\"><a id=\"footnote_plugin_reference_1086_1_1\" class=\"footnote_backlink\"><span class=\"footnote_index_arrow\">&#8593;<\/span>1<\/a><\/th> <td class=\"footnote_plugin_text\">Secciones 4512(e) y 4646.5(a)(5)<\/td><\/tr>\r\n\r\n<tr class=\"footnotes_plugin_reference_row\"> <th scope=\"row\" class=\"footnote_plugin_index_combi pointer\"  onclick=\"footnote_moveToAnchor_1086_1('footnote_plugin_tooltip_1086_1_2');\"><a id=\"footnote_plugin_reference_1086_1_2\" class=\"footnote_backlink\"><span class=\"footnote_index_arrow\">&#8593;<\/span>2<\/a><\/th> <td class=\"footnote_plugin_text\">Secci\u00f3n 4685(b)(3)<\/td><\/tr>\r\n\r\n<tr class=\"footnotes_plugin_reference_row\"> <th scope=\"row\" class=\"footnote_plugin_index_combi pointer\"  onclick=\"footnote_moveToAnchor_1086_1('footnote_plugin_tooltip_1086_1_3');\"><a id=\"footnote_plugin_reference_1086_1_3\" class=\"footnote_backlink\"><span class=\"footnote_index_arrow\">&#8593;<\/span>3<\/a><\/th> <td class=\"footnote_plugin_text\">Secci\u00f3n 4648(e)(3)<\/td><\/tr>\r\n\r\n<tr class=\"footnotes_plugin_reference_row\"> <th scope=\"row\" class=\"footnote_plugin_index_combi pointer\"  onclick=\"footnote_moveToAnchor_1086_1('footnote_plugin_tooltip_1086_1_4');\"><a id=\"footnote_plugin_reference_1086_1_4\" class=\"footnote_backlink\"><span class=\"footnote_index_arrow\">&#8593;<\/span>4<\/a><\/th> <td class=\"footnote_plugin_text\">Secci\u00f3n 4646.4(a)(4)<\/td><\/tr>\r\n\r\n <\/tbody> <\/table> <\/div><\/div><script type=\"text\/javascript\"> function footnote_expand_reference_container_1086_1() { jQuery('#footnote_references_container_1086_1').show(); jQuery('#footnote_reference_container_collapse_button_1086_1').text('\u2212'); } function footnote_collapse_reference_container_1086_1() { jQuery('#footnote_references_container_1086_1').hide(); jQuery('#footnote_reference_container_collapse_button_1086_1').text('+'); } function footnote_expand_collapse_reference_container_1086_1() { if (jQuery('#footnote_references_container_1086_1').is(':hidden')) { footnote_expand_reference_container_1086_1(); } else { footnote_collapse_reference_container_1086_1(); } } function footnote_moveToReference_1086_1(p_str_TargetID) { footnote_expand_reference_container_1086_1(); var l_obj_Target = jQuery('#' + p_str_TargetID); if (l_obj_Target.length) { jQuery( 'html, body' ).delay( 0 ); jQuery('html, body').animate({ scrollTop: l_obj_Target.offset().top - window.innerHeight * 0.2 }, 380); } } function footnote_moveToAnchor_1086_1(p_str_TargetID) { footnote_expand_reference_container_1086_1(); var l_obj_Target = jQuery('#' + p_str_TargetID); if (l_obj_Target.length) { jQuery( 'html, body' ).delay( 0 ); jQuery('html, body').animate({ scrollTop: l_obj_Target.offset().top - window.innerHeight * 0.2 }, 380); } }<\/script>","protected":false},"excerpt":{"rendered":"<p>Los apoyos naturales son personas como miembros de la familia, amigos, alumnos, compa\u00f1eros de trabajo y otras relaciones establecidas en la comunidad que ya est\u00e1n&hellip;<\/p>\n","protected":false},"author":1,"featured_media":0,"parent":219,"menu_order":7,"comment_status":"closed","ping_status":"closed","template":"","meta":{"footnotes":""},"class_list":["post-1086","page","type-page","status-publish","hentry"],"_links":{"self":[{"href":"https:\/\/rula.disabilityrightsca.org\/es\/wp-json\/wp\/v2\/pages\/1086","targetHints":{"allow":["GET"]}}],"collection":[{"href":"https:\/\/rula.disabilityrightsca.org\/es\/wp-json\/wp\/v2\/pages"}],"about":[{"href":"https:\/\/rula.disabilityrightsca.org\/es\/wp-json\/wp\/v2\/types\/page"}],"author":[{"embeddable":true,"href":"https:\/\/rula.disabilityrightsca.org\/es\/wp-json\/wp\/v2\/users\/1"}],"replies":[{"embeddable":true,"href":"https:\/\/rula.disabilityrightsca.org\/es\/wp-json\/wp\/v2\/comments?post=1086"}],"version-history":[{"count":4,"href":"https:\/\/rula.disabilityrightsca.org\/es\/wp-json\/wp\/v2\/pages\/1086\/revisions"}],"predecessor-version":[{"id":3773,"href":"https:\/\/rula.disabilityrightsca.org\/es\/wp-json\/wp\/v2\/pages\/1086\/revisions\/3773"}],"up":[{"embeddable":true,"href":"https:\/\/rula.disabilityrightsca.org\/es\/wp-json\/wp\/v2\/pages\/219"}],"wp:attachment":[{"href":"https:\/\/rula.disabilityrightsca.org\/es\/wp-json\/wp\/v2\/media?parent=1086"}],"curies":[{"name":"wp","href":"https:\/\/api.w.org\/{rel}","templated":true}]}}