{"id":1080,"date":"2021-05-13T18:40:52","date_gmt":"2021-05-13T18:40:52","guid":{"rendered":"http:\/\/www.rula.disabilityrightsca.org\/es\/?page_id=1080"},"modified":"2023-12-05T00:35:25","modified_gmt":"2023-12-05T00:35:25","slug":"6-4-como-involucra-a-las-familias-el-proceso-del-plan-de-programa-individual-ipp","status":"publish","type":"page","link":"https:\/\/rula.disabilityrightsca.org\/es\/rula-book\/capitulo-6-mantener-unida-a-la-familia-servicios-y-apoyos-para-ninos\/6-4-como-involucra-a-las-familias-el-proceso-del-plan-de-programa-individual-ipp\/","title":{"rendered":"(6.4) \u00bfC\u00f3mo involucra a las familias el proceso del Plan de Programa Individual (IPP)?"},"content":{"rendered":"\n<p>El IPP de su hijo debe incluir un \u201ccomponente de plan familiar\u201d que analice los servicios y apoyos que su hijo necesita para permanecer en el hogar familiar.<span class=\"footnote_referrer\"><a role=\"button\" tabindex=\"0\" onclick=\"footnote_moveToReference_1080_1('footnote_plugin_reference_1080_1_1');\" onkeypress=\"footnote_moveToReference_1080_1('footnote_plugin_reference_1080_1_1');\" ><sup id=\"footnote_plugin_tooltip_1080_1_1\" class=\"footnote_plugin_tooltip_text\">[1]<\/sup><\/a><span id=\"footnote_plugin_tooltip_text_1080_1_1\" class=\"footnote_tooltip\">Secci\u00f3n 4685(c)(2).<\/span><\/span><script type=\"text\/javascript\"> jQuery('#footnote_plugin_tooltip_1080_1_1').tooltip({ tip: '#footnote_plugin_tooltip_text_1080_1_1', tipClass: 'footnote_tooltip', effect: 'fade', predelay: 0, fadeInSpeed: 200, delay: 400, fadeOutSpeed: 200, position: 'top center', relative: true, offset: [-7, 0], });<\/script> Su hijo solo puede recibir los servicios enumerados en su IPP. Puede solicitar una reuni\u00f3n de IPP para su hijo en cualquier momento, y esta debe tener lugar dentro de los 30 d\u00edas posteriores a su solicitud. Puede obtener una reuni\u00f3n de IPP en siete d\u00edas, si la salud o seguridad de su hijo o la ubicaci\u00f3n en su hogar se encuentran amenazadas.<span class=\"footnote_referrer\"><a role=\"button\" tabindex=\"0\" onclick=\"footnote_moveToReference_1080_1('footnote_plugin_reference_1080_1_2');\" onkeypress=\"footnote_moveToReference_1080_1('footnote_plugin_reference_1080_1_2');\" ><sup id=\"footnote_plugin_tooltip_1080_1_2\" class=\"footnote_plugin_tooltip_text\">[2]<\/sup><\/a><span id=\"footnote_plugin_tooltip_text_1080_1_2\" class=\"footnote_tooltip\">Secci\u00f3n 4646.5(b)<\/span><\/span><script type=\"text\/javascript\"> jQuery('#footnote_plugin_tooltip_1080_1_2').tooltip({ tip: '#footnote_plugin_tooltip_text_1080_1_2', tipClass: 'footnote_tooltip', effect: 'fade', predelay: 0, fadeInSpeed: 200, delay: 400, fadeOutSpeed: 200, position: 'top center', relative: true, offset: [-7, 0], });<\/script> A esto a veces se le llama una \u201creuni\u00f3n de emergencia de IPP\u201d.<\/p>\n\n\n\n<p>Las metas del IPP se crean al observar las fortalezas, preferencias y necesidades de su hijo, y las necesidades de toda su familia, y deben incluir informaci\u00f3n suya.<span class=\"footnote_referrer\"><a role=\"button\" tabindex=\"0\" onclick=\"footnote_moveToReference_1080_1('footnote_plugin_reference_1080_1_3');\" onkeypress=\"footnote_moveToReference_1080_1('footnote_plugin_reference_1080_1_3');\" ><sup id=\"footnote_plugin_tooltip_1080_1_3\" class=\"footnote_plugin_tooltip_text\">[3]<\/sup><\/a><span id=\"footnote_plugin_tooltip_text_1080_1_3\" class=\"footnote_tooltip\">Secci\u00f3n 4646.5(a)(1)<\/span><\/span><script type=\"text\/javascript\"> jQuery('#footnote_plugin_tooltip_1080_1_3').tooltip({ tip: '#footnote_plugin_tooltip_text_1080_1_3', tipClass: 'footnote_tooltip', effect: 'fade', predelay: 0, fadeInSpeed: 200, delay: 400, fadeOutSpeed: 200, position: 'top center', relative: true, offset: [-7, 0], });<\/script> El IPP debe tener objetivos mensurables y de tiempo limitado para cada meta. Estas metas y objetivos deben garantizar que su hijo tenga la oportunidad de ser parte de la vida comunitaria.<span class=\"footnote_referrer\"><a role=\"button\" tabindex=\"0\" onclick=\"footnote_moveToReference_1080_1('footnote_plugin_reference_1080_1_4');\" onkeypress=\"footnote_moveToReference_1080_1('footnote_plugin_reference_1080_1_4');\" ><sup id=\"footnote_plugin_tooltip_1080_1_4\" class=\"footnote_plugin_tooltip_text\">[4]<\/sup><\/a><span id=\"footnote_plugin_tooltip_text_1080_1_4\" class=\"footnote_tooltip\">Secci\u00f3n 4646.5(a)(2)<\/span><\/span><script type=\"text\/javascript\"> jQuery('#footnote_plugin_tooltip_1080_1_4').tooltip({ tip: '#footnote_plugin_tooltip_text_1080_1_4', tipClass: 'footnote_tooltip', effect: 'fade', predelay: 0, fadeInSpeed: 200, delay: 400, fadeOutSpeed: 200, position: 'top center', relative: true, offset: [-7, 0], });<\/script> Los IPP deben seguir los requisitos de la Secci\u00f3n 4685 de la Ley Lanterman, que otorga una alta prioridad a los ni\u00f1os que viven con sus familias.<span class=\"footnote_referrer\"><a role=\"button\" tabindex=\"0\" onclick=\"footnote_moveToReference_1080_1('footnote_plugin_reference_1080_1_5');\" onkeypress=\"footnote_moveToReference_1080_1('footnote_plugin_reference_1080_1_5');\" ><sup id=\"footnote_plugin_tooltip_1080_1_5\" class=\"footnote_plugin_tooltip_text\">[5]<\/sup><\/a><span id=\"footnote_plugin_tooltip_text_1080_1_5\" class=\"footnote_tooltip\">Secci\u00f3n 4646.5(a)(3)<\/span><\/span><script type=\"text\/javascript\"> jQuery('#footnote_plugin_tooltip_1080_1_5').tooltip({ tip: '#footnote_plugin_tooltip_text_1080_1_5', tipClass: 'footnote_tooltip', effect: 'fade', predelay: 0, fadeInSpeed: 200, delay: 400, fadeOutSpeed: 200, position: 'top center', relative: true, offset: [-7, 0], });<\/script> El IPP debe incluir un cronograma de servicios proporcionados, cu\u00e1ndo comenzar\u00e1n los servicios y qui\u00e9n los proporcionar\u00e1.<span class=\"footnote_referrer\"><a role=\"button\" tabindex=\"0\" onclick=\"footnote_moveToReference_1080_1('footnote_plugin_reference_1080_1_6');\" onkeypress=\"footnote_moveToReference_1080_1('footnote_plugin_reference_1080_1_6');\" ><sup id=\"footnote_plugin_tooltip_1080_1_6\" class=\"footnote_plugin_tooltip_text\">[6]<\/sup><\/a><span id=\"footnote_plugin_tooltip_text_1080_1_6\" class=\"footnote_tooltip\">Secci\u00f3n 4646.5(a)(5)<\/span><\/span><script type=\"text\/javascript\"> jQuery('#footnote_plugin_tooltip_1080_1_6').tooltip({ tip: '#footnote_plugin_tooltip_text_1080_1_6', tipClass: 'footnote_tooltip', effect: 'fade', predelay: 0, fadeInSpeed: 200, delay: 400, fadeOutSpeed: 200, position: 'top center', relative: true, offset: [-7, 0], });<\/script><\/p>\n\n\n\n<p>Al final de la reuni\u00f3n del IPP, el centro regional debe brindarle una lista de los servicios y apoyos que ambos acordaron en la reuni\u00f3n.<span class=\"footnote_referrer\"><a role=\"button\" tabindex=\"0\" onclick=\"footnote_moveToReference_1080_1('footnote_plugin_reference_1080_1_7');\" onkeypress=\"footnote_moveToReference_1080_1('footnote_plugin_reference_1080_1_7');\" ><sup id=\"footnote_plugin_tooltip_1080_1_7\" class=\"footnote_plugin_tooltip_text\">[7]<\/sup><\/a><span id=\"footnote_plugin_tooltip_text_1080_1_7\" class=\"footnote_tooltip\">Secci\u00f3n 4646(g)<\/span><\/span><script type=\"text\/javascript\"> jQuery('#footnote_plugin_tooltip_1080_1_7').tooltip({ tip: '#footnote_plugin_tooltip_text_1080_1_7', tipClass: 'footnote_tooltip', effect: 'fade', predelay: 0, fadeInSpeed: 200, delay: 400, fadeOutSpeed: 200, position: 'top center', relative: true, offset: [-7, 0], });<\/script> La lista debe decir lo siguiente:<\/p>\n\n\n\n<ul class=\"wp-block-list\">\n<li>cu\u00e1ndo comenzar\u00e1n los servicios,<\/li>\n\n\n\n<li>con qu\u00e9 frecuencia recibir\u00e1 los servicios y cu\u00e1nto durar\u00e1n, y<\/li>\n\n\n\n<li>el proveedor de servicios (si se conoce).<\/li>\n<\/ul>\n\n\n\n<p>Deber\u00e1 firmar la lista de servicios y apoyos acordados para que puedan comenzar. El centro regional deber\u00e1 darle esta lista por escrito o electr\u00f3nicamente. La lista tambi\u00e9n debe estar en su idioma nativo. Si no est\u00e1 de acuerdo con los servicios en la reuni\u00f3n del IPP, puede retrasar la obtenci\u00f3n de la lista de apoyos y servicios hasta que est\u00e9 de acuerdo. El centro regional debe celebrar otra reuni\u00f3n del IPP en un plazo de 15 d\u00edas (o m\u00e1s tarde, si lo desea) para llegar a un acuerdo final. En ese momento, el centro regional tiene que darle una lista de apoyos y servicios en su idioma nativo.<span class=\"footnote_referrer\"><a role=\"button\" tabindex=\"0\" onclick=\"footnote_moveToReference_1080_1('footnote_plugin_reference_1080_1_8');\" onkeypress=\"footnote_moveToReference_1080_1('footnote_plugin_reference_1080_1_8');\" ><sup id=\"footnote_plugin_tooltip_1080_1_8\" class=\"footnote_plugin_tooltip_text\">[8]<\/sup><\/a><span id=\"footnote_plugin_tooltip_text_1080_1_8\" class=\"footnote_tooltip\">4646(h)<\/span><\/span><script type=\"text\/javascript\"> jQuery('#footnote_plugin_tooltip_1080_1_8').tooltip({ tip: '#footnote_plugin_tooltip_text_1080_1_8', tipClass: 'footnote_tooltip', effect: 'fade', predelay: 0, fadeInSpeed: 200, delay: 400, fadeOutSpeed: 200, position: 'top center', relative: true, offset: [-7, 0], });<\/script><\/p>\n\n\n\n<p>Si cree que el IPP propuesto por el centro regional no permitir\u00e1 que su hijo viva en casa, puede solicitar una audiencia.<span class=\"footnote_referrer\"><a role=\"button\" tabindex=\"0\" onclick=\"footnote_moveToReference_1080_1('footnote_plugin_reference_1080_1_9');\" onkeypress=\"footnote_moveToReference_1080_1('footnote_plugin_reference_1080_1_9');\" ><sup id=\"footnote_plugin_tooltip_1080_1_9\" class=\"footnote_plugin_tooltip_text\">[9]<\/sup><\/a><span id=\"footnote_plugin_tooltip_text_1080_1_9\" class=\"footnote_tooltip\">Secci\u00f3n 4685(c)(4)<\/span><\/span><script type=\"text\/javascript\"> jQuery('#footnote_plugin_tooltip_1080_1_9').tooltip({ tip: '#footnote_plugin_tooltip_text_1080_1_9', tipClass: 'footnote_tooltip', effect: 'fade', predelay: 0, fadeInSpeed: 200, delay: 400, fadeOutSpeed: 200, position: 'top center', relative: true, offset: [-7, 0], });<\/script> Para obtener m\u00e1s informaci\u00f3n sobre audiencias, consulte el Cap\u00edtulo 10. Despu\u00e9s de firmar el IPP de su hijo, el centro regional debe asegurarse de que su hijo reciba todos los servicios del IPP.<span class=\"footnote_referrer\"><a role=\"button\" tabindex=\"0\" onclick=\"footnote_moveToReference_1080_1('footnote_plugin_reference_1080_1_10');\" onkeypress=\"footnote_moveToReference_1080_1('footnote_plugin_reference_1080_1_10');\" ><sup id=\"footnote_plugin_tooltip_1080_1_10\" class=\"footnote_plugin_tooltip_text\">[10]<\/sup><\/a><span id=\"footnote_plugin_tooltip_text_1080_1_10\" class=\"footnote_tooltip\">Secci\u00f3n 4646(g); consulte tambi\u00e9n Asociaci\u00f3n para Ciudadanos con Retraso contra DDS (1985) 38 Cal.3d 385, 390<\/span><\/span><script type=\"text\/javascript\"> jQuery('#footnote_plugin_tooltip_1080_1_10').tooltip({ tip: '#footnote_plugin_tooltip_text_1080_1_10', tipClass: 'footnote_tooltip', effect: 'fade', predelay: 0, fadeInSpeed: 200, delay: 400, fadeOutSpeed: 200, position: 'top center', relative: true, offset: [-7, 0], });<\/script> Si es necesario para asegurar que no haya brechas en los servicios, es posible que el Departamento de Servicios del Desarrollo del Estado deba proveer los servicios.<span class=\"footnote_referrer\"><a role=\"button\" tabindex=\"0\" onclick=\"footnote_moveToReference_1080_1('footnote_plugin_reference_1080_1_11');\" onkeypress=\"footnote_moveToReference_1080_1('footnote_plugin_reference_1080_1_11');\" ><sup id=\"footnote_plugin_tooltip_1080_1_11\" class=\"footnote_plugin_tooltip_text\">[11]<\/sup><\/a><span id=\"footnote_plugin_tooltip_text_1080_1_11\" class=\"footnote_tooltip\">Secci\u00f3n 4648(h)<\/span><\/span><script type=\"text\/javascript\"> jQuery('#footnote_plugin_tooltip_1080_1_11').tooltip({ tip: '#footnote_plugin_tooltip_text_1080_1_11', tipClass: 'footnote_tooltip', effect: 'fade', predelay: 0, fadeInSpeed: 200, delay: 400, fadeOutSpeed: 200, position: 'top center', relative: true, offset: [-7, 0], });<\/script> Si un ni\u00f1o necesita servicios especializados, el centro regional puede pagar a proveedores externos (llamados \u201cproveedores\u201d). Pueden pagar a los proveedores directamente o darle cupones para que usted le pague a los proveedores.<span class=\"footnote_referrer\"><a role=\"button\" tabindex=\"0\" onclick=\"footnote_moveToReference_1080_1('footnote_plugin_reference_1080_1_12');\" onkeypress=\"footnote_moveToReference_1080_1('footnote_plugin_reference_1080_1_12');\" ><sup id=\"footnote_plugin_tooltip_1080_1_12\" class=\"footnote_plugin_tooltip_text\">[12]<\/sup><\/a><span id=\"footnote_plugin_tooltip_text_1080_1_12\" class=\"footnote_tooltip\">Secci\u00f3n 4648(a)(3)-(5)<\/span><\/span><script type=\"text\/javascript\"> jQuery('#footnote_plugin_tooltip_1080_1_12').tooltip({ tip: '#footnote_plugin_tooltip_text_1080_1_12', tipClass: 'footnote_tooltip', effect: 'fade', predelay: 0, fadeInSpeed: 200, delay: 400, fadeOutSpeed: 200, position: 'top center', relative: true, offset: [-7, 0], });<\/script> Antes de pagar por los servicios, el centro regional debe asegurarse de que no haya otras fuentes de financiamiento responsables de satisfacer las necesidades del ni\u00f1o y la familia. Estas otras fuentes se denominan \u201cservicios gen\u00e9ricos\u201d y \u201capoyos naturales\u201d.<span class=\"footnote_referrer\"><a role=\"button\" tabindex=\"0\" onclick=\"footnote_moveToReference_1080_1('footnote_plugin_reference_1080_1_13');\" onkeypress=\"footnote_moveToReference_1080_1('footnote_plugin_reference_1080_1_13');\" ><sup id=\"footnote_plugin_tooltip_1080_1_13\" class=\"footnote_plugin_tooltip_text\">[13]<\/sup><\/a><span id=\"footnote_plugin_tooltip_text_1080_1_13\" class=\"footnote_tooltip\">Secciones 4646.5(a)(5) y 4659<\/span><\/span><script type=\"text\/javascript\"> jQuery('#footnote_plugin_tooltip_1080_1_13').tooltip({ tip: '#footnote_plugin_tooltip_text_1080_1_13', tipClass: 'footnote_tooltip', effect: 'fade', predelay: 0, fadeInSpeed: 200, delay: 400, fadeOutSpeed: 200, position: 'top center', relative: true, offset: [-7, 0], });<\/script><\/p>\n<div class=\"speaker-mute footnotes_reference_container\"> <div class=\"footnote_container_prepare\"><p><span role=\"button\" tabindex=\"0\" class=\"footnote_reference_container_label pointer\" onclick=\"footnote_expand_collapse_reference_container_1080_1();\">&#x202F;<\/span><span role=\"button\" tabindex=\"0\" class=\"footnote_reference_container_collapse_button\" style=\"display: none;\" onclick=\"footnote_expand_collapse_reference_container_1080_1();\">[<a id=\"footnote_reference_container_collapse_button_1080_1\">+<\/a>]<\/span><\/p><\/div> <div id=\"footnote_references_container_1080_1\" style=\"\"><table class=\"footnotes_table footnote-reference-container\"><caption class=\"accessibility\">References<\/caption> <tbody> \r\n\r\n<tr class=\"footnotes_plugin_reference_row\"> <th scope=\"row\" class=\"footnote_plugin_index_combi pointer\"  onclick=\"footnote_moveToAnchor_1080_1('footnote_plugin_tooltip_1080_1_1');\"><a id=\"footnote_plugin_reference_1080_1_1\" class=\"footnote_backlink\"><span class=\"footnote_index_arrow\">&#8593;<\/span>1<\/a><\/th> <td class=\"footnote_plugin_text\">Secci\u00f3n 4685(c)(2).<\/td><\/tr>\r\n\r\n<tr class=\"footnotes_plugin_reference_row\"> <th scope=\"row\" class=\"footnote_plugin_index_combi pointer\"  onclick=\"footnote_moveToAnchor_1080_1('footnote_plugin_tooltip_1080_1_2');\"><a id=\"footnote_plugin_reference_1080_1_2\" class=\"footnote_backlink\"><span class=\"footnote_index_arrow\">&#8593;<\/span>2<\/a><\/th> <td class=\"footnote_plugin_text\">Secci\u00f3n 4646.5(b)<\/td><\/tr>\r\n\r\n<tr class=\"footnotes_plugin_reference_row\"> <th scope=\"row\" class=\"footnote_plugin_index_combi pointer\"  onclick=\"footnote_moveToAnchor_1080_1('footnote_plugin_tooltip_1080_1_3');\"><a id=\"footnote_plugin_reference_1080_1_3\" class=\"footnote_backlink\"><span class=\"footnote_index_arrow\">&#8593;<\/span>3<\/a><\/th> <td class=\"footnote_plugin_text\">Secci\u00f3n 4646.5(a)(1)<\/td><\/tr>\r\n\r\n<tr class=\"footnotes_plugin_reference_row\"> <th scope=\"row\" class=\"footnote_plugin_index_combi pointer\"  onclick=\"footnote_moveToAnchor_1080_1('footnote_plugin_tooltip_1080_1_4');\"><a id=\"footnote_plugin_reference_1080_1_4\" class=\"footnote_backlink\"><span class=\"footnote_index_arrow\">&#8593;<\/span>4<\/a><\/th> <td class=\"footnote_plugin_text\">Secci\u00f3n 4646.5(a)(2)<\/td><\/tr>\r\n\r\n<tr class=\"footnotes_plugin_reference_row\"> <th scope=\"row\" class=\"footnote_plugin_index_combi pointer\"  onclick=\"footnote_moveToAnchor_1080_1('footnote_plugin_tooltip_1080_1_5');\"><a id=\"footnote_plugin_reference_1080_1_5\" class=\"footnote_backlink\"><span class=\"footnote_index_arrow\">&#8593;<\/span>5<\/a><\/th> <td class=\"footnote_plugin_text\">Secci\u00f3n 4646.5(a)(3)<\/td><\/tr>\r\n\r\n<tr class=\"footnotes_plugin_reference_row\"> <th scope=\"row\" class=\"footnote_plugin_index_combi pointer\"  onclick=\"footnote_moveToAnchor_1080_1('footnote_plugin_tooltip_1080_1_6');\"><a id=\"footnote_plugin_reference_1080_1_6\" class=\"footnote_backlink\"><span class=\"footnote_index_arrow\">&#8593;<\/span>6<\/a><\/th> <td class=\"footnote_plugin_text\">Secci\u00f3n 4646.5(a)(5)<\/td><\/tr>\r\n\r\n<tr class=\"footnotes_plugin_reference_row\"> <th scope=\"row\" class=\"footnote_plugin_index_combi pointer\"  onclick=\"footnote_moveToAnchor_1080_1('footnote_plugin_tooltip_1080_1_7');\"><a id=\"footnote_plugin_reference_1080_1_7\" class=\"footnote_backlink\"><span class=\"footnote_index_arrow\">&#8593;<\/span>7<\/a><\/th> <td class=\"footnote_plugin_text\">Secci\u00f3n 4646(g)<\/td><\/tr>\r\n\r\n<tr class=\"footnotes_plugin_reference_row\"> <th scope=\"row\" class=\"footnote_plugin_index_combi pointer\"  onclick=\"footnote_moveToAnchor_1080_1('footnote_plugin_tooltip_1080_1_8');\"><a id=\"footnote_plugin_reference_1080_1_8\" class=\"footnote_backlink\"><span class=\"footnote_index_arrow\">&#8593;<\/span>8<\/a><\/th> <td class=\"footnote_plugin_text\">4646(h)<\/td><\/tr>\r\n\r\n<tr class=\"footnotes_plugin_reference_row\"> <th scope=\"row\" class=\"footnote_plugin_index_combi pointer\"  onclick=\"footnote_moveToAnchor_1080_1('footnote_plugin_tooltip_1080_1_9');\"><a id=\"footnote_plugin_reference_1080_1_9\" class=\"footnote_backlink\"><span class=\"footnote_index_arrow\">&#8593;<\/span>9<\/a><\/th> <td class=\"footnote_plugin_text\">Secci\u00f3n 4685(c)(4)<\/td><\/tr>\r\n\r\n<tr class=\"footnotes_plugin_reference_row\"> <th scope=\"row\" class=\"footnote_plugin_index_combi pointer\"  onclick=\"footnote_moveToAnchor_1080_1('footnote_plugin_tooltip_1080_1_10');\"><a id=\"footnote_plugin_reference_1080_1_10\" class=\"footnote_backlink\"><span class=\"footnote_index_arrow\">&#8593;<\/span>10<\/a><\/th> <td class=\"footnote_plugin_text\">Secci\u00f3n 4646(g); consulte tambi\u00e9n Asociaci\u00f3n para Ciudadanos con Retraso contra DDS (1985) 38 Cal.3d 385, 390<\/td><\/tr>\r\n\r\n<tr class=\"footnotes_plugin_reference_row\"> <th scope=\"row\" class=\"footnote_plugin_index_combi pointer\"  onclick=\"footnote_moveToAnchor_1080_1('footnote_plugin_tooltip_1080_1_11');\"><a id=\"footnote_plugin_reference_1080_1_11\" class=\"footnote_backlink\"><span class=\"footnote_index_arrow\">&#8593;<\/span>11<\/a><\/th> <td class=\"footnote_plugin_text\">Secci\u00f3n 4648(h)<\/td><\/tr>\r\n\r\n<tr class=\"footnotes_plugin_reference_row\"> <th scope=\"row\" class=\"footnote_plugin_index_combi pointer\"  onclick=\"footnote_moveToAnchor_1080_1('footnote_plugin_tooltip_1080_1_12');\"><a id=\"footnote_plugin_reference_1080_1_12\" class=\"footnote_backlink\"><span class=\"footnote_index_arrow\">&#8593;<\/span>12<\/a><\/th> <td class=\"footnote_plugin_text\">Secci\u00f3n 4648(a)(3)-(5)<\/td><\/tr>\r\n\r\n<tr class=\"footnotes_plugin_reference_row\"> <th scope=\"row\" class=\"footnote_plugin_index_combi pointer\"  onclick=\"footnote_moveToAnchor_1080_1('footnote_plugin_tooltip_1080_1_13');\"><a id=\"footnote_plugin_reference_1080_1_13\" class=\"footnote_backlink\"><span class=\"footnote_index_arrow\">&#8593;<\/span>13<\/a><\/th> <td class=\"footnote_plugin_text\">Secciones 4646.5(a)(5) y 4659<\/td><\/tr>\r\n\r\n <\/tbody> <\/table> <\/div><\/div><script type=\"text\/javascript\"> function footnote_expand_reference_container_1080_1() { jQuery('#footnote_references_container_1080_1').show(); jQuery('#footnote_reference_container_collapse_button_1080_1').text('\u2212'); } function footnote_collapse_reference_container_1080_1() { jQuery('#footnote_references_container_1080_1').hide(); jQuery('#footnote_reference_container_collapse_button_1080_1').text('+'); } function footnote_expand_collapse_reference_container_1080_1() { if (jQuery('#footnote_references_container_1080_1').is(':hidden')) { footnote_expand_reference_container_1080_1(); } else { footnote_collapse_reference_container_1080_1(); } } function footnote_moveToReference_1080_1(p_str_TargetID) { footnote_expand_reference_container_1080_1(); var l_obj_Target = jQuery('#' + p_str_TargetID); if (l_obj_Target.length) { jQuery( 'html, body' ).delay( 0 ); jQuery('html, body').animate({ scrollTop: l_obj_Target.offset().top - window.innerHeight * 0.2 }, 380); } } function footnote_moveToAnchor_1080_1(p_str_TargetID) { footnote_expand_reference_container_1080_1(); var l_obj_Target = jQuery('#' + p_str_TargetID); if (l_obj_Target.length) { jQuery( 'html, body' ).delay( 0 ); jQuery('html, body').animate({ scrollTop: l_obj_Target.offset().top - window.innerHeight * 0.2 }, 380); } }<\/script>","protected":false},"excerpt":{"rendered":"<p>El IPP de su hijo debe incluir un \u201ccomponente de plan familiar\u201d que analice los servicios y apoyos que su hijo necesita para permanecer en&hellip;<\/p>\n","protected":false},"author":1,"featured_media":0,"parent":219,"menu_order":4,"comment_status":"closed","ping_status":"closed","template":"","meta":{"footnotes":""},"class_list":["post-1080","page","type-page","status-publish","hentry"],"_links":{"self":[{"href":"https:\/\/rula.disabilityrightsca.org\/es\/wp-json\/wp\/v2\/pages\/1080","targetHints":{"allow":["GET"]}}],"collection":[{"href":"https:\/\/rula.disabilityrightsca.org\/es\/wp-json\/wp\/v2\/pages"}],"about":[{"href":"https:\/\/rula.disabilityrightsca.org\/es\/wp-json\/wp\/v2\/types\/page"}],"author":[{"embeddable":true,"href":"https:\/\/rula.disabilityrightsca.org\/es\/wp-json\/wp\/v2\/users\/1"}],"replies":[{"embeddable":true,"href":"https:\/\/rula.disabilityrightsca.org\/es\/wp-json\/wp\/v2\/comments?post=1080"}],"version-history":[{"count":10,"href":"https:\/\/rula.disabilityrightsca.org\/es\/wp-json\/wp\/v2\/pages\/1080\/revisions"}],"predecessor-version":[{"id":3769,"href":"https:\/\/rula.disabilityrightsca.org\/es\/wp-json\/wp\/v2\/pages\/1080\/revisions\/3769"}],"up":[{"embeddable":true,"href":"https:\/\/rula.disabilityrightsca.org\/es\/wp-json\/wp\/v2\/pages\/219"}],"wp:attachment":[{"href":"https:\/\/rula.disabilityrightsca.org\/es\/wp-json\/wp\/v2\/media?parent=1080"}],"curies":[{"name":"wp","href":"https:\/\/api.w.org\/{rel}","templated":true}]}}