{"id":1077,"date":"2021-05-13T18:32:01","date_gmt":"2021-05-13T18:32:01","guid":{"rendered":"http:\/\/www.rula.disabilityrightsca.org\/es\/?page_id=1077"},"modified":"2023-12-05T00:35:41","modified_gmt":"2023-12-05T00:35:41","slug":"how-do-i-ask-for-new-services-or-change-to-the-services-for-my-child","status":"publish","type":"page","link":"https:\/\/rula.disabilityrightsca.org\/es\/rula-book\/capitulo-6-mantener-unida-a-la-familia-servicios-y-apoyos-para-ninos\/how-do-i-ask-for-new-services-or-change-to-the-services-for-my-child\/","title":{"rendered":"(6.3) \u00bfC\u00f3mo solicito nuevos servicios o cambio en los servicios para mi hijo?"},"content":{"rendered":"\n<p>Los servicios y apoyos del centro regional de su hijo se deciden mediante el proceso del Plan de Programa Individual (IPP). Si su hijo necesita m\u00e1s o diferentes apoyos y servicios para vivir en casa, su hijo necesita un nuevo IPP. Para cambiar el IPP de su hijo, solicite una reuni\u00f3n de IPP e informe al centro regional que su hijo necesita m\u00e1s apoyo. Tan pronto como el centro regional sepa que su familia necesita m\u00e1s servicios para mantener al ni\u00f1o en casa, debe reunirse con usted para analizar la situaci\u00f3n. Cu\u00e9ntele al coordinador de servicios sobre sus problemas y lo que necesita para mantener a su hijo en casa.<span class=\"footnote_referrer\"><a role=\"button\" tabindex=\"0\" onclick=\"footnote_moveToReference_1077_1('footnote_plugin_reference_1077_1_1');\" onkeypress=\"footnote_moveToReference_1077_1('footnote_plugin_reference_1077_1_1');\" ><sup id=\"footnote_plugin_tooltip_1077_1_1\" class=\"footnote_plugin_tooltip_text\">[1]<\/sup><\/a><span id=\"footnote_plugin_tooltip_text_1077_1_1\" class=\"footnote_tooltip\">Secci\u00f3n 4685(c)(2).<\/span><\/span><script type=\"text\/javascript\"> jQuery('#footnote_plugin_tooltip_1077_1_1').tooltip({ tip: '#footnote_plugin_tooltip_text_1077_1_1', tipClass: 'footnote_tooltip', effect: 'fade', predelay: 0, fadeInSpeed: 200, delay: 400, fadeOutSpeed: 200, position: 'top center', relative: true, offset: [-7, 0], });<\/script><\/p>\n<div class=\"speaker-mute footnotes_reference_container\"> <div class=\"footnote_container_prepare\"><p><span role=\"button\" tabindex=\"0\" class=\"footnote_reference_container_label pointer\" onclick=\"footnote_expand_collapse_reference_container_1077_1();\">&#x202F;<\/span><span role=\"button\" tabindex=\"0\" class=\"footnote_reference_container_collapse_button\" style=\"display: none;\" onclick=\"footnote_expand_collapse_reference_container_1077_1();\">[<a id=\"footnote_reference_container_collapse_button_1077_1\">+<\/a>]<\/span><\/p><\/div> <div id=\"footnote_references_container_1077_1\" style=\"\"><table class=\"footnotes_table footnote-reference-container\"><caption class=\"accessibility\">References<\/caption> <tbody> \r\n\r\n<tr class=\"footnotes_plugin_reference_row\"> <th scope=\"row\" class=\"footnote_plugin_index_combi pointer\"  onclick=\"footnote_moveToAnchor_1077_1('footnote_plugin_tooltip_1077_1_1');\"><a id=\"footnote_plugin_reference_1077_1_1\" class=\"footnote_backlink\"><span class=\"footnote_index_arrow\">&#8593;<\/span>1<\/a><\/th> <td class=\"footnote_plugin_text\">Secci\u00f3n 4685(c)(2).<\/td><\/tr>\r\n\r\n <\/tbody> <\/table> <\/div><\/div><script type=\"text\/javascript\"> function footnote_expand_reference_container_1077_1() { jQuery('#footnote_references_container_1077_1').show(); jQuery('#footnote_reference_container_collapse_button_1077_1').text('\u2212'); } function footnote_collapse_reference_container_1077_1() { jQuery('#footnote_references_container_1077_1').hide(); jQuery('#footnote_reference_container_collapse_button_1077_1').text('+'); } function footnote_expand_collapse_reference_container_1077_1() { if (jQuery('#footnote_references_container_1077_1').is(':hidden')) { footnote_expand_reference_container_1077_1(); } else { footnote_collapse_reference_container_1077_1(); } } function footnote_moveToReference_1077_1(p_str_TargetID) { footnote_expand_reference_container_1077_1(); var l_obj_Target = jQuery('#' + p_str_TargetID); if (l_obj_Target.length) { jQuery( 'html, body' ).delay( 0 ); jQuery('html, body').animate({ scrollTop: l_obj_Target.offset().top - window.innerHeight * 0.2 }, 380); } } function footnote_moveToAnchor_1077_1(p_str_TargetID) { footnote_expand_reference_container_1077_1(); var l_obj_Target = jQuery('#' + p_str_TargetID); if (l_obj_Target.length) { jQuery( 'html, body' ).delay( 0 ); jQuery('html, body').animate({ scrollTop: l_obj_Target.offset().top - window.innerHeight * 0.2 }, 380); } }<\/script>","protected":false},"excerpt":{"rendered":"<p>Los servicios y apoyos del centro regional de su hijo se deciden mediante el proceso del Plan de Programa Individual (IPP). Si su hijo necesita&hellip;<\/p>\n","protected":false},"author":1,"featured_media":0,"parent":219,"menu_order":3,"comment_status":"closed","ping_status":"closed","template":"","meta":{"footnotes":""},"class_list":["post-1077","page","type-page","status-publish","hentry"],"_links":{"self":[{"href":"https:\/\/rula.disabilityrightsca.org\/es\/wp-json\/wp\/v2\/pages\/1077","targetHints":{"allow":["GET"]}}],"collection":[{"href":"https:\/\/rula.disabilityrightsca.org\/es\/wp-json\/wp\/v2\/pages"}],"about":[{"href":"https:\/\/rula.disabilityrightsca.org\/es\/wp-json\/wp\/v2\/types\/page"}],"author":[{"embeddable":true,"href":"https:\/\/rula.disabilityrightsca.org\/es\/wp-json\/wp\/v2\/users\/1"}],"replies":[{"embeddable":true,"href":"https:\/\/rula.disabilityrightsca.org\/es\/wp-json\/wp\/v2\/comments?post=1077"}],"version-history":[{"count":5,"href":"https:\/\/rula.disabilityrightsca.org\/es\/wp-json\/wp\/v2\/pages\/1077\/revisions"}],"predecessor-version":[{"id":3770,"href":"https:\/\/rula.disabilityrightsca.org\/es\/wp-json\/wp\/v2\/pages\/1077\/revisions\/3770"}],"up":[{"embeddable":true,"href":"https:\/\/rula.disabilityrightsca.org\/es\/wp-json\/wp\/v2\/pages\/219"}],"wp:attachment":[{"href":"https:\/\/rula.disabilityrightsca.org\/es\/wp-json\/wp\/v2\/media?parent=1077"}],"curies":[{"name":"wp","href":"https:\/\/api.w.org\/{rel}","templated":true}]}}