{"id":1075,"date":"2021-05-13T18:29:37","date_gmt":"2021-05-13T18:29:37","guid":{"rendered":"http:\/\/www.rula.disabilityrightsca.org\/es\/?page_id=1075"},"modified":"2023-12-05T00:33:33","modified_gmt":"2023-12-05T00:33:33","slug":"6-2-que-deben-hacer-los-centros-regionales-para-satisfacer-las-necesidades-de-los-ninos-con-discapacidades-del-desarrollo-y-sus-familias","status":"publish","type":"page","link":"https:\/\/rula.disabilityrightsca.org\/es\/rula-book\/capitulo-6-mantener-unida-a-la-familia-servicios-y-apoyos-para-ninos\/6-2-que-deben-hacer-los-centros-regionales-para-satisfacer-las-necesidades-de-los-ninos-con-discapacidades-del-desarrollo-y-sus-familias\/","title":{"rendered":"(6.2) \u00bfQu\u00e9 deben hacer los centros regionales para satisfacer las necesidades de los ni\u00f1os con discapacidades del desarrollo y sus familias?"},"content":{"rendered":"\n<p>El centro regional debe ser flexible, creativo e innovador para satisfacer las necesidades \u00fanicas del ni\u00f1o y la familia. Si su hijo recibe servicios del centro regional, este \u00faltimo debe considerar las necesidades individuales de su hijo. Esto significa que el centro regional:<\/p>\n\n\n\n<ul class=\"wp-block-list\">\n<li>no tiene que hacer las cosas de una determinada manera<\/li>\n\n\n\n<li>no tiene que hacer algo de la misma manera que en el pasado, o de la misma manera que lo hacen otros centros regionales<\/li>\n\n\n\n<li>puede crear formas nuevas y diferentes de proporcionar servicios <span class=\"footnote_referrer\"><a role=\"button\" tabindex=\"0\" onclick=\"footnote_moveToReference_1075_1('footnote_plugin_reference_1075_1_1');\" onkeypress=\"footnote_moveToReference_1075_1('footnote_plugin_reference_1075_1_1');\" ><sup id=\"footnote_plugin_tooltip_1075_1_1\" class=\"footnote_plugin_tooltip_text\">[1]<\/sup><\/a><span id=\"footnote_plugin_tooltip_text_1075_1_1\" class=\"footnote_tooltip\">Secciones 4651, 4685(c)(2) y 4648(a)(2) y (e)(3)<\/span><\/span><script type=\"text\/javascript\"> jQuery('#footnote_plugin_tooltip_1075_1_1').tooltip({ tip: '#footnote_plugin_tooltip_text_1075_1_1', tipClass: 'footnote_tooltip', effect: 'fade', predelay: 0, fadeInSpeed: 200, delay: 400, fadeOutSpeed: 200, position: 'top center', relative: true, offset: [-7, 0], });<\/script><\/li>\n<\/ul>\n\n\n\n<p>El centro regional debe trabajar con su familia para encontrar una soluci\u00f3n que funcione para todos. Por ejemplo, si el centro regional no puede encontrar un proveedor que brinde servicios de relevo para su hijo, pero usted (padre o tutor) encuentra a alguien, el centro regional puede ser flexible y contratar a esa persona. Pero, si el centro regional puede satisfacer sus necesidades con un proveedor que ya tiene, es probable que usted no pueda lograr que una persona espec\u00edfica brinde ese servicio.<\/p>\n<div class=\"speaker-mute footnotes_reference_container\"> <div class=\"footnote_container_prepare\"><p><span role=\"button\" tabindex=\"0\" class=\"footnote_reference_container_label pointer\" onclick=\"footnote_expand_collapse_reference_container_1075_1();\">&#x202F;<\/span><span role=\"button\" tabindex=\"0\" class=\"footnote_reference_container_collapse_button\" style=\"display: none;\" onclick=\"footnote_expand_collapse_reference_container_1075_1();\">[<a id=\"footnote_reference_container_collapse_button_1075_1\">+<\/a>]<\/span><\/p><\/div> <div id=\"footnote_references_container_1075_1\" style=\"\"><table class=\"footnotes_table footnote-reference-container\"><caption class=\"accessibility\">References<\/caption> <tbody> \r\n\r\n<tr class=\"footnotes_plugin_reference_row\"> <th scope=\"row\" class=\"footnote_plugin_index_combi pointer\"  onclick=\"footnote_moveToAnchor_1075_1('footnote_plugin_tooltip_1075_1_1');\"><a id=\"footnote_plugin_reference_1075_1_1\" class=\"footnote_backlink\"><span class=\"footnote_index_arrow\">&#8593;<\/span>1<\/a><\/th> <td class=\"footnote_plugin_text\">Secciones 4651, 4685(c)(2) y 4648(a)(2) y (e)(3)<\/td><\/tr>\r\n\r\n <\/tbody> <\/table> <\/div><\/div><script type=\"text\/javascript\"> function footnote_expand_reference_container_1075_1() { jQuery('#footnote_references_container_1075_1').show(); jQuery('#footnote_reference_container_collapse_button_1075_1').text('\u2212'); } function footnote_collapse_reference_container_1075_1() { jQuery('#footnote_references_container_1075_1').hide(); jQuery('#footnote_reference_container_collapse_button_1075_1').text('+'); } function footnote_expand_collapse_reference_container_1075_1() { if (jQuery('#footnote_references_container_1075_1').is(':hidden')) { footnote_expand_reference_container_1075_1(); } else { footnote_collapse_reference_container_1075_1(); } } function footnote_moveToReference_1075_1(p_str_TargetID) { footnote_expand_reference_container_1075_1(); var l_obj_Target = jQuery('#' + p_str_TargetID); if (l_obj_Target.length) { jQuery( 'html, body' ).delay( 0 ); jQuery('html, body').animate({ scrollTop: l_obj_Target.offset().top - window.innerHeight * 0.2 }, 380); } } function footnote_moveToAnchor_1075_1(p_str_TargetID) { footnote_expand_reference_container_1075_1(); var l_obj_Target = jQuery('#' + p_str_TargetID); if (l_obj_Target.length) { jQuery( 'html, body' ).delay( 0 ); jQuery('html, body').animate({ scrollTop: l_obj_Target.offset().top - window.innerHeight * 0.2 }, 380); } }<\/script>","protected":false},"excerpt":{"rendered":"<p>El centro regional debe ser flexible, creativo e innovador para satisfacer las necesidades \u00fanicas del ni\u00f1o y la familia. Si su hijo recibe servicios del&hellip;<\/p>\n","protected":false},"author":1,"featured_media":0,"parent":219,"menu_order":2,"comment_status":"closed","ping_status":"closed","template":"","meta":{"footnotes":""},"class_list":["post-1075","page","type-page","status-publish","hentry"],"_links":{"self":[{"href":"https:\/\/rula.disabilityrightsca.org\/es\/wp-json\/wp\/v2\/pages\/1075","targetHints":{"allow":["GET"]}}],"collection":[{"href":"https:\/\/rula.disabilityrightsca.org\/es\/wp-json\/wp\/v2\/pages"}],"about":[{"href":"https:\/\/rula.disabilityrightsca.org\/es\/wp-json\/wp\/v2\/types\/page"}],"author":[{"embeddable":true,"href":"https:\/\/rula.disabilityrightsca.org\/es\/wp-json\/wp\/v2\/users\/1"}],"replies":[{"embeddable":true,"href":"https:\/\/rula.disabilityrightsca.org\/es\/wp-json\/wp\/v2\/comments?post=1075"}],"version-history":[{"count":5,"href":"https:\/\/rula.disabilityrightsca.org\/es\/wp-json\/wp\/v2\/pages\/1075\/revisions"}],"predecessor-version":[{"id":3767,"href":"https:\/\/rula.disabilityrightsca.org\/es\/wp-json\/wp\/v2\/pages\/1075\/revisions\/3767"}],"up":[{"embeddable":true,"href":"https:\/\/rula.disabilityrightsca.org\/es\/wp-json\/wp\/v2\/pages\/219"}],"wp:attachment":[{"href":"https:\/\/rula.disabilityrightsca.org\/es\/wp-json\/wp\/v2\/media?parent=1075"}],"curies":[{"name":"wp","href":"https:\/\/api.w.org\/{rel}","templated":true}]}}