{"id":1051,"date":"2021-05-12T23:15:29","date_gmt":"2021-05-12T23:15:29","guid":{"rendered":"http:\/\/www.rula.disabilityrightsca.org\/es\/?page_id=1051"},"modified":"2026-01-16T23:09:15","modified_gmt":"2026-01-16T23:09:15","slug":"3-13-que-pasa-si-el-centro-regional-dice-que-no-soy-elegible-para-sus-servicios-pero-yo-creo-que-si","status":"publish","type":"page","link":"https:\/\/rula.disabilityrightsca.org\/es\/rula-book\/capitulo-3-centros-regionales\/3-13-que-pasa-si-el-centro-regional-dice-que-no-soy-elegible-para-sus-servicios-pero-yo-creo-que-si\/","title":{"rendered":"(3.13) \u00bfQu\u00e9 pasa si el centro regional dice que no soy elegible para sus servicios, pero yo creo que s\u00ed?"},"content":{"rendered":"\n<p>Si el centro regional decide que no es elegible para los servicios, usted tiene derecho a apelar. <span class=\"footnote_referrer\"><a role=\"button\" tabindex=\"0\" onclick=\"footnote_moveToReference_1051_1('footnote_plugin_reference_1051_1_1');\" onkeypress=\"footnote_moveToReference_1051_1('footnote_plugin_reference_1051_1_1');\" ><sup id=\"footnote_plugin_tooltip_1051_1_1\" class=\"footnote_plugin_tooltip_text\">[1]<\/sup><\/a><span id=\"footnote_plugin_tooltip_text_1051_1_1\" class=\"footnote_tooltip\">Secci\u00f3n 4710.5(a)<\/span><\/span><script type=\"text\/javascript\"> jQuery('#footnote_plugin_tooltip_1051_1_1').tooltip({ tip: '#footnote_plugin_tooltip_text_1051_1_1', tipClass: 'footnote_tooltip', effect: 'fade', predelay: 0, fadeInSpeed: 200, delay: 400, fadeOutSpeed: 200, position: 'top center', relative: true, offset: [-7, 0], });<\/script><\/p>\n\n\n\n<p><strong>Importante: Si decide apelar, debe hacerlo dentro de los 60 d\u00edas posteriores a la fecha en que reciba la notificaci\u00f3n por correo del centro regional. <\/strong><span class=\"footnote_referrer\"><a role=\"button\" tabindex=\"0\" onclick=\"footnote_moveToReference_1051_1('footnote_plugin_reference_1051_1_2');\" onkeypress=\"footnote_moveToReference_1051_1('footnote_plugin_reference_1051_1_2');\" ><sup id=\"footnote_plugin_tooltip_1051_1_2\" class=\"footnote_plugin_tooltip_text\">[2]<\/sup><\/a><span id=\"footnote_plugin_tooltip_text_1051_1_2\" class=\"footnote_tooltip\">Secci\u00f3n 4710.5(a); consulte el\u00a0<a href=\"https:\/\/rula.disabilityrightsca.org\/es\/rula-book\/capitulo-10-apelaciones-y-reclamos-desacuerdos-con-centros-regionales-centros-de-desarrollo-o-proveedores-de-servicios\/\">Cap\u00edtulo 10<\/a>\u00a0sobre Disputas y Apelaciones<\/span><\/span><script type=\"text\/javascript\"> jQuery('#footnote_plugin_tooltip_1051_1_2').tooltip({ tip: '#footnote_plugin_tooltip_text_1051_1_2', tipClass: 'footnote_tooltip', effect: 'fade', predelay: 0, fadeInSpeed: 200, delay: 400, fadeOutSpeed: 200, position: 'top center', relative: true, offset: [-7, 0], });<\/script><\/p>\n\n\n\n<p>La informaci\u00f3n de este manual lo ayudar\u00e1 con su apelaci\u00f3n:<\/p>\n\n\n\n<ul class=\"wp-block-list\">\n<li>El <a href=\"https:\/\/rula.disabilityrightsca.org\/es\/rula-book\/capitulo-2-discapacidades-del-desarrollo\/\" data-type=\"page\" data-id=\"37\">Cap\u00edtulo 2<\/a> tiene m\u00e1s informaci\u00f3n sobre las discapacidades del desarrollo, as\u00ed como qui\u00e9n es y qui\u00e9n no es elegible para el centro regional.<\/li>\n\n\n\n<li>El <a href=\"https:\/\/rula.disabilityrightsca.org\/es\/rula-book\/capitulo-10-apelaciones-y-reclamos-desacuerdos-con-centros-regionales-centros-de-desarrollo-o-proveedores-de-servicios\/\" data-type=\"page\" data-id=\"2072\">Cap\u00edtulo 10<\/a> incluye informaci\u00f3n detallada sobre el proceso de apelaci\u00f3n.<\/li>\n\n\n\n<li>El <a href=\"https:\/\/rula.disabilityrightsca.org\/es\/suplementos\/suplemento-n-organigrama-de-la-audiencia-imparcial\/\" data-type=\"page\" data-id=\"2238\">Suplemento N<\/a> tiene un cronograma de los pasos clave en el proceso de apelaci\u00f3n y c\u00f3mo presentar su apelaci\u00f3n.<\/li>\n<\/ul>\n\n\n\n<p><\/p>\n<div class=\"speaker-mute footnotes_reference_container\"> <div class=\"footnote_container_prepare\"><p><span role=\"button\" tabindex=\"0\" class=\"footnote_reference_container_label pointer\" onclick=\"footnote_expand_collapse_reference_container_1051_1();\">&#x202F;<\/span><span role=\"button\" tabindex=\"0\" class=\"footnote_reference_container_collapse_button\" style=\"display: none;\" onclick=\"footnote_expand_collapse_reference_container_1051_1();\">[<a id=\"footnote_reference_container_collapse_button_1051_1\">+<\/a>]<\/span><\/p><\/div> <div id=\"footnote_references_container_1051_1\" style=\"\"><table class=\"footnotes_table footnote-reference-container\"><caption class=\"accessibility\">References<\/caption> <tbody> \r\n\r\n<tr class=\"footnotes_plugin_reference_row\"> <th scope=\"row\" class=\"footnote_plugin_index_combi pointer\"  onclick=\"footnote_moveToAnchor_1051_1('footnote_plugin_tooltip_1051_1_1');\"><a id=\"footnote_plugin_reference_1051_1_1\" class=\"footnote_backlink\"><span class=\"footnote_index_arrow\">&#8593;<\/span>1<\/a><\/th> <td class=\"footnote_plugin_text\">Secci\u00f3n 4710.5(a)<\/td><\/tr>\r\n\r\n<tr class=\"footnotes_plugin_reference_row\"> <th scope=\"row\" class=\"footnote_plugin_index_combi pointer\"  onclick=\"footnote_moveToAnchor_1051_1('footnote_plugin_tooltip_1051_1_2');\"><a id=\"footnote_plugin_reference_1051_1_2\" class=\"footnote_backlink\"><span class=\"footnote_index_arrow\">&#8593;<\/span>2<\/a><\/th> <td class=\"footnote_plugin_text\">Secci\u00f3n 4710.5(a); consulte el\u00a0<a href=\"https:\/\/rula.disabilityrightsca.org\/es\/rula-book\/capitulo-10-apelaciones-y-reclamos-desacuerdos-con-centros-regionales-centros-de-desarrollo-o-proveedores-de-servicios\/\">Cap\u00edtulo 10<\/a>\u00a0sobre Disputas y Apelaciones<\/td><\/tr>\r\n\r\n <\/tbody> <\/table> <\/div><\/div><script type=\"text\/javascript\"> function footnote_expand_reference_container_1051_1() { jQuery('#footnote_references_container_1051_1').show(); jQuery('#footnote_reference_container_collapse_button_1051_1').text('\u2212'); } function footnote_collapse_reference_container_1051_1() { jQuery('#footnote_references_container_1051_1').hide(); jQuery('#footnote_reference_container_collapse_button_1051_1').text('+'); } function footnote_expand_collapse_reference_container_1051_1() { if (jQuery('#footnote_references_container_1051_1').is(':hidden')) { footnote_expand_reference_container_1051_1(); } else { footnote_collapse_reference_container_1051_1(); } } function footnote_moveToReference_1051_1(p_str_TargetID) { footnote_expand_reference_container_1051_1(); var l_obj_Target = jQuery('#' + p_str_TargetID); if (l_obj_Target.length) { jQuery( 'html, body' ).delay( 0 ); jQuery('html, body').animate({ scrollTop: l_obj_Target.offset().top - window.innerHeight * 0.2 }, 380); } } function footnote_moveToAnchor_1051_1(p_str_TargetID) { footnote_expand_reference_container_1051_1(); var l_obj_Target = jQuery('#' + p_str_TargetID); if (l_obj_Target.length) { jQuery( 'html, body' ).delay( 0 ); jQuery('html, body').animate({ scrollTop: l_obj_Target.offset().top - window.innerHeight * 0.2 }, 380); } }<\/script>","protected":false},"excerpt":{"rendered":"<p>Si el centro regional decide que no es elegible para los servicios, usted tiene derecho a apelar. [1]Secci\u00f3n 4710.5(a) Importante: Si decide apelar, debe hacerlo&hellip;<\/p>\n","protected":false},"author":1,"featured_media":0,"parent":312,"menu_order":13,"comment_status":"closed","ping_status":"closed","template":"","meta":{"footnotes":""},"class_list":["post-1051","page","type-page","status-publish","hentry"],"_links":{"self":[{"href":"https:\/\/rula.disabilityrightsca.org\/es\/wp-json\/wp\/v2\/pages\/1051","targetHints":{"allow":["GET"]}}],"collection":[{"href":"https:\/\/rula.disabilityrightsca.org\/es\/wp-json\/wp\/v2\/pages"}],"about":[{"href":"https:\/\/rula.disabilityrightsca.org\/es\/wp-json\/wp\/v2\/types\/page"}],"author":[{"embeddable":true,"href":"https:\/\/rula.disabilityrightsca.org\/es\/wp-json\/wp\/v2\/users\/1"}],"replies":[{"embeddable":true,"href":"https:\/\/rula.disabilityrightsca.org\/es\/wp-json\/wp\/v2\/comments?post=1051"}],"version-history":[{"count":10,"href":"https:\/\/rula.disabilityrightsca.org\/es\/wp-json\/wp\/v2\/pages\/1051\/revisions"}],"predecessor-version":[{"id":4108,"href":"https:\/\/rula.disabilityrightsca.org\/es\/wp-json\/wp\/v2\/pages\/1051\/revisions\/4108"}],"up":[{"embeddable":true,"href":"https:\/\/rula.disabilityrightsca.org\/es\/wp-json\/wp\/v2\/pages\/312"}],"wp:attachment":[{"href":"https:\/\/rula.disabilityrightsca.org\/es\/wp-json\/wp\/v2\/media?parent=1051"}],"curies":[{"name":"wp","href":"https:\/\/api.w.org\/{rel}","templated":true}]}}