{"id":1049,"date":"2021-05-12T23:12:38","date_gmt":"2021-05-12T23:12:38","guid":{"rendered":"http:\/\/www.rula.disabilityrightsca.org\/es\/?page_id=1049"},"modified":"2023-12-04T22:12:24","modified_gmt":"2023-12-04T22:12:24","slug":"3-22-como-se-manejan-las-disputas-sobre-mudanzas-con-los-centros-regionales","status":"publish","type":"page","link":"https:\/\/rula.disabilityrightsca.org\/es\/rula-book\/capitulo-3-centros-regionales\/3-22-como-se-manejan-las-disputas-sobre-mudanzas-con-los-centros-regionales\/","title":{"rendered":"(3.22) \u00bfC\u00f3mo se manejan las disputas sobre mudanzas con los centros regionales?"},"content":{"rendered":"\n<p>Los centros regionales deben tratar de resolver todas las disputas sobre transferencias entre ellos. <span class=\"footnote_referrer\"><a role=\"button\" tabindex=\"0\" onclick=\"footnote_moveToReference_1049_1('footnote_plugin_reference_1049_1_1');\" onkeypress=\"footnote_moveToReference_1049_1('footnote_plugin_reference_1049_1_1');\" ><sup id=\"footnote_plugin_tooltip_1049_1_1\" class=\"footnote_plugin_tooltip_text\">[1]<\/sup><\/a><span id=\"footnote_plugin_tooltip_text_1049_1_1\" class=\"footnote_tooltip\"><a href=\"https:\/\/rula.disabilityrightsca.org\/es\/suplementos\/suplemento-g-directrices-para-la-transferencia-de-centros-interregionales\/\">Suplemento G<\/a>, Proceso de resoluci\u00f3n de disputas 1<\/span><\/span><script type=\"text\/javascript\"> jQuery('#footnote_plugin_tooltip_1049_1_1').tooltip({ tip: '#footnote_plugin_tooltip_text_1049_1_1', tipClass: 'footnote_tooltip', effect: 'fade', predelay: 0, fadeInSpeed: 200, delay: 400, fadeOutSpeed: 200, position: 'top center', relative: true, offset: [-7, 0], });<\/script>. Si no pueden, el centro regional o usted (o su representante autorizado), pueden solicitar ayuda por escrito al Departamento de Servicios del Desarrollo (DDS). <span class=\"footnote_referrer\"><a role=\"button\" tabindex=\"0\" onclick=\"footnote_moveToReference_1049_1('footnote_plugin_reference_1049_1_2');\" onkeypress=\"footnote_moveToReference_1049_1('footnote_plugin_reference_1049_1_2');\" ><sup id=\"footnote_plugin_tooltip_1049_1_2\" class=\"footnote_plugin_tooltip_text\">[2]<\/sup><\/a><span id=\"footnote_plugin_tooltip_text_1049_1_2\" class=\"footnote_tooltip\"><a href=\"https:\/\/rula.disabilityrightsca.org\/es\/suplementos\/suplemento-g-directrices-para-la-transferencia-de-centros-interregionales\/\">Suplemento G<\/a>, Proceso de resoluci\u00f3n de disputas 2-3<\/span><\/span><script type=\"text\/javascript\"> jQuery('#footnote_plugin_tooltip_1049_1_2').tooltip({ tip: '#footnote_plugin_tooltip_text_1049_1_2', tipClass: 'footnote_tooltip', effect: 'fade', predelay: 0, fadeInSpeed: 200, delay: 400, fadeOutSpeed: 200, position: 'top center', relative: true, offset: [-7, 0], });<\/script>. Env\u00ede una copia de la carta a ambos centros regionales. <span class=\"footnote_referrer\"><a role=\"button\" tabindex=\"0\" onclick=\"footnote_moveToReference_1049_1('footnote_plugin_reference_1049_1_3');\" onkeypress=\"footnote_moveToReference_1049_1('footnote_plugin_reference_1049_1_3');\" ><sup id=\"footnote_plugin_tooltip_1049_1_3\" class=\"footnote_plugin_tooltip_text\">[3]<\/sup><\/a><span id=\"footnote_plugin_tooltip_text_1049_1_3\" class=\"footnote_tooltip\"><a href=\"https:\/\/rula.disabilityrightsca.org\/es\/suplementos\/suplemento-g-directrices-para-la-transferencia-de-centros-interregionales\/\">Suplemento G<\/a>, Proceso de resoluci\u00f3n de disputas 3<\/span><\/span><script type=\"text\/javascript\"> jQuery('#footnote_plugin_tooltip_1049_1_3').tooltip({ tip: '#footnote_plugin_tooltip_text_1049_1_3', tipClass: 'footnote_tooltip', effect: 'fade', predelay: 0, fadeInSpeed: 200, delay: 400, fadeOutSpeed: 200, position: 'top center', relative: true, offset: [-7, 0], });<\/script>. La informaci\u00f3n de contacto del Subdirector de la Divisi\u00f3n de Servicios y Apoyos Comunitarios del DDS es:<\/p>\n\n\n\n<p>1600 9th Street, MS 3-24<br>Sacramento, CA 95814<br>Tel\u00e9fono: (916) 654-2716<\/p>\n\n\n\n<p>El DDS le dar\u00e1 a cada centro regional 5 d\u00edas h\u00e1biles para explicar su posici\u00f3n por escrito. Luego, el Subdirector redactar\u00e1 una opini\u00f3n dentro de los 30 d\u00edas posteriores a la recepci\u00f3n de la informaci\u00f3n que necesitan. <span class=\"footnote_referrer\"><a role=\"button\" tabindex=\"0\" onclick=\"footnote_moveToReference_1049_1('footnote_plugin_reference_1049_1_4');\" onkeypress=\"footnote_moveToReference_1049_1('footnote_plugin_reference_1049_1_4');\" ><sup id=\"footnote_plugin_tooltip_1049_1_4\" class=\"footnote_plugin_tooltip_text\">[4]<\/sup><\/a><span id=\"footnote_plugin_tooltip_text_1049_1_4\" class=\"footnote_tooltip\"><a href=\"https:\/\/rula.disabilityrightsca.org\/es\/suplementos\/suplemento-g-directrices-para-la-transferencia-de-centros-interregionales\/\">Suplemento G<\/a>, Proceso de resoluci\u00f3n de disputas 4-5<\/span><\/span><script type=\"text\/javascript\"> jQuery('#footnote_plugin_tooltip_1049_1_4').tooltip({ tip: '#footnote_plugin_tooltip_text_1049_1_4', tipClass: 'footnote_tooltip', effect: 'fade', predelay: 0, fadeInSpeed: 200, delay: 400, fadeOutSpeed: 200, position: 'top center', relative: true, offset: [-7, 0], });<\/script>.<\/p>\n\n\n\n<p>Hasta que se resuelva el desacuerdo, su centro regional actual debe continuar pagando sus servicios y administrando su caso. En ning\u00fan momento debe quedarse sin servicios debido a disputas entre centros regionales. <span class=\"footnote_referrer\"><a role=\"button\" tabindex=\"0\" onclick=\"footnote_moveToReference_1049_1('footnote_plugin_reference_1049_1_5');\" onkeypress=\"footnote_moveToReference_1049_1('footnote_plugin_reference_1049_1_5');\" ><sup id=\"footnote_plugin_tooltip_1049_1_5\" class=\"footnote_plugin_tooltip_text\">[5]<\/sup><\/a><span id=\"footnote_plugin_tooltip_text_1049_1_5\" class=\"footnote_tooltip\">Secci\u00f3n 4643.5(c) y\u00a0<a href=\"https:\/\/rula.disabilityrightsca.org\/es\/suplementos\/suplemento-g-directrices-para-la-transferencia-de-centros-interregionales\/\">Suplemento<\/a><a href=\"https:\/\/rula.disabilityrightsca.org\/supplements\/supplement-h-inter-regional-center-transfer-guidelines\/\"> G<\/a>, Directivas 5, 6 y 8<\/span><\/span><script type=\"text\/javascript\"> jQuery('#footnote_plugin_tooltip_1049_1_5').tooltip({ tip: '#footnote_plugin_tooltip_text_1049_1_5', tipClass: 'footnote_tooltip', effect: 'fade', predelay: 0, fadeInSpeed: 200, delay: 400, fadeOutSpeed: 200, position: 'top center', relative: true, offset: [-7, 0], });<\/script>.<\/p>\n<div class=\"speaker-mute footnotes_reference_container\"> <div class=\"footnote_container_prepare\"><p><span role=\"button\" tabindex=\"0\" class=\"footnote_reference_container_label pointer\" onclick=\"footnote_expand_collapse_reference_container_1049_1();\">&#x202F;<\/span><span role=\"button\" tabindex=\"0\" class=\"footnote_reference_container_collapse_button\" style=\"display: none;\" onclick=\"footnote_expand_collapse_reference_container_1049_1();\">[<a id=\"footnote_reference_container_collapse_button_1049_1\">+<\/a>]<\/span><\/p><\/div> <div id=\"footnote_references_container_1049_1\" style=\"\"><table class=\"footnotes_table footnote-reference-container\"><caption class=\"accessibility\">References<\/caption> <tbody> \r\n\r\n<tr class=\"footnotes_plugin_reference_row\"> <th scope=\"row\" class=\"footnote_plugin_index_combi pointer\"  onclick=\"footnote_moveToAnchor_1049_1('footnote_plugin_tooltip_1049_1_1');\"><a id=\"footnote_plugin_reference_1049_1_1\" class=\"footnote_backlink\"><span class=\"footnote_index_arrow\">&#8593;<\/span>1<\/a><\/th> <td class=\"footnote_plugin_text\"><a href=\"https:\/\/rula.disabilityrightsca.org\/es\/suplementos\/suplemento-g-directrices-para-la-transferencia-de-centros-interregionales\/\">Suplemento G<\/a>, Proceso de resoluci\u00f3n de disputas 1<\/td><\/tr>\r\n\r\n<tr class=\"footnotes_plugin_reference_row\"> <th scope=\"row\" class=\"footnote_plugin_index_combi pointer\"  onclick=\"footnote_moveToAnchor_1049_1('footnote_plugin_tooltip_1049_1_2');\"><a id=\"footnote_plugin_reference_1049_1_2\" class=\"footnote_backlink\"><span class=\"footnote_index_arrow\">&#8593;<\/span>2<\/a><\/th> <td class=\"footnote_plugin_text\"><a href=\"https:\/\/rula.disabilityrightsca.org\/es\/suplementos\/suplemento-g-directrices-para-la-transferencia-de-centros-interregionales\/\">Suplemento G<\/a>, Proceso de resoluci\u00f3n de disputas 2-3<\/td><\/tr>\r\n\r\n<tr class=\"footnotes_plugin_reference_row\"> <th scope=\"row\" class=\"footnote_plugin_index_combi pointer\"  onclick=\"footnote_moveToAnchor_1049_1('footnote_plugin_tooltip_1049_1_3');\"><a id=\"footnote_plugin_reference_1049_1_3\" class=\"footnote_backlink\"><span class=\"footnote_index_arrow\">&#8593;<\/span>3<\/a><\/th> <td class=\"footnote_plugin_text\"><a href=\"https:\/\/rula.disabilityrightsca.org\/es\/suplementos\/suplemento-g-directrices-para-la-transferencia-de-centros-interregionales\/\">Suplemento G<\/a>, Proceso de resoluci\u00f3n de disputas 3<\/td><\/tr>\r\n\r\n<tr class=\"footnotes_plugin_reference_row\"> <th scope=\"row\" class=\"footnote_plugin_index_combi pointer\"  onclick=\"footnote_moveToAnchor_1049_1('footnote_plugin_tooltip_1049_1_4');\"><a id=\"footnote_plugin_reference_1049_1_4\" class=\"footnote_backlink\"><span class=\"footnote_index_arrow\">&#8593;<\/span>4<\/a><\/th> <td class=\"footnote_plugin_text\"><a href=\"https:\/\/rula.disabilityrightsca.org\/es\/suplementos\/suplemento-g-directrices-para-la-transferencia-de-centros-interregionales\/\">Suplemento G<\/a>, Proceso de resoluci\u00f3n de disputas 4-5<\/td><\/tr>\r\n\r\n<tr class=\"footnotes_plugin_reference_row\"> <th scope=\"row\" class=\"footnote_plugin_index_combi pointer\"  onclick=\"footnote_moveToAnchor_1049_1('footnote_plugin_tooltip_1049_1_5');\"><a id=\"footnote_plugin_reference_1049_1_5\" class=\"footnote_backlink\"><span class=\"footnote_index_arrow\">&#8593;<\/span>5<\/a><\/th> <td class=\"footnote_plugin_text\">Secci\u00f3n 4643.5(c) y\u00a0<a href=\"https:\/\/rula.disabilityrightsca.org\/es\/suplementos\/suplemento-g-directrices-para-la-transferencia-de-centros-interregionales\/\">Suplemento<\/a><a href=\"https:\/\/rula.disabilityrightsca.org\/supplements\/supplement-h-inter-regional-center-transfer-guidelines\/\"> G<\/a>, Directivas 5, 6 y 8<\/td><\/tr>\r\n\r\n <\/tbody> <\/table> <\/div><\/div><script type=\"text\/javascript\"> function footnote_expand_reference_container_1049_1() { jQuery('#footnote_references_container_1049_1').show(); jQuery('#footnote_reference_container_collapse_button_1049_1').text('\u2212'); } function footnote_collapse_reference_container_1049_1() { jQuery('#footnote_references_container_1049_1').hide(); jQuery('#footnote_reference_container_collapse_button_1049_1').text('+'); } function footnote_expand_collapse_reference_container_1049_1() { if (jQuery('#footnote_references_container_1049_1').is(':hidden')) { footnote_expand_reference_container_1049_1(); } else { footnote_collapse_reference_container_1049_1(); } } function footnote_moveToReference_1049_1(p_str_TargetID) { footnote_expand_reference_container_1049_1(); var l_obj_Target = jQuery('#' + p_str_TargetID); if (l_obj_Target.length) { jQuery( 'html, body' ).delay( 0 ); jQuery('html, body').animate({ scrollTop: l_obj_Target.offset().top - window.innerHeight * 0.2 }, 380); } } function footnote_moveToAnchor_1049_1(p_str_TargetID) { footnote_expand_reference_container_1049_1(); var l_obj_Target = jQuery('#' + p_str_TargetID); if (l_obj_Target.length) { jQuery( 'html, body' ).delay( 0 ); jQuery('html, body').animate({ scrollTop: l_obj_Target.offset().top - window.innerHeight * 0.2 }, 380); } }<\/script>","protected":false},"excerpt":{"rendered":"<p>Los centros regionales deben tratar de resolver todas las disputas sobre transferencias entre ellos. [1]Suplemento G, Proceso de resoluci\u00f3n de disputas 1. Si no pueden,&hellip;<\/p>\n","protected":false},"author":1,"featured_media":0,"parent":312,"menu_order":22,"comment_status":"closed","ping_status":"closed","template":"","meta":{"footnotes":""},"class_list":["post-1049","page","type-page","status-publish","hentry"],"_links":{"self":[{"href":"https:\/\/rula.disabilityrightsca.org\/es\/wp-json\/wp\/v2\/pages\/1049","targetHints":{"allow":["GET"]}}],"collection":[{"href":"https:\/\/rula.disabilityrightsca.org\/es\/wp-json\/wp\/v2\/pages"}],"about":[{"href":"https:\/\/rula.disabilityrightsca.org\/es\/wp-json\/wp\/v2\/types\/page"}],"author":[{"embeddable":true,"href":"https:\/\/rula.disabilityrightsca.org\/es\/wp-json\/wp\/v2\/users\/1"}],"replies":[{"embeddable":true,"href":"https:\/\/rula.disabilityrightsca.org\/es\/wp-json\/wp\/v2\/comments?post=1049"}],"version-history":[{"count":5,"href":"https:\/\/rula.disabilityrightsca.org\/es\/wp-json\/wp\/v2\/pages\/1049\/revisions"}],"predecessor-version":[{"id":3677,"href":"https:\/\/rula.disabilityrightsca.org\/es\/wp-json\/wp\/v2\/pages\/1049\/revisions\/3677"}],"up":[{"embeddable":true,"href":"https:\/\/rula.disabilityrightsca.org\/es\/wp-json\/wp\/v2\/pages\/312"}],"wp:attachment":[{"href":"https:\/\/rula.disabilityrightsca.org\/es\/wp-json\/wp\/v2\/media?parent=1049"}],"curies":[{"name":"wp","href":"https:\/\/api.w.org\/{rel}","templated":true}]}}