{"id":1045,"date":"2021-05-12T23:08:06","date_gmt":"2021-05-12T23:08:06","guid":{"rendered":"http:\/\/www.rula.disabilityrightsca.org\/es\/?page_id=1045"},"modified":"2023-12-04T22:10:27","modified_gmt":"2023-12-04T22:10:27","slug":"3-20-si-me-mudo-a-un-area-diferente-del-estado-los-centros-regionales-trabajaran-juntos-para-ayudarme-en-la-transicion-al-nuevo-centro-regional","status":"publish","type":"page","link":"https:\/\/rula.disabilityrightsca.org\/es\/rula-book\/capitulo-3-centros-regionales\/3-20-si-me-mudo-a-un-area-diferente-del-estado-los-centros-regionales-trabajaran-juntos-para-ayudarme-en-la-transicion-al-nuevo-centro-regional\/","title":{"rendered":"(3.20) Si me mudo a un \u00e1rea diferente del estado, \u00bflos centros regionales trabajar\u00e1n juntos para ayudarme en la transici\u00f3n al nuevo centro regional?"},"content":{"rendered":"\n<p>Los centros regionales deben trabajar juntos para asegurarse de que su transici\u00f3n al nuevo centro regional sea fluida, sin demoras ni interrupciones en sus servicios. <span class=\"footnote_referrer\"><a role=\"button\" tabindex=\"0\" onclick=\"footnote_moveToReference_1045_1('footnote_plugin_reference_1045_1_1');\" onkeypress=\"footnote_moveToReference_1045_1('footnote_plugin_reference_1045_1_1');\" ><sup id=\"footnote_plugin_tooltip_1045_1_1\" class=\"footnote_plugin_tooltip_text\">[1]<\/sup><\/a><span id=\"footnote_plugin_tooltip_text_1045_1_1\" class=\"footnote_tooltip\">Secci\u00f3n 4643.5(c)<\/span><\/span><script type=\"text\/javascript\"> jQuery('#footnote_plugin_tooltip_1045_1_1').tooltip({ tip: '#footnote_plugin_tooltip_text_1045_1_1', tipClass: 'footnote_tooltip', effect: 'fade', predelay: 0, fadeInSpeed: 200, delay: 400, fadeOutSpeed: 200, position: 'top center', relative: true, offset: [-7, 0], });<\/script> El Departamento de Servicios de Desarrollo (DDS) ha creado las &#8220;Pautas de transferencia de consumidores de centros interregionales&#8221; que establecen que los centros regionales, los clientes, las familias y los proveedores de servicios deben trabajar juntos antes, durante y despu\u00e9s de su mudanza. <span class=\"footnote_referrer\"><a role=\"button\" tabindex=\"0\" onclick=\"footnote_moveToReference_1045_1('footnote_plugin_reference_1045_1_2');\" onkeypress=\"footnote_moveToReference_1045_1('footnote_plugin_reference_1045_1_2');\" ><sup id=\"footnote_plugin_tooltip_1045_1_2\" class=\"footnote_plugin_tooltip_text\">[2]<\/sup><\/a><span id=\"footnote_plugin_tooltip_text_1045_1_2\" class=\"footnote_tooltip\">Consulte el&nbsp;<a href=\"https:\/\/rula.disabilityrightsca.org\/es\/suplementos\/suplemento-g-directrices-para-la-transferencia-de-centros-interregionales\/\">Suplemento G<\/a>&nbsp;de este manual<\/span><\/span><script type=\"text\/javascript\"> jQuery('#footnote_plugin_tooltip_1045_1_2').tooltip({ tip: '#footnote_plugin_tooltip_text_1045_1_2', tipClass: 'footnote_tooltip', effect: 'fade', predelay: 0, fadeInSpeed: 200, delay: 400, fadeOutSpeed: 200, position: 'top center', relative: true, offset: [-7, 0], });<\/script><\/p>\n\n\n\n<p>Las personas que hacen la transici\u00f3n de un centro regional a otro deben tener las mismas oportunidades de recibir servicios del nuevo centro regional que las personas que ya reciben servicios all\u00ed. <span class=\"footnote_referrer\"><a role=\"button\" tabindex=\"0\" onclick=\"footnote_moveToReference_1045_1('footnote_plugin_reference_1045_1_3');\" onkeypress=\"footnote_moveToReference_1045_1('footnote_plugin_reference_1045_1_3');\" ><sup id=\"footnote_plugin_tooltip_1045_1_3\" class=\"footnote_plugin_tooltip_text\">[3]<\/sup><\/a><span id=\"footnote_plugin_tooltip_text_1045_1_3\" class=\"footnote_tooltip\"><a href=\"https:\/\/rula.disabilityrightsca.org\/es\/suplementos\/suplemento-g-directrices-para-la-transferencia-de-centros-interregionales\/\">Suplemento G,<\/a> Directiva 7<\/span><\/span><script type=\"text\/javascript\"> jQuery('#footnote_plugin_tooltip_1045_1_3').tooltip({ tip: '#footnote_plugin_tooltip_text_1045_1_3', tipClass: 'footnote_tooltip', effect: 'fade', predelay: 0, fadeInSpeed: 200, delay: 400, fadeOutSpeed: 200, position: 'top center', relative: true, offset: [-7, 0], });<\/script><\/p>\n\n\n\n<p>Si planea mudarse, solicite a su centro regional una &#8220;reuni\u00f3n de planificaci\u00f3n previa a la transferencia&#8221; lo antes posible. <span class=\"footnote_referrer\"><a role=\"button\" tabindex=\"0\" onclick=\"footnote_moveToReference_1045_1('footnote_plugin_reference_1045_1_4');\" onkeypress=\"footnote_moveToReference_1045_1('footnote_plugin_reference_1045_1_4');\" ><sup id=\"footnote_plugin_tooltip_1045_1_4\" class=\"footnote_plugin_tooltip_text\">[4]<\/sup><\/a><span id=\"footnote_plugin_tooltip_text_1045_1_4\" class=\"footnote_tooltip\"><a href=\"https:\/\/rula.disabilityrightsca.org\/es\/suplementos\/suplemento-g-directrices-para-la-transferencia-de-centros-interregionales\/\">Suplemento<\/a><a href=\"https:\/\/rula.disabilityrightsca.org\/supplements\/supplement-g-inter-regional-center-transfer-guidelines\/\"> G<\/a>, Directiva 1<\/span><\/span><script type=\"text\/javascript\"> jQuery('#footnote_plugin_tooltip_1045_1_4').tooltip({ tip: '#footnote_plugin_tooltip_text_1045_1_4', tipClass: 'footnote_tooltip', effect: 'fade', predelay: 0, fadeInSpeed: 200, delay: 400, fadeOutSpeed: 200, position: 'top center', relative: true, offset: [-7, 0], });<\/script> Su centro regional actual, su nuevo centro regional y sus proveedores de servicios se reunir\u00e1n con usted para decidir:<\/p>\n\n\n\n<ul class=\"wp-block-list\">\n<li>Qui\u00e9n es responsable de las actividades de transferencia espec\u00edficas,<\/li>\n\n\n\n<li>Las responsabilidades espec\u00edficas y<\/li>\n\n\n\n<li>Cuando se llevar\u00e1n a cabo las actividades de transferencia. <span class=\"footnote_referrer\"><a role=\"button\" tabindex=\"0\" onclick=\"footnote_moveToReference_1045_1('footnote_plugin_reference_1045_1_5');\" onkeypress=\"footnote_moveToReference_1045_1('footnote_plugin_reference_1045_1_5');\" ><sup id=\"footnote_plugin_tooltip_1045_1_5\" class=\"footnote_plugin_tooltip_text\">[5]<\/sup><\/a><span id=\"footnote_plugin_tooltip_text_1045_1_5\" class=\"footnote_tooltip\"><a href=\"https:\/\/rula.disabilityrightsca.org\/es\/suplementos\/suplemento-g-directrices-para-la-transferencia-de-centros-interregionales\/\">Suplemento<\/a><a href=\"https:\/\/rula.disabilityrightsca.org\/supplements\/supplement-g-inter-regional-center-transfer-guidelines\/\"> G<\/a>, Directiva 2<\/span><\/span><script type=\"text\/javascript\"> jQuery('#footnote_plugin_tooltip_1045_1_5').tooltip({ tip: '#footnote_plugin_tooltip_text_1045_1_5', tipClass: 'footnote_tooltip', effect: 'fade', predelay: 0, fadeInSpeed: 200, delay: 400, fadeOutSpeed: 200, position: 'top center', relative: true, offset: [-7, 0], });<\/script>.<\/li>\n<\/ul>\n\n\n\n<p>La reuni\u00f3n de planificaci\u00f3n previa a la transferencia debe asegurarse de que no haya una brecha en los servicios y apoyos, como atenci\u00f3n de enfermer\u00eda, apoyo conductual y servicios de vida con apoyo.<\/p>\n\n\n\n<p>Para los ni\u00f1os en hogares de guarda o ubicaciones fuera del hogar, los funcionarios del condado y los centros regionales deben hacer esfuerzos especiales. Deben asegurarse de que los registros se transfieran y los servicios contin\u00faen para estos ni\u00f1os cuando se transfieran de un centro regional a otro. <span class=\"footnote_referrer\"><a role=\"button\" tabindex=\"0\" onclick=\"footnote_moveToReference_1045_1('footnote_plugin_reference_1045_1_6');\" onkeypress=\"footnote_moveToReference_1045_1('footnote_plugin_reference_1045_1_6');\" ><sup id=\"footnote_plugin_tooltip_1045_1_6\" class=\"footnote_plugin_tooltip_text\">[6]<\/sup><\/a><span id=\"footnote_plugin_tooltip_text_1045_1_6\" class=\"footnote_tooltip\">Secci\u00f3n 4643.5(d)<\/span><\/span><script type=\"text\/javascript\"> jQuery('#footnote_plugin_tooltip_1045_1_6').tooltip({ tip: '#footnote_plugin_tooltip_text_1045_1_6', tipClass: 'footnote_tooltip', effect: 'fade', predelay: 0, fadeInSpeed: 200, delay: 400, fadeOutSpeed: 200, position: 'top center', relative: true, offset: [-7, 0], });<\/script>.<\/p>\n<div class=\"speaker-mute footnotes_reference_container\"> <div class=\"footnote_container_prepare\"><p><span role=\"button\" tabindex=\"0\" class=\"footnote_reference_container_label pointer\" onclick=\"footnote_expand_collapse_reference_container_1045_1();\">&#x202F;<\/span><span role=\"button\" tabindex=\"0\" class=\"footnote_reference_container_collapse_button\" style=\"display: none;\" onclick=\"footnote_expand_collapse_reference_container_1045_1();\">[<a id=\"footnote_reference_container_collapse_button_1045_1\">+<\/a>]<\/span><\/p><\/div> <div id=\"footnote_references_container_1045_1\" style=\"\"><table class=\"footnotes_table footnote-reference-container\"><caption class=\"accessibility\">References<\/caption> <tbody> \r\n\r\n<tr class=\"footnotes_plugin_reference_row\"> <th scope=\"row\" class=\"footnote_plugin_index_combi pointer\"  onclick=\"footnote_moveToAnchor_1045_1('footnote_plugin_tooltip_1045_1_1');\"><a id=\"footnote_plugin_reference_1045_1_1\" class=\"footnote_backlink\"><span class=\"footnote_index_arrow\">&#8593;<\/span>1<\/a><\/th> <td class=\"footnote_plugin_text\">Secci\u00f3n 4643.5(c)<\/td><\/tr>\r\n\r\n<tr class=\"footnotes_plugin_reference_row\"> <th scope=\"row\" class=\"footnote_plugin_index_combi pointer\"  onclick=\"footnote_moveToAnchor_1045_1('footnote_plugin_tooltip_1045_1_2');\"><a id=\"footnote_plugin_reference_1045_1_2\" class=\"footnote_backlink\"><span class=\"footnote_index_arrow\">&#8593;<\/span>2<\/a><\/th> <td class=\"footnote_plugin_text\">Consulte el&nbsp;<a href=\"https:\/\/rula.disabilityrightsca.org\/es\/suplementos\/suplemento-g-directrices-para-la-transferencia-de-centros-interregionales\/\">Suplemento G<\/a>&nbsp;de este manual<\/td><\/tr>\r\n\r\n<tr class=\"footnotes_plugin_reference_row\"> <th scope=\"row\" class=\"footnote_plugin_index_combi pointer\"  onclick=\"footnote_moveToAnchor_1045_1('footnote_plugin_tooltip_1045_1_3');\"><a id=\"footnote_plugin_reference_1045_1_3\" class=\"footnote_backlink\"><span class=\"footnote_index_arrow\">&#8593;<\/span>3<\/a><\/th> <td class=\"footnote_plugin_text\"><a href=\"https:\/\/rula.disabilityrightsca.org\/es\/suplementos\/suplemento-g-directrices-para-la-transferencia-de-centros-interregionales\/\">Suplemento G,<\/a> Directiva 7<\/td><\/tr>\r\n\r\n<tr class=\"footnotes_plugin_reference_row\"> <th scope=\"row\" class=\"footnote_plugin_index_combi pointer\"  onclick=\"footnote_moveToAnchor_1045_1('footnote_plugin_tooltip_1045_1_4');\"><a id=\"footnote_plugin_reference_1045_1_4\" class=\"footnote_backlink\"><span class=\"footnote_index_arrow\">&#8593;<\/span>4<\/a><\/th> <td class=\"footnote_plugin_text\"><a href=\"https:\/\/rula.disabilityrightsca.org\/es\/suplementos\/suplemento-g-directrices-para-la-transferencia-de-centros-interregionales\/\">Suplemento<\/a><a href=\"https:\/\/rula.disabilityrightsca.org\/supplements\/supplement-g-inter-regional-center-transfer-guidelines\/\"> G<\/a>, Directiva 1<\/td><\/tr>\r\n\r\n<tr class=\"footnotes_plugin_reference_row\"> <th scope=\"row\" class=\"footnote_plugin_index_combi pointer\"  onclick=\"footnote_moveToAnchor_1045_1('footnote_plugin_tooltip_1045_1_5');\"><a id=\"footnote_plugin_reference_1045_1_5\" class=\"footnote_backlink\"><span class=\"footnote_index_arrow\">&#8593;<\/span>5<\/a><\/th> <td class=\"footnote_plugin_text\"><a href=\"https:\/\/rula.disabilityrightsca.org\/es\/suplementos\/suplemento-g-directrices-para-la-transferencia-de-centros-interregionales\/\">Suplemento<\/a><a href=\"https:\/\/rula.disabilityrightsca.org\/supplements\/supplement-g-inter-regional-center-transfer-guidelines\/\"> G<\/a>, Directiva 2<\/td><\/tr>\r\n\r\n<tr class=\"footnotes_plugin_reference_row\"> <th scope=\"row\" class=\"footnote_plugin_index_combi pointer\"  onclick=\"footnote_moveToAnchor_1045_1('footnote_plugin_tooltip_1045_1_6');\"><a id=\"footnote_plugin_reference_1045_1_6\" class=\"footnote_backlink\"><span class=\"footnote_index_arrow\">&#8593;<\/span>6<\/a><\/th> <td class=\"footnote_plugin_text\">Secci\u00f3n 4643.5(d)<\/td><\/tr>\r\n\r\n <\/tbody> <\/table> <\/div><\/div><script type=\"text\/javascript\"> function footnote_expand_reference_container_1045_1() { jQuery('#footnote_references_container_1045_1').show(); jQuery('#footnote_reference_container_collapse_button_1045_1').text('\u2212'); } function footnote_collapse_reference_container_1045_1() { jQuery('#footnote_references_container_1045_1').hide(); jQuery('#footnote_reference_container_collapse_button_1045_1').text('+'); } function footnote_expand_collapse_reference_container_1045_1() { if (jQuery('#footnote_references_container_1045_1').is(':hidden')) { footnote_expand_reference_container_1045_1(); } else { footnote_collapse_reference_container_1045_1(); } } function footnote_moveToReference_1045_1(p_str_TargetID) { footnote_expand_reference_container_1045_1(); var l_obj_Target = jQuery('#' + p_str_TargetID); if (l_obj_Target.length) { jQuery( 'html, body' ).delay( 0 ); jQuery('html, body').animate({ scrollTop: l_obj_Target.offset().top - window.innerHeight * 0.2 }, 380); } } function footnote_moveToAnchor_1045_1(p_str_TargetID) { footnote_expand_reference_container_1045_1(); var l_obj_Target = jQuery('#' + p_str_TargetID); if (l_obj_Target.length) { jQuery( 'html, body' ).delay( 0 ); jQuery('html, body').animate({ scrollTop: l_obj_Target.offset().top - window.innerHeight * 0.2 }, 380); } }<\/script>","protected":false},"excerpt":{"rendered":"<p>Los centros regionales deben trabajar juntos para asegurarse de que su transici\u00f3n al nuevo centro regional sea fluida, sin demoras ni interrupciones en sus servicios.&hellip;<\/p>\n","protected":false},"author":1,"featured_media":0,"parent":312,"menu_order":20,"comment_status":"closed","ping_status":"closed","template":"","meta":{"footnotes":""},"class_list":["post-1045","page","type-page","status-publish","hentry"],"_links":{"self":[{"href":"https:\/\/rula.disabilityrightsca.org\/es\/wp-json\/wp\/v2\/pages\/1045","targetHints":{"allow":["GET"]}}],"collection":[{"href":"https:\/\/rula.disabilityrightsca.org\/es\/wp-json\/wp\/v2\/pages"}],"about":[{"href":"https:\/\/rula.disabilityrightsca.org\/es\/wp-json\/wp\/v2\/types\/page"}],"author":[{"embeddable":true,"href":"https:\/\/rula.disabilityrightsca.org\/es\/wp-json\/wp\/v2\/users\/1"}],"replies":[{"embeddable":true,"href":"https:\/\/rula.disabilityrightsca.org\/es\/wp-json\/wp\/v2\/comments?post=1045"}],"version-history":[{"count":7,"href":"https:\/\/rula.disabilityrightsca.org\/es\/wp-json\/wp\/v2\/pages\/1045\/revisions"}],"predecessor-version":[{"id":3675,"href":"https:\/\/rula.disabilityrightsca.org\/es\/wp-json\/wp\/v2\/pages\/1045\/revisions\/3675"}],"up":[{"embeddable":true,"href":"https:\/\/rula.disabilityrightsca.org\/es\/wp-json\/wp\/v2\/pages\/312"}],"wp:attachment":[{"href":"https:\/\/rula.disabilityrightsca.org\/es\/wp-json\/wp\/v2\/media?parent=1045"}],"curies":[{"name":"wp","href":"https:\/\/api.w.org\/{rel}","templated":true}]}}