{"id":1043,"date":"2021-05-12T23:05:32","date_gmt":"2021-05-12T23:05:32","guid":{"rendered":"http:\/\/www.rula.disabilityrightsca.org\/es\/?page_id=1043"},"modified":"2023-12-04T22:07:04","modified_gmt":"2023-12-04T22:07:04","slug":"3-19-que-pasa-si-me-mudo-a-una-parte-diferente-del-estado-lejos-de-mi-centro-regional","status":"publish","type":"page","link":"https:\/\/rula.disabilityrightsca.org\/es\/rula-book\/capitulo-3-centros-regionales\/3-19-que-pasa-si-me-mudo-a-una-parte-diferente-del-estado-lejos-de-mi-centro-regional\/","title":{"rendered":"(3.19) \u00bfQu\u00e9 pasa si me mudo a una parte diferente del estado, lejos de mi centro regional?"},"content":{"rendered":"\n<p>Una vez que sea cliente de un centro regional, ser\u00e1 parte del sistema estatal de centros regionales. Sin embargo, recibir\u00e1 servicios del centro regional responsable de su \u00e1rea. Si se muda fuera de esa \u00e1rea, un centro regional diferente ser\u00e1 responsable de sus servicios. <span class=\"footnote_referrer\"><a role=\"button\" tabindex=\"0\" onclick=\"footnote_moveToReference_1043_1('footnote_plugin_reference_1043_1_1');\" onkeypress=\"footnote_moveToReference_1043_1('footnote_plugin_reference_1043_1_1');\" ><sup id=\"footnote_plugin_tooltip_1043_1_1\" class=\"footnote_plugin_tooltip_text\">[1]<\/sup><\/a><span id=\"footnote_plugin_tooltip_text_1043_1_1\" class=\"footnote_tooltip\">Secci\u00f3n 4643.5(a)<\/span><\/span><script type=\"text\/javascript\"> jQuery('#footnote_plugin_tooltip_1043_1_1').tooltip({ tip: '#footnote_plugin_tooltip_text_1043_1_1', tipClass: 'footnote_tooltip', effect: 'fade', predelay: 0, fadeInSpeed: 200, delay: 400, fadeOutSpeed: 200, position: 'top center', relative: true, offset: [-7, 0], });<\/script><\/p>\n\n\n\n<p>Cuando se mude, su Plan de programa individual (IPP) permanece en vigor con el mismo nivel de servicios y apoyos hasta que acepte un nuevo IPP. Si algunos de los servicios o apoyos que ten\u00eda antes de mudarse no est\u00e1n disponibles en su nuevo centro regional, debe haber una reuni\u00f3n dentro de los 30 d\u00edas para acordar un nuevo IPP. Hasta que se apruebe el nuevo IPP, el centro regional debe brindarle servicios y apoyos alternativos que cumplan mejor con sus objetivos de IPP en el entorno menos restrictivo. <span class=\"footnote_referrer\"><a role=\"button\" tabindex=\"0\" onclick=\"footnote_moveToReference_1043_1('footnote_plugin_reference_1043_1_2');\" onkeypress=\"footnote_moveToReference_1043_1('footnote_plugin_reference_1043_1_2');\" ><sup id=\"footnote_plugin_tooltip_1043_1_2\" class=\"footnote_plugin_tooltip_text\">[2]<\/sup><\/a><span id=\"footnote_plugin_tooltip_text_1043_1_2\" class=\"footnote_tooltip\">Secci\u00f3n 4643.5(c)<\/span><\/span><script type=\"text\/javascript\"> jQuery('#footnote_plugin_tooltip_1043_1_2').tooltip({ tip: '#footnote_plugin_tooltip_text_1043_1_2', tipClass: 'footnote_tooltip', effect: 'fade', predelay: 0, fadeInSpeed: 200, delay: 400, fadeOutSpeed: 200, position: 'top center', relative: true, offset: [-7, 0], });<\/script><\/p>\n\n\n\n<p>El nuevo centro regional no puede decirle que debe esperar por los servicios. El nuevo centro regional no puede decir que sus clientes ya existentes tienen prioridad. Usted tiene el mismo derecho a los servicios y apoyos que cualquier otro cliente en la nueva \u00e1rea del centro regional, incluso si hay un desacuerdo sobre la transferencia de su caso. En casos excepcionales, puede seguir siendo cliente de su centro regional actual despu\u00e9s de mudarse a un \u00e1rea atendida por un centro regional diferente. <span class=\"footnote_referrer\"><a role=\"button\" tabindex=\"0\" onclick=\"footnote_moveToReference_1043_1('footnote_plugin_reference_1043_1_3');\" onkeypress=\"footnote_moveToReference_1043_1('footnote_plugin_reference_1043_1_3');\" ><sup id=\"footnote_plugin_tooltip_1043_1_3\" class=\"footnote_plugin_tooltip_text\">[3]<\/sup><\/a><span id=\"footnote_plugin_tooltip_text_1043_1_3\" class=\"footnote_tooltip\">En el caso de P.F. y DB, OAH L-2001120516 y L-2001120517, dos consumidores del centro regional que se conoc\u00edan desde hac\u00eda 35 a\u00f1os y hab\u00edan vivido juntos 8 a\u00f1os, se vieron obligados a mudarse a&nbsp;&#x2026; <span class=\"footnote_tooltip_continue\"  onclick=\"footnote_moveToReference_1043_1('footnote_plugin_reference_1043_1_3');\">Continue reading<\/span><\/span><\/span><script type=\"text\/javascript\"> jQuery('#footnote_plugin_tooltip_1043_1_3').tooltip({ tip: '#footnote_plugin_tooltip_text_1043_1_3', tipClass: 'footnote_tooltip', effect: 'fade', predelay: 0, fadeInSpeed: 200, delay: 400, fadeOutSpeed: 200, position: 'top center', relative: true, offset: [-7, 0], });<\/script><\/p>\n<div class=\"speaker-mute footnotes_reference_container\"> <div class=\"footnote_container_prepare\"><p><span role=\"button\" tabindex=\"0\" class=\"footnote_reference_container_label pointer\" onclick=\"footnote_expand_collapse_reference_container_1043_1();\">&#x202F;<\/span><span role=\"button\" tabindex=\"0\" class=\"footnote_reference_container_collapse_button\" style=\"display: none;\" onclick=\"footnote_expand_collapse_reference_container_1043_1();\">[<a id=\"footnote_reference_container_collapse_button_1043_1\">+<\/a>]<\/span><\/p><\/div> <div id=\"footnote_references_container_1043_1\" style=\"\"><table class=\"footnotes_table footnote-reference-container\"><caption class=\"accessibility\">References<\/caption> <tbody> \r\n\r\n<tr class=\"footnotes_plugin_reference_row\"> <th scope=\"row\" class=\"footnote_plugin_index_combi pointer\"  onclick=\"footnote_moveToAnchor_1043_1('footnote_plugin_tooltip_1043_1_1');\"><a id=\"footnote_plugin_reference_1043_1_1\" class=\"footnote_backlink\"><span class=\"footnote_index_arrow\">&#8593;<\/span>1<\/a><\/th> <td class=\"footnote_plugin_text\">Secci\u00f3n 4643.5(a)<\/td><\/tr>\r\n\r\n<tr class=\"footnotes_plugin_reference_row\"> <th scope=\"row\" class=\"footnote_plugin_index_combi pointer\"  onclick=\"footnote_moveToAnchor_1043_1('footnote_plugin_tooltip_1043_1_2');\"><a id=\"footnote_plugin_reference_1043_1_2\" class=\"footnote_backlink\"><span class=\"footnote_index_arrow\">&#8593;<\/span>2<\/a><\/th> <td class=\"footnote_plugin_text\">Secci\u00f3n 4643.5(c)<\/td><\/tr>\r\n\r\n<tr class=\"footnotes_plugin_reference_row\"> <th scope=\"row\" class=\"footnote_plugin_index_combi pointer\"  onclick=\"footnote_moveToAnchor_1043_1('footnote_plugin_tooltip_1043_1_3');\"><a id=\"footnote_plugin_reference_1043_1_3\" class=\"footnote_backlink\"><span class=\"footnote_index_arrow\">&#8593;<\/span>3<\/a><\/th> <td class=\"footnote_plugin_text\">En <em>el caso de P.F. y DB<\/em>, OAH L-2001120516 y L-2001120517, dos consumidores del centro regional que se conoc\u00edan desde hac\u00eda 35 a\u00f1os y hab\u00edan vivido juntos 8 a\u00f1os, se vieron obligados a mudarse a otra \u00e1rea de otro centro regional, debido al alto costo de la vivienda en el \u00e1rea original del centro regional de la pareja. El juez de derecho administrativo (ALJ) decidi\u00f3 que la pareja no ten\u00eda que cambiar de centro regional. En <em>el caso de SB, OAH L-1998080340<\/em>, el juez de derecho administrativo decidi\u00f3 que una mujer de 25 a\u00f1os que hab\u00eda sido cliente del Centro Regional del Este de Los \u00c1ngeles desde los 4 meses, no ten\u00eda que transferir su caso al Centro Regional Harbor, solo porque se hubiera mudado de la casa de su padre a la casa de su madre, un punto justo por encima del l\u00edmite<\/td><\/tr>\r\n\r\n <\/tbody> <\/table> <\/div><\/div><script type=\"text\/javascript\"> function footnote_expand_reference_container_1043_1() { jQuery('#footnote_references_container_1043_1').show(); jQuery('#footnote_reference_container_collapse_button_1043_1').text('\u2212'); } function footnote_collapse_reference_container_1043_1() { jQuery('#footnote_references_container_1043_1').hide(); jQuery('#footnote_reference_container_collapse_button_1043_1').text('+'); } function footnote_expand_collapse_reference_container_1043_1() { if (jQuery('#footnote_references_container_1043_1').is(':hidden')) { footnote_expand_reference_container_1043_1(); } else { footnote_collapse_reference_container_1043_1(); } } function footnote_moveToReference_1043_1(p_str_TargetID) { footnote_expand_reference_container_1043_1(); var l_obj_Target = jQuery('#' + p_str_TargetID); if (l_obj_Target.length) { jQuery( 'html, body' ).delay( 0 ); jQuery('html, body').animate({ scrollTop: l_obj_Target.offset().top - window.innerHeight * 0.2 }, 380); } } function footnote_moveToAnchor_1043_1(p_str_TargetID) { footnote_expand_reference_container_1043_1(); var l_obj_Target = jQuery('#' + p_str_TargetID); if (l_obj_Target.length) { jQuery( 'html, body' ).delay( 0 ); jQuery('html, body').animate({ scrollTop: l_obj_Target.offset().top - window.innerHeight * 0.2 }, 380); } }<\/script>","protected":false},"excerpt":{"rendered":"<p>Una vez que sea cliente de un centro regional, ser\u00e1 parte del sistema estatal de centros regionales. Sin embargo, recibir\u00e1 servicios del centro regional responsable&hellip;<\/p>\n","protected":false},"author":1,"featured_media":0,"parent":312,"menu_order":19,"comment_status":"closed","ping_status":"closed","template":"","meta":{"footnotes":""},"class_list":["post-1043","page","type-page","status-publish","hentry"],"_links":{"self":[{"href":"https:\/\/rula.disabilityrightsca.org\/es\/wp-json\/wp\/v2\/pages\/1043","targetHints":{"allow":["GET"]}}],"collection":[{"href":"https:\/\/rula.disabilityrightsca.org\/es\/wp-json\/wp\/v2\/pages"}],"about":[{"href":"https:\/\/rula.disabilityrightsca.org\/es\/wp-json\/wp\/v2\/types\/page"}],"author":[{"embeddable":true,"href":"https:\/\/rula.disabilityrightsca.org\/es\/wp-json\/wp\/v2\/users\/1"}],"replies":[{"embeddable":true,"href":"https:\/\/rula.disabilityrightsca.org\/es\/wp-json\/wp\/v2\/comments?post=1043"}],"version-history":[{"count":3,"href":"https:\/\/rula.disabilityrightsca.org\/es\/wp-json\/wp\/v2\/pages\/1043\/revisions"}],"predecessor-version":[{"id":3672,"href":"https:\/\/rula.disabilityrightsca.org\/es\/wp-json\/wp\/v2\/pages\/1043\/revisions\/3672"}],"up":[{"embeddable":true,"href":"https:\/\/rula.disabilityrightsca.org\/es\/wp-json\/wp\/v2\/pages\/312"}],"wp:attachment":[{"href":"https:\/\/rula.disabilityrightsca.org\/es\/wp-json\/wp\/v2\/media?parent=1043"}],"curies":[{"name":"wp","href":"https:\/\/api.w.org\/{rel}","templated":true}]}}