{"id":1041,"date":"2021-05-12T23:03:14","date_gmt":"2021-05-12T23:03:14","guid":{"rendered":"http:\/\/www.rula.disabilityrightsca.org\/es\/?page_id=1041"},"modified":"2026-03-19T17:10:20","modified_gmt":"2026-03-19T17:10:20","slug":"3-18-puedo-cambiar-de-coordinador-de-servicios-voluntariamente","status":"publish","type":"page","link":"https:\/\/rula.disabilityrightsca.org\/es\/rula-book\/capitulo-3-centros-regionales\/3-18-puedo-cambiar-de-coordinador-de-servicios-voluntariamente\/","title":{"rendered":"(3.18) \u00bfPuedo cambiar de coordinador de servicios voluntariamente?"},"content":{"rendered":"\n<p>El trabajo del coordinador de servicios es muy importante.<span class=\"footnote_referrer\"><a role=\"button\" tabindex=\"0\" onclick=\"footnote_moveToReference_1041_1('footnote_plugin_reference_1041_1_1');\" onkeypress=\"footnote_moveToReference_1041_1('footnote_plugin_reference_1041_1_1');\" ><sup id=\"footnote_plugin_tooltip_1041_1_1\" class=\"footnote_plugin_tooltip_text\">[1]<\/sup><\/a><span id=\"footnote_plugin_tooltip_text_1041_1_1\" class=\"footnote_tooltip\">Secci\u00f3n 4647(b)<\/span><\/span><script type=\"text\/javascript\"> jQuery('#footnote_plugin_tooltip_1041_1_1').tooltip({ tip: '#footnote_plugin_tooltip_text_1041_1_1', tipClass: 'footnote_tooltip', effect: 'fade', predelay: 0, fadeInSpeed: 200, delay: 400, fadeOutSpeed: 200, position: 'top center', relative: true, offset: [-7, 0], });<\/script> La Ley Lanterman dice que ninguna persona puede continuar siendo su coordinador de servicios a menos que usted est\u00e9 de acuerdo.<span class=\"footnote_referrer\"><a role=\"button\" tabindex=\"0\" onclick=\"footnote_moveToReference_1041_1('footnote_plugin_reference_1041_1_2');\" onkeypress=\"footnote_moveToReference_1041_1('footnote_plugin_reference_1041_1_2');\" ><sup id=\"footnote_plugin_tooltip_1041_1_2\" class=\"footnote_plugin_tooltip_text\">[2]<\/sup><\/a><span id=\"footnote_plugin_tooltip_text_1041_1_2\" class=\"footnote_tooltip\"> Secci\u00f3n 4647(b)<\/span><\/span><script type=\"text\/javascript\"> jQuery('#footnote_plugin_tooltip_1041_1_2').tooltip({ tip: '#footnote_plugin_tooltip_text_1041_1_2', tipClass: 'footnote_tooltip', effect: 'fade', predelay: 0, fadeInSpeed: 200, delay: 400, fadeOutSpeed: 200, position: 'top center', relative: true, offset: [-7, 0], });<\/script> Por lo tanto, puede solicitar un coordinador de servicios diferente si no est\u00e1 satisfecho con el suyo. Si el centro regional desea cambiar su coordinador de servicios de forma permanente, debe darle una notificaci\u00f3n por escrito dentro de los 10 d\u00edas h\u00e1biles.<span class=\"footnote_referrer\"><a role=\"button\" tabindex=\"0\" onclick=\"footnote_moveToReference_1041_1('footnote_plugin_reference_1041_1_3');\" onkeypress=\"footnote_moveToReference_1041_1('footnote_plugin_reference_1041_1_3');\" ><sup id=\"footnote_plugin_tooltip_1041_1_3\" class=\"footnote_plugin_tooltip_text\">[3]<\/sup><\/a><span id=\"footnote_plugin_tooltip_text_1041_1_3\" class=\"footnote_tooltip\"> Secci\u00f3n 4647(b) <\/span><\/span><script type=\"text\/javascript\"> jQuery('#footnote_plugin_tooltip_1041_1_3').tooltip({ tip: '#footnote_plugin_tooltip_text_1041_1_3', tipClass: 'footnote_tooltip', effect: 'fade', predelay: 0, fadeInSpeed: 200, delay: 400, fadeOutSpeed: 200, position: 'top center', relative: true, offset: [-7, 0], });<\/script><\/p>\n<div class=\"speaker-mute footnotes_reference_container\"> <div class=\"footnote_container_prepare\"><p><span role=\"button\" tabindex=\"0\" class=\"footnote_reference_container_label pointer\" onclick=\"footnote_expand_collapse_reference_container_1041_1();\">&#x202F;<\/span><span role=\"button\" tabindex=\"0\" class=\"footnote_reference_container_collapse_button\" style=\"display: none;\" onclick=\"footnote_expand_collapse_reference_container_1041_1();\">[<a id=\"footnote_reference_container_collapse_button_1041_1\">+<\/a>]<\/span><\/p><\/div> <div id=\"footnote_references_container_1041_1\" style=\"\"><table class=\"footnotes_table footnote-reference-container\"><caption class=\"accessibility\">References<\/caption> <tbody> \r\n\r\n<tr class=\"footnotes_plugin_reference_row\"> <th scope=\"row\" class=\"footnote_plugin_index_combi pointer\"  onclick=\"footnote_moveToAnchor_1041_1('footnote_plugin_tooltip_1041_1_1');\"><a id=\"footnote_plugin_reference_1041_1_1\" class=\"footnote_backlink\"><span class=\"footnote_index_arrow\">&#8593;<\/span>1<\/a><\/th> <td class=\"footnote_plugin_text\">Secci\u00f3n 4647(b)<\/td><\/tr>\r\n\r\n<tr class=\"footnotes_plugin_reference_row\"> <th scope=\"row\" class=\"footnote_plugin_index_combi pointer\"  onclick=\"footnote_moveToAnchor_1041_1('footnote_plugin_tooltip_1041_1_2');\"><a id=\"footnote_plugin_reference_1041_1_2\" class=\"footnote_backlink\"><span class=\"footnote_index_arrow\">&#8593;<\/span>2<\/a><\/th> <td class=\"footnote_plugin_text\"> Secci\u00f3n 4647(b)<\/td><\/tr>\r\n\r\n<tr class=\"footnotes_plugin_reference_row\"> <th scope=\"row\" class=\"footnote_plugin_index_combi pointer\"  onclick=\"footnote_moveToAnchor_1041_1('footnote_plugin_tooltip_1041_1_3');\"><a id=\"footnote_plugin_reference_1041_1_3\" class=\"footnote_backlink\"><span class=\"footnote_index_arrow\">&#8593;<\/span>3<\/a><\/th> <td class=\"footnote_plugin_text\"> Secci\u00f3n 4647(b) <\/td><\/tr>\r\n\r\n <\/tbody> <\/table> <\/div><\/div><script type=\"text\/javascript\"> function footnote_expand_reference_container_1041_1() { jQuery('#footnote_references_container_1041_1').show(); jQuery('#footnote_reference_container_collapse_button_1041_1').text('\u2212'); } function footnote_collapse_reference_container_1041_1() { jQuery('#footnote_references_container_1041_1').hide(); jQuery('#footnote_reference_container_collapse_button_1041_1').text('+'); } function footnote_expand_collapse_reference_container_1041_1() { if (jQuery('#footnote_references_container_1041_1').is(':hidden')) { footnote_expand_reference_container_1041_1(); } else { footnote_collapse_reference_container_1041_1(); } } function footnote_moveToReference_1041_1(p_str_TargetID) { footnote_expand_reference_container_1041_1(); var l_obj_Target = jQuery('#' + p_str_TargetID); if (l_obj_Target.length) { jQuery( 'html, body' ).delay( 0 ); jQuery('html, body').animate({ scrollTop: l_obj_Target.offset().top - window.innerHeight * 0.2 }, 380); } } function footnote_moveToAnchor_1041_1(p_str_TargetID) { footnote_expand_reference_container_1041_1(); var l_obj_Target = jQuery('#' + p_str_TargetID); if (l_obj_Target.length) { jQuery( 'html, body' ).delay( 0 ); jQuery('html, body').animate({ scrollTop: l_obj_Target.offset().top - window.innerHeight * 0.2 }, 380); } }<\/script>","protected":false},"excerpt":{"rendered":"<p>El trabajo del coordinador de servicios es muy importante.[1]Secci\u00f3n 4647(b) La Ley Lanterman dice que ninguna persona puede continuar siendo su coordinador de servicios a&hellip;<\/p>\n","protected":false},"author":1,"featured_media":0,"parent":312,"menu_order":18,"comment_status":"closed","ping_status":"closed","template":"","meta":{"footnotes":""},"class_list":["post-1041","page","type-page","status-publish","hentry"],"_links":{"self":[{"href":"https:\/\/rula.disabilityrightsca.org\/es\/wp-json\/wp\/v2\/pages\/1041","targetHints":{"allow":["GET"]}}],"collection":[{"href":"https:\/\/rula.disabilityrightsca.org\/es\/wp-json\/wp\/v2\/pages"}],"about":[{"href":"https:\/\/rula.disabilityrightsca.org\/es\/wp-json\/wp\/v2\/types\/page"}],"author":[{"embeddable":true,"href":"https:\/\/rula.disabilityrightsca.org\/es\/wp-json\/wp\/v2\/users\/1"}],"replies":[{"embeddable":true,"href":"https:\/\/rula.disabilityrightsca.org\/es\/wp-json\/wp\/v2\/comments?post=1041"}],"version-history":[{"count":8,"href":"https:\/\/rula.disabilityrightsca.org\/es\/wp-json\/wp\/v2\/pages\/1041\/revisions"}],"predecessor-version":[{"id":4112,"href":"https:\/\/rula.disabilityrightsca.org\/es\/wp-json\/wp\/v2\/pages\/1041\/revisions\/4112"}],"up":[{"embeddable":true,"href":"https:\/\/rula.disabilityrightsca.org\/es\/wp-json\/wp\/v2\/pages\/312"}],"wp:attachment":[{"href":"https:\/\/rula.disabilityrightsca.org\/es\/wp-json\/wp\/v2\/media?parent=1041"}],"curies":[{"name":"wp","href":"https:\/\/api.w.org\/{rel}","templated":true}]}}