{"id":1037,"date":"2021-05-12T22:59:14","date_gmt":"2021-05-12T22:59:14","guid":{"rendered":"http:\/\/www.rula.disabilityrightsca.org\/es\/?page_id=1037"},"modified":"2023-12-04T22:05:18","modified_gmt":"2023-12-04T22:05:18","slug":"if-i-am-eligible-for-regional-center-services-will-i-always-be-eligible","status":"publish","type":"page","link":"https:\/\/rula.disabilityrightsca.org\/es\/rula-book\/capitulo-3-centros-regionales\/if-i-am-eligible-for-regional-center-services-will-i-always-be-eligible\/","title":{"rendered":"(3.16) Si soy elegible para los servicios del centro regional, \u00bfsiempre ser\u00e9 elegible?"},"content":{"rendered":"\n<p>A person determined by any regionaUna persona que cualquier centro regional determine que tiene una discapacidad del desarrollo generalmente sigue siendo elegible de por vida. La ley dice que el centro regional solo puede interrumpir sus servicios si realiza una &#8220;reevaluaci\u00f3n integral&#8221; y dice que su decisi\u00f3n original de que usted tiene una discapacidad del desarrollo es &#8220;claramente err\u00f3nea&#8221; (incorrecta). <span class=\"footnote_referrer\"><a role=\"button\" tabindex=\"0\" onclick=\"footnote_moveToReference_1037_1('footnote_plugin_reference_1037_1_1');\" onkeypress=\"footnote_moveToReference_1037_1('footnote_plugin_reference_1037_1_1');\" ><sup id=\"footnote_plugin_tooltip_1037_1_1\" class=\"footnote_plugin_tooltip_text\">[1]<\/sup><\/a><span id=\"footnote_plugin_tooltip_text_1037_1_1\" class=\"footnote_tooltip\">Secci\u00f3n 4643.5(b)<\/span><\/span><script type=\"text\/javascript\"> jQuery('#footnote_plugin_tooltip_1037_1_1').tooltip({ tip: '#footnote_plugin_tooltip_text_1037_1_1', tipClass: 'footnote_tooltip', effect: 'fade', predelay: 0, fadeInSpeed: 200, delay: 400, fadeOutSpeed: 200, position: 'top center', relative: true, offset: [-7, 0], });<\/script><\/p>\n<div class=\"speaker-mute footnotes_reference_container\"> <div class=\"footnote_container_prepare\"><p><span role=\"button\" tabindex=\"0\" class=\"footnote_reference_container_label pointer\" onclick=\"footnote_expand_collapse_reference_container_1037_1();\">&#x202F;<\/span><span role=\"button\" tabindex=\"0\" class=\"footnote_reference_container_collapse_button\" style=\"display: none;\" onclick=\"footnote_expand_collapse_reference_container_1037_1();\">[<a id=\"footnote_reference_container_collapse_button_1037_1\">+<\/a>]<\/span><\/p><\/div> <div id=\"footnote_references_container_1037_1\" style=\"\"><table class=\"footnotes_table footnote-reference-container\"><caption class=\"accessibility\">References<\/caption> <tbody> \r\n\r\n<tr class=\"footnotes_plugin_reference_row\"> <th scope=\"row\" class=\"footnote_plugin_index_combi pointer\"  onclick=\"footnote_moveToAnchor_1037_1('footnote_plugin_tooltip_1037_1_1');\"><a id=\"footnote_plugin_reference_1037_1_1\" class=\"footnote_backlink\"><span class=\"footnote_index_arrow\">&#8593;<\/span>1<\/a><\/th> <td class=\"footnote_plugin_text\">Secci\u00f3n 4643.5(b)<\/td><\/tr>\r\n\r\n <\/tbody> <\/table> <\/div><\/div><script type=\"text\/javascript\"> function footnote_expand_reference_container_1037_1() { jQuery('#footnote_references_container_1037_1').show(); jQuery('#footnote_reference_container_collapse_button_1037_1').text('\u2212'); } function footnote_collapse_reference_container_1037_1() { jQuery('#footnote_references_container_1037_1').hide(); jQuery('#footnote_reference_container_collapse_button_1037_1').text('+'); } function footnote_expand_collapse_reference_container_1037_1() { if (jQuery('#footnote_references_container_1037_1').is(':hidden')) { footnote_expand_reference_container_1037_1(); } else { footnote_collapse_reference_container_1037_1(); } } function footnote_moveToReference_1037_1(p_str_TargetID) { footnote_expand_reference_container_1037_1(); var l_obj_Target = jQuery('#' + p_str_TargetID); if (l_obj_Target.length) { jQuery( 'html, body' ).delay( 0 ); jQuery('html, body').animate({ scrollTop: l_obj_Target.offset().top - window.innerHeight * 0.2 }, 380); } } function footnote_moveToAnchor_1037_1(p_str_TargetID) { footnote_expand_reference_container_1037_1(); var l_obj_Target = jQuery('#' + p_str_TargetID); if (l_obj_Target.length) { jQuery( 'html, body' ).delay( 0 ); jQuery('html, body').animate({ scrollTop: l_obj_Target.offset().top - window.innerHeight * 0.2 }, 380); } }<\/script>","protected":false},"excerpt":{"rendered":"<p>A person determined by any regionaUna persona que cualquier centro regional determine que tiene una discapacidad del desarrollo generalmente sigue siendo elegible de por vida.&hellip;<\/p>\n","protected":false},"author":1,"featured_media":0,"parent":312,"menu_order":16,"comment_status":"closed","ping_status":"closed","template":"","meta":{"footnotes":""},"class_list":["post-1037","page","type-page","status-publish","hentry"],"_links":{"self":[{"href":"https:\/\/rula.disabilityrightsca.org\/es\/wp-json\/wp\/v2\/pages\/1037","targetHints":{"allow":["GET"]}}],"collection":[{"href":"https:\/\/rula.disabilityrightsca.org\/es\/wp-json\/wp\/v2\/pages"}],"about":[{"href":"https:\/\/rula.disabilityrightsca.org\/es\/wp-json\/wp\/v2\/types\/page"}],"author":[{"embeddable":true,"href":"https:\/\/rula.disabilityrightsca.org\/es\/wp-json\/wp\/v2\/users\/1"}],"replies":[{"embeddable":true,"href":"https:\/\/rula.disabilityrightsca.org\/es\/wp-json\/wp\/v2\/comments?post=1037"}],"version-history":[{"count":3,"href":"https:\/\/rula.disabilityrightsca.org\/es\/wp-json\/wp\/v2\/pages\/1037\/revisions"}],"predecessor-version":[{"id":3669,"href":"https:\/\/rula.disabilityrightsca.org\/es\/wp-json\/wp\/v2\/pages\/1037\/revisions\/3669"}],"up":[{"embeddable":true,"href":"https:\/\/rula.disabilityrightsca.org\/es\/wp-json\/wp\/v2\/pages\/312"}],"wp:attachment":[{"href":"https:\/\/rula.disabilityrightsca.org\/es\/wp-json\/wp\/v2\/media?parent=1037"}],"curies":[{"name":"wp","href":"https:\/\/api.w.org\/{rel}","templated":true}]}}