{"id":1033,"date":"2021-05-12T22:46:54","date_gmt":"2021-05-12T22:46:54","guid":{"rendered":"http:\/\/www.rula.disabilityrightsca.org\/es\/?page_id=1033"},"modified":"2022-04-22T20:27:43","modified_gmt":"2022-04-22T20:27:43","slug":"3-14-puedo-presentar-mi-solicitud-nuevamente-si-tengo-nueva-informacion-sobre-mi-discapacidad-que-el-centro-regional-no-tenia-cuando-rechazaron-mi-solicitud","status":"publish","type":"page","link":"https:\/\/rula.disabilityrightsca.org\/es\/rula-book\/capitulo-3-centros-regionales\/3-14-puedo-presentar-mi-solicitud-nuevamente-si-tengo-nueva-informacion-sobre-mi-discapacidad-que-el-centro-regional-no-tenia-cuando-rechazaron-mi-solicitud\/","title":{"rendered":"(3.14) \u00bfPuedo presentar mi solicitud nuevamente si tengo nueva informaci\u00f3n sobre mi discapacidad que el centro regional no ten\u00eda cuando rechazaron mi solicitud?"},"content":{"rendered":"\n<p>Si el centro regional dijo que no tiene una discapacidad del desarrollo, pero tiene nueva informaci\u00f3n (como nuevos resultados de pruebas), puede presentar su solicitud nuevamente. El centro regional debe considerar la nueva informaci\u00f3n que les proporcione al pasar nuevamente por el proceso de revisi\u00f3n de elegibilidad. Mirar\u00e1n la informaci\u00f3n anterior y cualquier informaci\u00f3n nueva que les proporcione. Puede que decidan hacer m\u00e1s pruebas. El centro regional deber\u00e1 darle otra decisi\u00f3n por escrito. Es posible que el centro regional no desee volver a pasar por el proceso en funci\u00f3n de los resultados de las nuevas pruebas si recientemente decidieron que usted no tiene una discapacidad del desarrollo. Por lo tanto, si necesita evaluaciones independientes para demostrar su discapacidad del desarrollo, intente obtenerlas y enviarlas como parte de su primera solicitud.<\/p>\n","protected":false},"excerpt":{"rendered":"<p>Si el centro regional dijo que no tiene una discapacidad del desarrollo, pero tiene nueva informaci\u00f3n (como nuevos resultados de pruebas), puede presentar su solicitud&hellip;<\/p>\n","protected":false},"author":1,"featured_media":0,"parent":312,"menu_order":14,"comment_status":"closed","ping_status":"closed","template":"","meta":{"footnotes":""},"class_list":["post-1033","page","type-page","status-publish","hentry"],"_links":{"self":[{"href":"https:\/\/rula.disabilityrightsca.org\/es\/wp-json\/wp\/v2\/pages\/1033","targetHints":{"allow":["GET"]}}],"collection":[{"href":"https:\/\/rula.disabilityrightsca.org\/es\/wp-json\/wp\/v2\/pages"}],"about":[{"href":"https:\/\/rula.disabilityrightsca.org\/es\/wp-json\/wp\/v2\/types\/page"}],"author":[{"embeddable":true,"href":"https:\/\/rula.disabilityrightsca.org\/es\/wp-json\/wp\/v2\/users\/1"}],"replies":[{"embeddable":true,"href":"https:\/\/rula.disabilityrightsca.org\/es\/wp-json\/wp\/v2\/comments?post=1033"}],"version-history":[{"count":2,"href":"https:\/\/rula.disabilityrightsca.org\/es\/wp-json\/wp\/v2\/pages\/1033\/revisions"}],"predecessor-version":[{"id":2774,"href":"https:\/\/rula.disabilityrightsca.org\/es\/wp-json\/wp\/v2\/pages\/1033\/revisions\/2774"}],"up":[{"embeddable":true,"href":"https:\/\/rula.disabilityrightsca.org\/es\/wp-json\/wp\/v2\/pages\/312"}],"wp:attachment":[{"href":"https:\/\/rula.disabilityrightsca.org\/es\/wp-json\/wp\/v2\/media?parent=1033"}],"curies":[{"name":"wp","href":"https:\/\/api.w.org\/{rel}","templated":true}]}}