{"id":1026,"date":"2021-05-12T21:54:35","date_gmt":"2021-05-12T21:54:35","guid":{"rendered":"http:\/\/www.rula.disabilityrightsca.org\/es\/?page_id=1026"},"modified":"2023-12-04T20:59:43","modified_gmt":"2023-12-04T20:59:43","slug":"3-12-como-puedo-saber-si-el-centro-regional-ha-determinado-que-soy-elegible-para-sus-servicios","status":"publish","type":"page","link":"https:\/\/rula.disabilityrightsca.org\/es\/rula-book\/capitulo-3-centros-regionales\/3-12-como-puedo-saber-si-el-centro-regional-ha-determinado-que-soy-elegible-para-sus-servicios\/","title":{"rendered":"(3.12) \u00bfC\u00f3mo puedo saber si el centro regional ha determinado que soy elegible para sus servicios?"},"content":{"rendered":"\n<p>Despu\u00e9s de la admisi\u00f3n y evaluaci\u00f3n iniciales, si el centro regional decide que usted es elegible, le enviar\u00e1n una notificaci\u00f3n por escrito. Si el centro regional decide que usted no es elegible, debe enviarle a usted y a su representante, si tiene uno, una notificaci\u00f3n por escrito por correo certificado dentro de los cinco d\u00edas h\u00e1biles posteriores a la decisi\u00f3n. <span class=\"footnote_referrer\"><a role=\"button\" tabindex=\"0\" onclick=\"footnote_moveToReference_1026_1('footnote_plugin_reference_1026_1_1');\" onkeypress=\"footnote_moveToReference_1026_1('footnote_plugin_reference_1026_1_1');\" ><sup id=\"footnote_plugin_tooltip_1026_1_1\" class=\"footnote_plugin_tooltip_text\">[1]<\/sup><\/a><span id=\"footnote_plugin_tooltip_text_1026_1_1\" class=\"footnote_tooltip\">Secci\u00f3n 4710(e)<\/span><\/span><script type=\"text\/javascript\"> jQuery('#footnote_plugin_tooltip_1026_1_1').tooltip({ tip: '#footnote_plugin_tooltip_text_1026_1_1', tipClass: 'footnote_tooltip', effect: 'fade', predelay: 0, fadeInSpeed: 200, delay: 400, fadeOutSpeed: 200, position: 'top center', relative: true, offset: [-7, 0], });<\/script><\/p>\n<div class=\"speaker-mute footnotes_reference_container\"> <div class=\"footnote_container_prepare\"><p><span role=\"button\" tabindex=\"0\" class=\"footnote_reference_container_label pointer\" onclick=\"footnote_expand_collapse_reference_container_1026_1();\">&#x202F;<\/span><span role=\"button\" tabindex=\"0\" class=\"footnote_reference_container_collapse_button\" style=\"display: none;\" onclick=\"footnote_expand_collapse_reference_container_1026_1();\">[<a id=\"footnote_reference_container_collapse_button_1026_1\">+<\/a>]<\/span><\/p><\/div> <div id=\"footnote_references_container_1026_1\" style=\"\"><table class=\"footnotes_table footnote-reference-container\"><caption class=\"accessibility\">References<\/caption> <tbody> \r\n\r\n<tr class=\"footnotes_plugin_reference_row\"> <th scope=\"row\" class=\"footnote_plugin_index_combi pointer\"  onclick=\"footnote_moveToAnchor_1026_1('footnote_plugin_tooltip_1026_1_1');\"><a id=\"footnote_plugin_reference_1026_1_1\" class=\"footnote_backlink\"><span class=\"footnote_index_arrow\">&#8593;<\/span>1<\/a><\/th> <td class=\"footnote_plugin_text\">Secci\u00f3n 4710(e)<\/td><\/tr>\r\n\r\n <\/tbody> <\/table> <\/div><\/div><script type=\"text\/javascript\"> function footnote_expand_reference_container_1026_1() { jQuery('#footnote_references_container_1026_1').show(); jQuery('#footnote_reference_container_collapse_button_1026_1').text('\u2212'); } function footnote_collapse_reference_container_1026_1() { jQuery('#footnote_references_container_1026_1').hide(); jQuery('#footnote_reference_container_collapse_button_1026_1').text('+'); } function footnote_expand_collapse_reference_container_1026_1() { if (jQuery('#footnote_references_container_1026_1').is(':hidden')) { footnote_expand_reference_container_1026_1(); } else { footnote_collapse_reference_container_1026_1(); } } function footnote_moveToReference_1026_1(p_str_TargetID) { footnote_expand_reference_container_1026_1(); var l_obj_Target = jQuery('#' + p_str_TargetID); if (l_obj_Target.length) { jQuery( 'html, body' ).delay( 0 ); jQuery('html, body').animate({ scrollTop: l_obj_Target.offset().top - window.innerHeight * 0.2 }, 380); } } function footnote_moveToAnchor_1026_1(p_str_TargetID) { footnote_expand_reference_container_1026_1(); var l_obj_Target = jQuery('#' + p_str_TargetID); if (l_obj_Target.length) { jQuery( 'html, body' ).delay( 0 ); jQuery('html, body').animate({ scrollTop: l_obj_Target.offset().top - window.innerHeight * 0.2 }, 380); } }<\/script>","protected":false},"excerpt":{"rendered":"<p>Despu\u00e9s de la admisi\u00f3n y evaluaci\u00f3n iniciales, si el centro regional decide que usted es elegible, le enviar\u00e1n una notificaci\u00f3n por escrito. Si el centro&hellip;<\/p>\n","protected":false},"author":1,"featured_media":0,"parent":312,"menu_order":12,"comment_status":"closed","ping_status":"closed","template":"","meta":{"footnotes":""},"class_list":["post-1026","page","type-page","status-publish","hentry"],"_links":{"self":[{"href":"https:\/\/rula.disabilityrightsca.org\/es\/wp-json\/wp\/v2\/pages\/1026","targetHints":{"allow":["GET"]}}],"collection":[{"href":"https:\/\/rula.disabilityrightsca.org\/es\/wp-json\/wp\/v2\/pages"}],"about":[{"href":"https:\/\/rula.disabilityrightsca.org\/es\/wp-json\/wp\/v2\/types\/page"}],"author":[{"embeddable":true,"href":"https:\/\/rula.disabilityrightsca.org\/es\/wp-json\/wp\/v2\/users\/1"}],"replies":[{"embeddable":true,"href":"https:\/\/rula.disabilityrightsca.org\/es\/wp-json\/wp\/v2\/comments?post=1026"}],"version-history":[{"count":3,"href":"https:\/\/rula.disabilityrightsca.org\/es\/wp-json\/wp\/v2\/pages\/1026\/revisions"}],"predecessor-version":[{"id":3664,"href":"https:\/\/rula.disabilityrightsca.org\/es\/wp-json\/wp\/v2\/pages\/1026\/revisions\/3664"}],"up":[{"embeddable":true,"href":"https:\/\/rula.disabilityrightsca.org\/es\/wp-json\/wp\/v2\/pages\/312"}],"wp:attachment":[{"href":"https:\/\/rula.disabilityrightsca.org\/es\/wp-json\/wp\/v2\/media?parent=1026"}],"curies":[{"name":"wp","href":"https:\/\/api.w.org\/{rel}","templated":true}]}}