{"id":1024,"date":"2021-05-12T21:47:27","date_gmt":"2021-05-12T21:47:27","guid":{"rendered":"http:\/\/www.rula.disabilityrightsca.org\/es\/?page_id=1024"},"modified":"2022-04-22T20:21:19","modified_gmt":"2022-04-22T20:21:19","slug":"3-11-cuando-tiene-que-hacer-mas-evaluaciones-un-centro-regional-para-decidir-si-soy-elegible-para-los-servicios","status":"publish","type":"page","link":"https:\/\/rula.disabilityrightsca.org\/es\/rula-book\/capitulo-3-centros-regionales\/3-11-cuando-tiene-que-hacer-mas-evaluaciones-un-centro-regional-para-decidir-si-soy-elegible-para-los-servicios\/","title":{"rendered":"(3.11) \u00bfCu\u00e1ndo tiene que hacer m\u00e1s evaluaciones un centro regional para decidir si soy elegible para los servicios?"},"content":{"rendered":"\n<p>A veces, el centro regional necesita m\u00e1s informaci\u00f3n para decidir si usted tiene una discapacidad del desarrollo. A veces, la informaci\u00f3n en sus registros no es espec\u00edfica con respecto a las discapacidades del desarrollo que el centro regional atiende. Sus registros pueden tener contradicciones, mencionando diferentes condiciones para explicar su discapacidad. A veces, la informaci\u00f3n de sus registros demuestra que usted tiene una afecci\u00f3n, pero no explica de qu\u00e9 manera es sustancialmente incapacitante para usted. En estas situaciones, un centro regional puede evaluarlo para ver si es elegible. <span class=\"footnote_referrer\"><a role=\"button\" tabindex=\"0\" onclick=\"footnote_moveToReference_1024_1('footnote_plugin_reference_1024_1_1');\" onkeypress=\"footnote_moveToReference_1024_1('footnote_plugin_reference_1024_1_1');\" ><sup id=\"footnote_plugin_tooltip_1024_1_1\" class=\"footnote_plugin_tooltip_text\">[1]<\/sup><\/a><span id=\"footnote_plugin_tooltip_text_1024_1_1\" class=\"footnote_tooltip\">Section 4642(a)(2)<\/span><\/span><script type=\"text\/javascript\"> jQuery('#footnote_plugin_tooltip_1024_1_1').tooltip({ tip: '#footnote_plugin_tooltip_text_1024_1_1', tipClass: 'footnote_tooltip', effect: 'fade', predelay: 0, fadeInSpeed: 200, delay: 400, fadeOutSpeed: 200, position: 'top center', relative: true, offset: [-7, 0], });<\/script> Tambi\u00e9n quieren ver qu\u00e9 servicios necesita para vivir la vida m\u00e1s independiente, productiva y normal posible. Un equipo de trabajadores del centro regional llamado equipo interdisciplinario (o equipo de identificaci\u00f3n) revisa sus registros para ver si necesitan hacer m\u00e1s evaluaciones.<\/p>\n<div class=\"speaker-mute footnotes_reference_container\"> <div class=\"footnote_container_prepare\"><p><span role=\"button\" tabindex=\"0\" class=\"footnote_reference_container_label pointer\" onclick=\"footnote_expand_collapse_reference_container_1024_1();\">&#x202F;<\/span><span role=\"button\" tabindex=\"0\" class=\"footnote_reference_container_collapse_button\" style=\"display: none;\" onclick=\"footnote_expand_collapse_reference_container_1024_1();\">[<a id=\"footnote_reference_container_collapse_button_1024_1\">+<\/a>]<\/span><\/p><\/div> <div id=\"footnote_references_container_1024_1\" style=\"\"><table class=\"footnotes_table footnote-reference-container\"><caption class=\"accessibility\">References<\/caption> <tbody> \r\n\r\n<tr class=\"footnotes_plugin_reference_row\"> <th scope=\"row\" class=\"footnote_plugin_index_combi pointer\"  onclick=\"footnote_moveToAnchor_1024_1('footnote_plugin_tooltip_1024_1_1');\"><a id=\"footnote_plugin_reference_1024_1_1\" class=\"footnote_backlink\"><span class=\"footnote_index_arrow\">&#8593;<\/span>1<\/a><\/th> <td class=\"footnote_plugin_text\">Section 4642(a)(2)<\/td><\/tr>\r\n\r\n <\/tbody> <\/table> <\/div><\/div><script type=\"text\/javascript\"> function footnote_expand_reference_container_1024_1() { jQuery('#footnote_references_container_1024_1').show(); jQuery('#footnote_reference_container_collapse_button_1024_1').text('\u2212'); } function footnote_collapse_reference_container_1024_1() { jQuery('#footnote_references_container_1024_1').hide(); jQuery('#footnote_reference_container_collapse_button_1024_1').text('+'); } function footnote_expand_collapse_reference_container_1024_1() { if (jQuery('#footnote_references_container_1024_1').is(':hidden')) { footnote_expand_reference_container_1024_1(); } else { footnote_collapse_reference_container_1024_1(); } } function footnote_moveToReference_1024_1(p_str_TargetID) { footnote_expand_reference_container_1024_1(); var l_obj_Target = jQuery('#' + p_str_TargetID); if (l_obj_Target.length) { jQuery( 'html, body' ).delay( 0 ); jQuery('html, body').animate({ scrollTop: l_obj_Target.offset().top - window.innerHeight * 0.2 }, 380); } } function footnote_moveToAnchor_1024_1(p_str_TargetID) { footnote_expand_reference_container_1024_1(); var l_obj_Target = jQuery('#' + p_str_TargetID); if (l_obj_Target.length) { jQuery( 'html, body' ).delay( 0 ); jQuery('html, body').animate({ scrollTop: l_obj_Target.offset().top - window.innerHeight * 0.2 }, 380); } }<\/script>","protected":false},"excerpt":{"rendered":"<p>A veces, el centro regional necesita m\u00e1s informaci\u00f3n para decidir si usted tiene una discapacidad del desarrollo. A veces, la informaci\u00f3n en sus registros no&hellip;<\/p>\n","protected":false},"author":1,"featured_media":0,"parent":312,"menu_order":11,"comment_status":"closed","ping_status":"closed","template":"","meta":{"footnotes":""},"class_list":["post-1024","page","type-page","status-publish","hentry"],"_links":{"self":[{"href":"https:\/\/rula.disabilityrightsca.org\/es\/wp-json\/wp\/v2\/pages\/1024","targetHints":{"allow":["GET"]}}],"collection":[{"href":"https:\/\/rula.disabilityrightsca.org\/es\/wp-json\/wp\/v2\/pages"}],"about":[{"href":"https:\/\/rula.disabilityrightsca.org\/es\/wp-json\/wp\/v2\/types\/page"}],"author":[{"embeddable":true,"href":"https:\/\/rula.disabilityrightsca.org\/es\/wp-json\/wp\/v2\/users\/1"}],"replies":[{"embeddable":true,"href":"https:\/\/rula.disabilityrightsca.org\/es\/wp-json\/wp\/v2\/comments?post=1024"}],"version-history":[{"count":3,"href":"https:\/\/rula.disabilityrightsca.org\/es\/wp-json\/wp\/v2\/pages\/1024\/revisions"}],"predecessor-version":[{"id":3125,"href":"https:\/\/rula.disabilityrightsca.org\/es\/wp-json\/wp\/v2\/pages\/1024\/revisions\/3125"}],"up":[{"embeddable":true,"href":"https:\/\/rula.disabilityrightsca.org\/es\/wp-json\/wp\/v2\/pages\/312"}],"wp:attachment":[{"href":"https:\/\/rula.disabilityrightsca.org\/es\/wp-json\/wp\/v2\/media?parent=1024"}],"curies":[{"name":"wp","href":"https:\/\/api.w.org\/{rel}","templated":true}]}}