{"id":1022,"date":"2021-05-12T21:45:05","date_gmt":"2021-05-12T21:45:05","guid":{"rendered":"http:\/\/www.rula.disabilityrightsca.org\/es\/?page_id=1022"},"modified":"2023-12-04T20:58:59","modified_gmt":"2023-12-04T20:58:59","slug":"how-does-the-eligibility-review-process-work","status":"publish","type":"page","link":"https:\/\/rula.disabilityrightsca.org\/es\/rula-book\/capitulo-3-centros-regionales\/how-does-the-eligibility-review-process-work\/","title":{"rendered":"(3.10) \u00bfC\u00f3mo funciona el proceso de revisi\u00f3n de elegibilidad?"},"content":{"rendered":"\n<p>Despu\u00e9s de la admisi\u00f3n inicial, el centro regional tiene 120 d\u00edas para decidir si usted es elegible. <span class=\"footnote_referrer\"><a role=\"button\" tabindex=\"0\" onclick=\"footnote_moveToReference_1022_1('footnote_plugin_reference_1022_1_1');\" onkeypress=\"footnote_moveToReference_1022_1('footnote_plugin_reference_1022_1_1');\" ><sup id=\"footnote_plugin_tooltip_1022_1_1\" class=\"footnote_plugin_tooltip_text\">[1]<\/sup><\/a><span id=\"footnote_plugin_tooltip_text_1022_1_1\" class=\"footnote_tooltip\">Secci\u00f3n 4643(a)<\/span><\/span><script type=\"text\/javascript\"> jQuery('#footnote_plugin_tooltip_1022_1_1').tooltip({ tip: '#footnote_plugin_tooltip_text_1022_1_1', tipClass: 'footnote_tooltip', effect: 'fade', predelay: 0, fadeInSpeed: 200, delay: 400, fadeOutSpeed: 200, position: 'top center', relative: true, offset: [-7, 0], });<\/script> Sin embargo, el centro regional tiene solo 60 d\u00edas para decidir si:<\/p>\n\n\n\n<ul class=\"wp-block-list\">\n<li>Una demora pondr\u00eda en riesgo su salud y seguridad, o afectar\u00eda a\u00fan m\u00e1s su desarrollo mental o f\u00edsico, o<\/li>\n\n\n\n<li>Existe un gran riesgo de que lo coloquen en un entorno m\u00e1s restrictivo. Por ejemplo, tener que mudarse de la casa de su familia a una instituci\u00f3n. <span class=\"footnote_referrer\"><a role=\"button\" tabindex=\"0\" onclick=\"footnote_moveToReference_1022_1('footnote_plugin_reference_1022_1_2');\" onkeypress=\"footnote_moveToReference_1022_1('footnote_plugin_reference_1022_1_2');\" ><sup id=\"footnote_plugin_tooltip_1022_1_2\" class=\"footnote_plugin_tooltip_text\">[2]<\/sup><\/a><span id=\"footnote_plugin_tooltip_text_1022_1_2\" class=\"footnote_tooltip\">Secci\u00f3n 4643(a)<\/span><\/span><script type=\"text\/javascript\"> jQuery('#footnote_plugin_tooltip_1022_1_2').tooltip({ tip: '#footnote_plugin_tooltip_text_1022_1_2', tipClass: 'footnote_tooltip', effect: 'fade', predelay: 0, fadeInSpeed: 200, delay: 400, fadeOutSpeed: 200, position: 'top center', relative: true, offset: [-7, 0], });<\/script><\/li>\n<\/ul>\n\n\n\n<p>Si re\u00fane los requisitos para los servicios, el centro regional tiene 60 d\u00edas para completar su primer Plan de Programa Individual (IPP). <span class=\"footnote_referrer\"><a role=\"button\" tabindex=\"0\" onclick=\"footnote_moveToReference_1022_1('footnote_plugin_reference_1022_1_3');\" onkeypress=\"footnote_moveToReference_1022_1('footnote_plugin_reference_1022_1_3');\" ><sup id=\"footnote_plugin_tooltip_1022_1_3\" class=\"footnote_plugin_tooltip_text\">[3]<\/sup><\/a><span id=\"footnote_plugin_tooltip_text_1022_1_3\" class=\"footnote_tooltip\">Secci\u00f3n 4646(c)<\/span><\/span><script type=\"text\/javascript\"> jQuery('#footnote_plugin_tooltip_1022_1_3').tooltip({ tip: '#footnote_plugin_tooltip_text_1022_1_3', tipClass: 'footnote_tooltip', effect: 'fade', predelay: 0, fadeInSpeed: 200, delay: 400, fadeOutSpeed: 200, position: 'top center', relative: true, offset: [-7, 0], });<\/script><\/p>\n<div class=\"speaker-mute footnotes_reference_container\"> <div class=\"footnote_container_prepare\"><p><span role=\"button\" tabindex=\"0\" class=\"footnote_reference_container_label pointer\" onclick=\"footnote_expand_collapse_reference_container_1022_1();\">&#x202F;<\/span><span role=\"button\" tabindex=\"0\" class=\"footnote_reference_container_collapse_button\" style=\"display: none;\" onclick=\"footnote_expand_collapse_reference_container_1022_1();\">[<a id=\"footnote_reference_container_collapse_button_1022_1\">+<\/a>]<\/span><\/p><\/div> <div id=\"footnote_references_container_1022_1\" style=\"\"><table class=\"footnotes_table footnote-reference-container\"><caption class=\"accessibility\">References<\/caption> <tbody> \r\n\r\n<tr class=\"footnotes_plugin_reference_row\"> <th scope=\"row\" class=\"footnote_plugin_index_combi\" ><a id=\"footnote_plugin_reference_1022_1_1\" class=\"footnote_backlink\" onclick=\"footnote_moveToAnchor_1022_1('footnote_plugin_tooltip_1022_1_1');\"><span class=\"footnote_index_arrow\">&#8593;<\/span>1,<\/a> <a id=\"footnote_plugin_reference_1022_1_2\" class=\"footnote_backlink\" onclick=\"footnote_moveToAnchor_1022_1('footnote_plugin_tooltip_1022_1_2');\"><span class=\"footnote_index_arrow\">&#8593;<\/span>2<\/a><\/th> <td class=\"footnote_plugin_text\">Secci\u00f3n 4643(a)<\/td><\/tr>\r\n\r\n<tr class=\"footnotes_plugin_reference_row\"> <th scope=\"row\" class=\"footnote_plugin_index_combi pointer\"  onclick=\"footnote_moveToAnchor_1022_1('footnote_plugin_tooltip_1022_1_3');\"><a id=\"footnote_plugin_reference_1022_1_3\" class=\"footnote_backlink\"><span class=\"footnote_index_arrow\">&#8593;<\/span>3<\/a><\/th> <td class=\"footnote_plugin_text\">Secci\u00f3n 4646(c)<\/td><\/tr>\r\n\r\n <\/tbody> <\/table> <\/div><\/div><script type=\"text\/javascript\"> function footnote_expand_reference_container_1022_1() { jQuery('#footnote_references_container_1022_1').show(); jQuery('#footnote_reference_container_collapse_button_1022_1').text('\u2212'); } function footnote_collapse_reference_container_1022_1() { jQuery('#footnote_references_container_1022_1').hide(); jQuery('#footnote_reference_container_collapse_button_1022_1').text('+'); } function footnote_expand_collapse_reference_container_1022_1() { if (jQuery('#footnote_references_container_1022_1').is(':hidden')) { footnote_expand_reference_container_1022_1(); } else { footnote_collapse_reference_container_1022_1(); } } function footnote_moveToReference_1022_1(p_str_TargetID) { footnote_expand_reference_container_1022_1(); var l_obj_Target = jQuery('#' + p_str_TargetID); if (l_obj_Target.length) { jQuery( 'html, body' ).delay( 0 ); jQuery('html, body').animate({ scrollTop: l_obj_Target.offset().top - window.innerHeight * 0.2 }, 380); } } function footnote_moveToAnchor_1022_1(p_str_TargetID) { footnote_expand_reference_container_1022_1(); var l_obj_Target = jQuery('#' + p_str_TargetID); if (l_obj_Target.length) { jQuery( 'html, body' ).delay( 0 ); jQuery('html, body').animate({ scrollTop: l_obj_Target.offset().top - window.innerHeight * 0.2 }, 380); } }<\/script>","protected":false},"excerpt":{"rendered":"<p>Despu\u00e9s de la admisi\u00f3n inicial, el centro regional tiene 120 d\u00edas para decidir si usted es elegible. [1]Secci\u00f3n 4643(a) Sin embargo, el centro regional tiene&hellip;<\/p>\n","protected":false},"author":1,"featured_media":0,"parent":312,"menu_order":10,"comment_status":"closed","ping_status":"closed","template":"","meta":{"footnotes":""},"class_list":["post-1022","page","type-page","status-publish","hentry"],"_links":{"self":[{"href":"https:\/\/rula.disabilityrightsca.org\/es\/wp-json\/wp\/v2\/pages\/1022","targetHints":{"allow":["GET"]}}],"collection":[{"href":"https:\/\/rula.disabilityrightsca.org\/es\/wp-json\/wp\/v2\/pages"}],"about":[{"href":"https:\/\/rula.disabilityrightsca.org\/es\/wp-json\/wp\/v2\/types\/page"}],"author":[{"embeddable":true,"href":"https:\/\/rula.disabilityrightsca.org\/es\/wp-json\/wp\/v2\/users\/1"}],"replies":[{"embeddable":true,"href":"https:\/\/rula.disabilityrightsca.org\/es\/wp-json\/wp\/v2\/comments?post=1022"}],"version-history":[{"count":4,"href":"https:\/\/rula.disabilityrightsca.org\/es\/wp-json\/wp\/v2\/pages\/1022\/revisions"}],"predecessor-version":[{"id":3663,"href":"https:\/\/rula.disabilityrightsca.org\/es\/wp-json\/wp\/v2\/pages\/1022\/revisions\/3663"}],"up":[{"embeddable":true,"href":"https:\/\/rula.disabilityrightsca.org\/es\/wp-json\/wp\/v2\/pages\/312"}],"wp:attachment":[{"href":"https:\/\/rula.disabilityrightsca.org\/es\/wp-json\/wp\/v2\/media?parent=1022"}],"curies":[{"name":"wp","href":"https:\/\/api.w.org\/{rel}","templated":true}]}}