{"id":1010,"date":"2021-05-05T23:20:33","date_gmt":"2021-05-05T23:20:33","guid":{"rendered":"http:\/\/www.rula.disabilityrightsca.org\/es\/?page_id=1010"},"modified":"2022-04-22T20:20:31","modified_gmt":"2022-04-22T20:20:31","slug":"3-7-como-solicito-los-servicios-del-centro-regional","status":"publish","type":"page","link":"https:\/\/rula.disabilityrightsca.org\/es\/rula-book\/capitulo-3-centros-regionales\/3-7-como-solicito-los-servicios-del-centro-regional\/","title":{"rendered":"(3.7) \u00bfC\u00f3mo solicito los servicios del centro regional?"},"content":{"rendered":"\n<p>Primero, comun\u00edquese con su centro regional local. Hay 21 centros regionales en California. Cada uno cubre un \u00e1rea determinada. Usted debe presentar su solicitud en el centro de su \u00e1rea. Consulte el <a href=\"https:\/\/www.dds.ca.gov\/rc\/listings\/\">Registro de Centros Regionales<\/a> o llame al:<\/p>\n\n\n\n<p>OCRA:&nbsp;<strong>(800) 390-7032.<\/strong><br>Departamento de Servicios del Desarrollo:&nbsp;<strong>(916) 654-1958<\/strong><\/p>\n\n\n\n<p>La recepcionista o el personal de admisi\u00f3n deben permitirle solicitar los servicios del centro regional. Parte de la solicitud es obtener una cita para su primera reuni\u00f3n, llamada &#8220;admisi\u00f3n inicial&#8221;. Despu\u00e9s de presentar la solicitud, el centro regional debe completar la &#8220;admisi\u00f3n inicial&#8221; en 15 d\u00edas h\u00e1biles. <span class=\"footnote_referrer\"><a role=\"button\" tabindex=\"0\" onclick=\"footnote_moveToReference_1010_1('footnote_plugin_reference_1010_1_1');\" onkeypress=\"footnote_moveToReference_1010_1('footnote_plugin_reference_1010_1_1');\" ><sup id=\"footnote_plugin_tooltip_1010_1_1\" class=\"footnote_plugin_tooltip_text\">[1]<\/sup><\/a><span id=\"footnote_plugin_tooltip_text_1010_1_1\" class=\"footnote_tooltip\">Secci\u00f3n 4642(a)(2)<\/span><\/span><script type=\"text\/javascript\"> jQuery('#footnote_plugin_tooltip_1010_1_1').tooltip({ tip: '#footnote_plugin_tooltip_text_1010_1_1', tipClass: 'footnote_tooltip', effect: 'fade', predelay: 0, fadeInSpeed: 200, delay: 400, fadeOutSpeed: 200, position: 'top center', relative: true, offset: [-7, 0], });<\/script>. Un trabajador de admisi\u00f3n recopilar\u00e1 informaci\u00f3n sobre usted. Puede hablar con miembros del personal del centro regional, incluidos trabajadores sociales, psic\u00f3logos, profesionales de la salud u otros especialistas. Trabajan juntos como un equipo en el proceso de admisi\u00f3n y evaluaci\u00f3n. Este equipo se denomina equipo interdisciplinario o de identificaci\u00f3n e incluye al menos un m\u00e9dico, un psic\u00f3logo y un coordinador de servicios. <span class=\"footnote_referrer\"><a role=\"button\" tabindex=\"0\" onclick=\"footnote_moveToReference_1010_1('footnote_plugin_reference_1010_1_2');\" onkeypress=\"footnote_moveToReference_1010_1('footnote_plugin_reference_1010_1_2');\" ><sup id=\"footnote_plugin_tooltip_1010_1_2\" class=\"footnote_plugin_tooltip_text\">[2]<\/sup><\/a><span id=\"footnote_plugin_tooltip_text_1010_1_2\" class=\"footnote_tooltip\">T\u00edtulo 17 del C\u00f3digo de Reglamentos de California, secci\u00f3n 54001(b)<\/span><\/span><script type=\"text\/javascript\"> jQuery('#footnote_plugin_tooltip_1010_1_2').tooltip({ tip: '#footnote_plugin_tooltip_text_1010_1_2', tipClass: 'footnote_tooltip', effect: 'fade', predelay: 0, fadeInSpeed: 200, delay: 400, fadeOutSpeed: 200, position: 'top center', relative: true, offset: [-7, 0], });<\/script>.<\/p>\n<div class=\"speaker-mute footnotes_reference_container\"> <div class=\"footnote_container_prepare\"><p><span role=\"button\" tabindex=\"0\" class=\"footnote_reference_container_label pointer\" onclick=\"footnote_expand_collapse_reference_container_1010_1();\">&#x202F;<\/span><span role=\"button\" tabindex=\"0\" class=\"footnote_reference_container_collapse_button\" style=\"display: none;\" onclick=\"footnote_expand_collapse_reference_container_1010_1();\">[<a id=\"footnote_reference_container_collapse_button_1010_1\">+<\/a>]<\/span><\/p><\/div> <div id=\"footnote_references_container_1010_1\" style=\"\"><table class=\"footnotes_table footnote-reference-container\"><caption class=\"accessibility\">References<\/caption> <tbody> \r\n\r\n<tr class=\"footnotes_plugin_reference_row\"> <th scope=\"row\" class=\"footnote_plugin_index_combi pointer\"  onclick=\"footnote_moveToAnchor_1010_1('footnote_plugin_tooltip_1010_1_1');\"><a id=\"footnote_plugin_reference_1010_1_1\" class=\"footnote_backlink\"><span class=\"footnote_index_arrow\">&#8593;<\/span>1<\/a><\/th> <td class=\"footnote_plugin_text\">Secci\u00f3n 4642(a)(2)<\/td><\/tr>\r\n\r\n<tr class=\"footnotes_plugin_reference_row\"> <th scope=\"row\" class=\"footnote_plugin_index_combi pointer\"  onclick=\"footnote_moveToAnchor_1010_1('footnote_plugin_tooltip_1010_1_2');\"><a id=\"footnote_plugin_reference_1010_1_2\" class=\"footnote_backlink\"><span class=\"footnote_index_arrow\">&#8593;<\/span>2<\/a><\/th> <td class=\"footnote_plugin_text\">T\u00edtulo 17 del C\u00f3digo de Reglamentos de California, secci\u00f3n 54001(b)<\/td><\/tr>\r\n\r\n <\/tbody> <\/table> <\/div><\/div><script type=\"text\/javascript\"> function footnote_expand_reference_container_1010_1() { jQuery('#footnote_references_container_1010_1').show(); jQuery('#footnote_reference_container_collapse_button_1010_1').text('\u2212'); } function footnote_collapse_reference_container_1010_1() { jQuery('#footnote_references_container_1010_1').hide(); jQuery('#footnote_reference_container_collapse_button_1010_1').text('+'); } function footnote_expand_collapse_reference_container_1010_1() { if (jQuery('#footnote_references_container_1010_1').is(':hidden')) { footnote_expand_reference_container_1010_1(); } else { footnote_collapse_reference_container_1010_1(); } } function footnote_moveToReference_1010_1(p_str_TargetID) { footnote_expand_reference_container_1010_1(); var l_obj_Target = jQuery('#' + p_str_TargetID); if (l_obj_Target.length) { jQuery( 'html, body' ).delay( 0 ); jQuery('html, body').animate({ scrollTop: l_obj_Target.offset().top - window.innerHeight * 0.2 }, 380); } } function footnote_moveToAnchor_1010_1(p_str_TargetID) { footnote_expand_reference_container_1010_1(); var l_obj_Target = jQuery('#' + p_str_TargetID); if (l_obj_Target.length) { jQuery( 'html, body' ).delay( 0 ); jQuery('html, body').animate({ scrollTop: l_obj_Target.offset().top - window.innerHeight * 0.2 }, 380); } }<\/script>","protected":false},"excerpt":{"rendered":"<p>Primero, comun\u00edquese con su centro regional local. Hay 21 centros regionales en California. Cada uno cubre un \u00e1rea determinada. Usted debe presentar su solicitud en&hellip;<\/p>\n","protected":false},"author":1,"featured_media":0,"parent":312,"menu_order":7,"comment_status":"closed","ping_status":"closed","template":"","meta":{"footnotes":""},"class_list":["post-1010","page","type-page","status-publish","hentry"],"_links":{"self":[{"href":"https:\/\/rula.disabilityrightsca.org\/es\/wp-json\/wp\/v2\/pages\/1010","targetHints":{"allow":["GET"]}}],"collection":[{"href":"https:\/\/rula.disabilityrightsca.org\/es\/wp-json\/wp\/v2\/pages"}],"about":[{"href":"https:\/\/rula.disabilityrightsca.org\/es\/wp-json\/wp\/v2\/types\/page"}],"author":[{"embeddable":true,"href":"https:\/\/rula.disabilityrightsca.org\/es\/wp-json\/wp\/v2\/users\/1"}],"replies":[{"embeddable":true,"href":"https:\/\/rula.disabilityrightsca.org\/es\/wp-json\/wp\/v2\/comments?post=1010"}],"version-history":[{"count":2,"href":"https:\/\/rula.disabilityrightsca.org\/es\/wp-json\/wp\/v2\/pages\/1010\/revisions"}],"predecessor-version":[{"id":2767,"href":"https:\/\/rula.disabilityrightsca.org\/es\/wp-json\/wp\/v2\/pages\/1010\/revisions\/2767"}],"up":[{"embeddable":true,"href":"https:\/\/rula.disabilityrightsca.org\/es\/wp-json\/wp\/v2\/pages\/312"}],"wp:attachment":[{"href":"https:\/\/rula.disabilityrightsca.org\/es\/wp-json\/wp\/v2\/media?parent=1010"}],"curies":[{"name":"wp","href":"https:\/\/api.w.org\/{rel}","templated":true}]}}