{"id":1008,"date":"2021-05-05T23:08:49","date_gmt":"2021-05-05T23:08:49","guid":{"rendered":"http:\/\/www.rula.disabilityrightsca.org\/es\/?page_id=1008"},"modified":"2023-12-04T20:55:56","modified_gmt":"2023-12-04T20:55:56","slug":"3-6-que-pasa-si-no-puedo-ir-a-las-citas-y-reuniones-del-centro-regional-debido-a-mi-discapacidad","status":"publish","type":"page","link":"https:\/\/rula.disabilityrightsca.org\/es\/rula-book\/capitulo-3-centros-regionales\/3-6-que-pasa-si-no-puedo-ir-a-las-citas-y-reuniones-del-centro-regional-debido-a-mi-discapacidad\/","title":{"rendered":"(3.6) \u00bfQu\u00e9 pasa si no puedo ir a las citas y reuniones del centro regional debido a mi discapacidad?"},"content":{"rendered":"\n<p>If you cannot go to the regional center because of your disability, the staff must visit you at home. Federal law (including Section 504 of the Rehabilitation Act and its regulations) gives you the right to this kind of Si no puede ir al centro regional debido a su discapacidad, el personal debe visitarlo en su casa. La ley federal (incluida la Secci\u00f3n 504 de la Ley de Rehabilitaci\u00f3n y sus reglamentos) le otorga el derecho a este tipo de &#8220;adaptaci\u00f3n&#8221;. <span class=\"footnote_referrer\"><a role=\"button\" tabindex=\"0\" onclick=\"footnote_moveToReference_1008_1('footnote_plugin_reference_1008_1_1');\" onkeypress=\"footnote_moveToReference_1008_1('footnote_plugin_reference_1008_1_1');\" ><sup id=\"footnote_plugin_tooltip_1008_1_1\" class=\"footnote_plugin_tooltip_text\">[1]<\/sup><\/a><span id=\"footnote_plugin_tooltip_text_1008_1_1\" class=\"footnote_tooltip\">T\u00edtulo 29, C\u00f3digo de EE. UU., secci\u00f3n 794; T\u00edtulo 45 C\u00f3digo de Regs. Fed., secci\u00f3n 84.22 (b)<\/span><\/span><script type=\"text\/javascript\"> jQuery('#footnote_plugin_tooltip_1008_1_1').tooltip({ tip: '#footnote_plugin_tooltip_text_1008_1_1', tipClass: 'footnote_tooltip', effect: 'fade', predelay: 0, fadeInSpeed: 200, delay: 400, fadeOutSpeed: 200, position: 'top center', relative: true, offset: [-7, 0], });<\/script> Este derecho se aplica a todas las agencias p\u00fablicas que brindan beneficios o servicios, incluidos los Servicios de apoyo en el hogar (IHSS), el Seguro social y otros. Una agencia puede trabajar con usted por tel\u00e9fono si lo necesita. Tambi\u00e9n puede participar en audiencias y apelaciones por tel\u00e9fono.<\/p>\n<div class=\"speaker-mute footnotes_reference_container\"> <div class=\"footnote_container_prepare\"><p><span role=\"button\" tabindex=\"0\" class=\"footnote_reference_container_label pointer\" onclick=\"footnote_expand_collapse_reference_container_1008_1();\">&#x202F;<\/span><span role=\"button\" tabindex=\"0\" class=\"footnote_reference_container_collapse_button\" style=\"display: none;\" onclick=\"footnote_expand_collapse_reference_container_1008_1();\">[<a id=\"footnote_reference_container_collapse_button_1008_1\">+<\/a>]<\/span><\/p><\/div> <div id=\"footnote_references_container_1008_1\" style=\"\"><table class=\"footnotes_table footnote-reference-container\"><caption class=\"accessibility\">References<\/caption> <tbody> \r\n\r\n<tr class=\"footnotes_plugin_reference_row\"> <th scope=\"row\" class=\"footnote_plugin_index_combi pointer\"  onclick=\"footnote_moveToAnchor_1008_1('footnote_plugin_tooltip_1008_1_1');\"><a id=\"footnote_plugin_reference_1008_1_1\" class=\"footnote_backlink\"><span class=\"footnote_index_arrow\">&#8593;<\/span>1<\/a><\/th> <td class=\"footnote_plugin_text\">T\u00edtulo 29, C\u00f3digo de EE. UU., secci\u00f3n 794; T\u00edtulo 45 C\u00f3digo de Regs. Fed., secci\u00f3n 84.22 (b)<\/td><\/tr>\r\n\r\n <\/tbody> <\/table> <\/div><\/div><script type=\"text\/javascript\"> function footnote_expand_reference_container_1008_1() { jQuery('#footnote_references_container_1008_1').show(); jQuery('#footnote_reference_container_collapse_button_1008_1').text('\u2212'); } function footnote_collapse_reference_container_1008_1() { jQuery('#footnote_references_container_1008_1').hide(); jQuery('#footnote_reference_container_collapse_button_1008_1').text('+'); } function footnote_expand_collapse_reference_container_1008_1() { if (jQuery('#footnote_references_container_1008_1').is(':hidden')) { footnote_expand_reference_container_1008_1(); } else { footnote_collapse_reference_container_1008_1(); } } function footnote_moveToReference_1008_1(p_str_TargetID) { footnote_expand_reference_container_1008_1(); var l_obj_Target = jQuery('#' + p_str_TargetID); if (l_obj_Target.length) { jQuery( 'html, body' ).delay( 0 ); jQuery('html, body').animate({ scrollTop: l_obj_Target.offset().top - window.innerHeight * 0.2 }, 380); } } function footnote_moveToAnchor_1008_1(p_str_TargetID) { footnote_expand_reference_container_1008_1(); var l_obj_Target = jQuery('#' + p_str_TargetID); if (l_obj_Target.length) { jQuery( 'html, body' ).delay( 0 ); jQuery('html, body').animate({ scrollTop: l_obj_Target.offset().top - window.innerHeight * 0.2 }, 380); } }<\/script>","protected":false},"excerpt":{"rendered":"<p>If you cannot go to the regional center because of your disability, the staff must visit you at home. Federal law (including Section 504 of&hellip;<\/p>\n","protected":false},"author":1,"featured_media":0,"parent":312,"menu_order":6,"comment_status":"closed","ping_status":"closed","template":"","meta":{"footnotes":""},"class_list":["post-1008","page","type-page","status-publish","hentry"],"_links":{"self":[{"href":"https:\/\/rula.disabilityrightsca.org\/es\/wp-json\/wp\/v2\/pages\/1008","targetHints":{"allow":["GET"]}}],"collection":[{"href":"https:\/\/rula.disabilityrightsca.org\/es\/wp-json\/wp\/v2\/pages"}],"about":[{"href":"https:\/\/rula.disabilityrightsca.org\/es\/wp-json\/wp\/v2\/types\/page"}],"author":[{"embeddable":true,"href":"https:\/\/rula.disabilityrightsca.org\/es\/wp-json\/wp\/v2\/users\/1"}],"replies":[{"embeddable":true,"href":"https:\/\/rula.disabilityrightsca.org\/es\/wp-json\/wp\/v2\/comments?post=1008"}],"version-history":[{"count":3,"href":"https:\/\/rula.disabilityrightsca.org\/es\/wp-json\/wp\/v2\/pages\/1008\/revisions"}],"predecessor-version":[{"id":3662,"href":"https:\/\/rula.disabilityrightsca.org\/es\/wp-json\/wp\/v2\/pages\/1008\/revisions\/3662"}],"up":[{"embeddable":true,"href":"https:\/\/rula.disabilityrightsca.org\/es\/wp-json\/wp\/v2\/pages\/312"}],"wp:attachment":[{"href":"https:\/\/rula.disabilityrightsca.org\/es\/wp-json\/wp\/v2\/media?parent=1008"}],"curies":[{"name":"wp","href":"https:\/\/api.w.org\/{rel}","templated":true}]}}