{"id":1004,"date":"2021-05-05T23:00:59","date_gmt":"2021-05-05T23:00:59","guid":{"rendered":"http:\/\/www.rula.disabilityrightsca.org\/es\/?page_id=1004"},"modified":"2023-12-04T20:54:14","modified_gmt":"2023-12-04T20:54:14","slug":"3-4-como-puedo-hacer-que-mi-centro-regional-brinde-servicios-de-una-manera-culturalmente-competente","status":"publish","type":"page","link":"https:\/\/rula.disabilityrightsca.org\/es\/rula-book\/capitulo-3-centros-regionales\/3-4-como-puedo-hacer-que-mi-centro-regional-brinde-servicios-de-una-manera-culturalmente-competente\/","title":{"rendered":"(3.4) \u00bfC\u00f3mo puedo hacer que mi centro regional brinde servicios de una manera culturalmente competente?"},"content":{"rendered":"\n<p>La Ley Lanterman tiene muchas reglas para garantizar que los servicios se brindan de una manera culturalmente competente.<\/p>\n\n\n\n<ul class=\"wp-block-list\">\n<li>Los servicios del centro regional deben proporcionarse de forma apropiada para la cultura y el idioma de las personas con discapacidades y sus familias. <span class=\"footnote_referrer\"><a role=\"button\" tabindex=\"0\" onclick=\"footnote_moveToReference_1004_1('footnote_plugin_reference_1004_1_1');\" onkeypress=\"footnote_moveToReference_1004_1('footnote_plugin_reference_1004_1_1');\" ><sup id=\"footnote_plugin_tooltip_1004_1_1\" class=\"footnote_plugin_tooltip_text\">[1]<\/sup><\/a><span id=\"footnote_plugin_tooltip_text_1004_1_1\" class=\"footnote_tooltip\">Secci\u00f3n 4502.1(b)<\/span><\/span><script type=\"text\/javascript\"> jQuery('#footnote_plugin_tooltip_1004_1_1').tooltip({ tip: '#footnote_plugin_tooltip_text_1004_1_1', tipClass: 'footnote_tooltip', effect: 'fade', predelay: 0, fadeInSpeed: 200, delay: 400, fadeOutSpeed: 200, position: 'top center', relative: true, offset: [-7, 0], });<\/script><\/li>\n\n\n\n<li>Cada a\u00f1o, las juntas de los centros regionales deben revisar qu\u00e9 tan bien el centro regional est\u00e1 brindando servicios de manera que sean apropiados para el idioma y la cultura. <span class=\"footnote_referrer\"><a role=\"button\" tabindex=\"0\" onclick=\"footnote_moveToReference_1004_1('footnote_plugin_reference_1004_1_2');\" onkeypress=\"footnote_moveToReference_1004_1('footnote_plugin_reference_1004_1_2');\" ><sup id=\"footnote_plugin_tooltip_1004_1_2\" class=\"footnote_plugin_tooltip_text\">[2]<\/sup><\/a><span id=\"footnote_plugin_tooltip_text_1004_1_2\" class=\"footnote_tooltip\">Secci\u00f3n 4622(j)(2)<\/span><\/span><script type=\"text\/javascript\"> jQuery('#footnote_plugin_tooltip_1004_1_2').tooltip({ tip: '#footnote_plugin_tooltip_text_1004_1_2', tipClass: 'footnote_tooltip', effect: 'fade', predelay: 0, fadeInSpeed: 200, delay: 400, fadeOutSpeed: 200, position: 'top center', relative: true, offset: [-7, 0], });<\/script><\/li>\n\n\n\n<li>Los contratos del centro regional con el estado deben incluir objetivos de desempe\u00f1o anuales, incluso para brindar servicios apropiados para la cultura y el idioma. <span class=\"footnote_referrer\"><a role=\"button\" tabindex=\"0\" onclick=\"footnote_moveToReference_1004_1('footnote_plugin_reference_1004_1_3');\" onkeypress=\"footnote_moveToReference_1004_1('footnote_plugin_reference_1004_1_3');\" ><sup id=\"footnote_plugin_tooltip_1004_1_3\" class=\"footnote_plugin_tooltip_text\">[3]<\/sup><\/a><span id=\"footnote_plugin_tooltip_text_1004_1_3\" class=\"footnote_tooltip\">Secci\u00f3n 4629(c)(1)(A)(iii)<\/span><\/span><script type=\"text\/javascript\"> jQuery('#footnote_plugin_tooltip_1004_1_3').tooltip({ tip: '#footnote_plugin_tooltip_text_1004_1_3', tipClass: 'footnote_tooltip', effect: 'fade', predelay: 0, fadeInSpeed: 200, delay: 400, fadeOutSpeed: 200, position: 'top center', relative: true, offset: [-7, 0], });<\/script><\/li>\n\n\n\n<li>Las evaluaciones de los centros regionales para la planificaci\u00f3n del IPP deben ser conscientes y sensibles al trasfondo cultural de la persona y la familia. <span class=\"footnote_referrer\"><a role=\"button\" tabindex=\"0\" onclick=\"footnote_moveToReference_1004_1('footnote_plugin_reference_1004_1_4');\" onkeypress=\"footnote_moveToReference_1004_1('footnote_plugin_reference_1004_1_4');\" ><sup id=\"footnote_plugin_tooltip_1004_1_4\" class=\"footnote_plugin_tooltip_text\">[4]<\/sup><\/a><span id=\"footnote_plugin_tooltip_text_1004_1_4\" class=\"footnote_tooltip\">Secci\u00f3n 4646.5(a)(1)<\/span><\/span><script type=\"text\/javascript\"> jQuery('#footnote_plugin_tooltip_1004_1_4').tooltip({ tip: '#footnote_plugin_tooltip_text_1004_1_4', tipClass: 'footnote_tooltip', effect: 'fade', predelay: 0, fadeInSpeed: 200, delay: 400, fadeOutSpeed: 200, position: 'top center', relative: true, offset: [-7, 0], });<\/script><\/li>\n\n\n\n<li>Los servicios de desarrollo de recursos comunitarios del centro regional deben ser apropiados para la cultura y el idioma. <span class=\"footnote_referrer\"><a role=\"button\" tabindex=\"0\" onclick=\"footnote_moveToReference_1004_1('footnote_plugin_reference_1004_1_5');\" onkeypress=\"footnote_moveToReference_1004_1('footnote_plugin_reference_1004_1_5');\" ><sup id=\"footnote_plugin_tooltip_1004_1_5\" class=\"footnote_plugin_tooltip_text\">[5]<\/sup><\/a><span id=\"footnote_plugin_tooltip_text_1004_1_5\" class=\"footnote_tooltip\">Secci\u00f3n 4679(a)<\/span><\/span><script type=\"text\/javascript\"> jQuery('#footnote_plugin_tooltip_1004_1_5').tooltip({ tip: '#footnote_plugin_tooltip_text_1004_1_5', tipClass: 'footnote_tooltip', effect: 'fade', predelay: 0, fadeInSpeed: 200, delay: 400, fadeOutSpeed: 200, position: 'top center', relative: true, offset: [-7, 0], });<\/script><\/li>\n\n\n\n<li>Los servicios de apoyo familiar del centro regional deben satisfacer las preferencias y valores culturales de las familias a las que sirve. <span class=\"footnote_referrer\"><a role=\"button\" tabindex=\"0\" onclick=\"footnote_moveToReference_1004_1('footnote_plugin_reference_1004_1_6');\" onkeypress=\"footnote_moveToReference_1004_1('footnote_plugin_reference_1004_1_6');\" ><sup id=\"footnote_plugin_tooltip_1004_1_6\" class=\"footnote_plugin_tooltip_text\">[6]<\/sup><\/a><span id=\"footnote_plugin_tooltip_text_1004_1_6\" class=\"footnote_tooltip\">Secci\u00f3n 4685(b)(4)<\/span><\/span><script type=\"text\/javascript\"> jQuery('#footnote_plugin_tooltip_1004_1_6').tooltip({ tip: '#footnote_plugin_tooltip_text_1004_1_6', tipClass: 'footnote_tooltip', effect: 'fade', predelay: 0, fadeInSpeed: 200, delay: 400, fadeOutSpeed: 200, position: 'top center', relative: true, offset: [-7, 0], });<\/script><\/li>\n\n\n\n<li>Los centros regionales y el DDS deben monitorear y evaluar a las agencias de servicios residenciales y los hogares para asegurarse de que se adapten a la cultura y a los valores de los residentes. <span class=\"footnote_referrer\"><a role=\"button\" tabindex=\"0\" onclick=\"footnote_moveToReference_1004_1('footnote_plugin_reference_1004_1_7');\" onkeypress=\"footnote_moveToReference_1004_1('footnote_plugin_reference_1004_1_7');\" ><sup id=\"footnote_plugin_tooltip_1004_1_7\" class=\"footnote_plugin_tooltip_text\">[7]<\/sup><\/a><span id=\"footnote_plugin_tooltip_text_1004_1_7\" class=\"footnote_tooltip\">Secci\u00f3n 4689.1(e)(8)(E)<\/span><\/span><script type=\"text\/javascript\"> jQuery('#footnote_plugin_tooltip_1004_1_7').tooltip({ tip: '#footnote_plugin_tooltip_text_1004_1_7', tipClass: 'footnote_tooltip', effect: 'fade', predelay: 0, fadeInSpeed: 200, delay: 400, fadeOutSpeed: 200, position: 'top center', relative: true, offset: [-7, 0], });<\/script><\/li>\n\n\n\n<li>El DDS debe consultar con personas y familias que reflejen la diversidad \u00e9tnica y ling\u00fc\u00edstica del \u00e1rea de los centros regionales, para ayudar a desarrollar y fortalecer servicios culturalmente apropiados. Esto es para evitar que los centros regionales gasten su dinero de contrataci\u00f3n de servicios en formas que discriminan a ciertos grupos. <span class=\"footnote_referrer\"><a role=\"button\" tabindex=\"0\" onclick=\"footnote_moveToReference_1004_1('footnote_plugin_reference_1004_1_8');\" onkeypress=\"footnote_moveToReference_1004_1('footnote_plugin_reference_1004_1_8');\" ><sup id=\"footnote_plugin_tooltip_1004_1_8\" class=\"footnote_plugin_tooltip_text\">[8]<\/sup><\/a><span id=\"footnote_plugin_tooltip_text_1004_1_8\" class=\"footnote_tooltip\">Secci\u00f3n 4519.5(g)(1)(C)<\/span><\/span><script type=\"text\/javascript\"> jQuery('#footnote_plugin_tooltip_1004_1_8').tooltip({ tip: '#footnote_plugin_tooltip_text_1004_1_8', tipClass: 'footnote_tooltip', effect: 'fade', predelay: 0, fadeInSpeed: 200, delay: 400, fadeOutSpeed: 200, position: 'top center', relative: true, offset: [-7, 0], });<\/script><\/li>\n\n\n\n<li>La evaluaci\u00f3n del DDS de los centros regionales debe incluir el control para verificar si est\u00e1n brindando servicios de una manera competente para el idioma y la cultura. <span class=\"footnote_referrer\"><a role=\"button\" tabindex=\"0\" onclick=\"footnote_moveToReference_1004_1('footnote_plugin_reference_1004_1_9');\" onkeypress=\"footnote_moveToReference_1004_1('footnote_plugin_reference_1004_1_9');\" ><sup id=\"footnote_plugin_tooltip_1004_1_9\" class=\"footnote_plugin_tooltip_text\">[9]<\/sup><\/a><span id=\"footnote_plugin_tooltip_text_1004_1_9\" class=\"footnote_tooltip\">Secci\u00f3n 4571(b)<\/span><\/span><script type=\"text\/javascript\"> jQuery('#footnote_plugin_tooltip_1004_1_9').tooltip({ tip: '#footnote_plugin_tooltip_text_1004_1_9', tipClass: 'footnote_tooltip', effect: 'fade', predelay: 0, fadeInSpeed: 200, delay: 400, fadeOutSpeed: 200, position: 'top center', relative: true, offset: [-7, 0], });<\/script><\/li>\n<\/ul>\n\n\n\n<p>Debido a estos requisitos, usted y su familia deben hablar con su coordinador de servicios sobre su idioma, cultura y valores. Puede hacerlo cuando su coordinador de servicios est\u00e9 recopilando informaci\u00f3n sobre usted para su IPP. Los centros regionales deben tener en cuenta su estilo de vida y su cultura y la de su familia cuando se re\u00fanan con usted para hablar sobre su IPP. Los centros regionales deben usar la informaci\u00f3n que usted les brinde sobre su cultura, para ayudar a su equipo a crear un IPP que considere su cultura, idioma y valores. El enfoque del IPP debe estar en sus deseos, necesidades y sue\u00f1os, en lugar de ser una lista de servicios y apoyos disponibles.<\/p>\n\n\n\n<p>Los centros regionales tambi\u00e9n pueden contratar personal que hable otros idiomas y sea parte de diferentes culturas. Pueden formar grupos de apoyo en idiomas distintos al ingl\u00e9s. Tambi\u00e9n pueden utilizar proveedores de servicios con personal que hable distintos idiomas.<\/p>\n<div class=\"speaker-mute footnotes_reference_container\"> <div class=\"footnote_container_prepare\"><p><span role=\"button\" tabindex=\"0\" class=\"footnote_reference_container_label pointer\" onclick=\"footnote_expand_collapse_reference_container_1004_1();\">&#x202F;<\/span><span role=\"button\" tabindex=\"0\" class=\"footnote_reference_container_collapse_button\" style=\"display: none;\" onclick=\"footnote_expand_collapse_reference_container_1004_1();\">[<a id=\"footnote_reference_container_collapse_button_1004_1\">+<\/a>]<\/span><\/p><\/div> <div id=\"footnote_references_container_1004_1\" style=\"\"><table class=\"footnotes_table footnote-reference-container\"><caption class=\"accessibility\">References<\/caption> <tbody> \r\n\r\n<tr class=\"footnotes_plugin_reference_row\"> <th scope=\"row\" class=\"footnote_plugin_index_combi pointer\"  onclick=\"footnote_moveToAnchor_1004_1('footnote_plugin_tooltip_1004_1_1');\"><a id=\"footnote_plugin_reference_1004_1_1\" class=\"footnote_backlink\"><span class=\"footnote_index_arrow\">&#8593;<\/span>1<\/a><\/th> <td class=\"footnote_plugin_text\">Secci\u00f3n 4502.1(b)<\/td><\/tr>\r\n\r\n<tr class=\"footnotes_plugin_reference_row\"> <th scope=\"row\" class=\"footnote_plugin_index_combi pointer\"  onclick=\"footnote_moveToAnchor_1004_1('footnote_plugin_tooltip_1004_1_2');\"><a id=\"footnote_plugin_reference_1004_1_2\" class=\"footnote_backlink\"><span class=\"footnote_index_arrow\">&#8593;<\/span>2<\/a><\/th> <td class=\"footnote_plugin_text\">Secci\u00f3n 4622(j)(2)<\/td><\/tr>\r\n\r\n<tr class=\"footnotes_plugin_reference_row\"> <th scope=\"row\" class=\"footnote_plugin_index_combi pointer\"  onclick=\"footnote_moveToAnchor_1004_1('footnote_plugin_tooltip_1004_1_3');\"><a id=\"footnote_plugin_reference_1004_1_3\" class=\"footnote_backlink\"><span class=\"footnote_index_arrow\">&#8593;<\/span>3<\/a><\/th> <td class=\"footnote_plugin_text\">Secci\u00f3n 4629(c)(1)(A)(iii)<\/td><\/tr>\r\n\r\n<tr class=\"footnotes_plugin_reference_row\"> <th scope=\"row\" class=\"footnote_plugin_index_combi pointer\"  onclick=\"footnote_moveToAnchor_1004_1('footnote_plugin_tooltip_1004_1_4');\"><a id=\"footnote_plugin_reference_1004_1_4\" class=\"footnote_backlink\"><span class=\"footnote_index_arrow\">&#8593;<\/span>4<\/a><\/th> <td class=\"footnote_plugin_text\">Secci\u00f3n 4646.5(a)(1)<\/td><\/tr>\r\n\r\n<tr class=\"footnotes_plugin_reference_row\"> <th scope=\"row\" class=\"footnote_plugin_index_combi pointer\"  onclick=\"footnote_moveToAnchor_1004_1('footnote_plugin_tooltip_1004_1_5');\"><a id=\"footnote_plugin_reference_1004_1_5\" class=\"footnote_backlink\"><span class=\"footnote_index_arrow\">&#8593;<\/span>5<\/a><\/th> <td class=\"footnote_plugin_text\">Secci\u00f3n 4679(a)<\/td><\/tr>\r\n\r\n<tr class=\"footnotes_plugin_reference_row\"> <th scope=\"row\" class=\"footnote_plugin_index_combi pointer\"  onclick=\"footnote_moveToAnchor_1004_1('footnote_plugin_tooltip_1004_1_6');\"><a id=\"footnote_plugin_reference_1004_1_6\" class=\"footnote_backlink\"><span class=\"footnote_index_arrow\">&#8593;<\/span>6<\/a><\/th> <td class=\"footnote_plugin_text\">Secci\u00f3n 4685(b)(4)<\/td><\/tr>\r\n\r\n<tr class=\"footnotes_plugin_reference_row\"> <th scope=\"row\" class=\"footnote_plugin_index_combi pointer\"  onclick=\"footnote_moveToAnchor_1004_1('footnote_plugin_tooltip_1004_1_7');\"><a id=\"footnote_plugin_reference_1004_1_7\" class=\"footnote_backlink\"><span class=\"footnote_index_arrow\">&#8593;<\/span>7<\/a><\/th> <td class=\"footnote_plugin_text\">Secci\u00f3n 4689.1(e)(8)(E)<\/td><\/tr>\r\n\r\n<tr class=\"footnotes_plugin_reference_row\"> <th scope=\"row\" class=\"footnote_plugin_index_combi pointer\"  onclick=\"footnote_moveToAnchor_1004_1('footnote_plugin_tooltip_1004_1_8');\"><a id=\"footnote_plugin_reference_1004_1_8\" class=\"footnote_backlink\"><span class=\"footnote_index_arrow\">&#8593;<\/span>8<\/a><\/th> <td class=\"footnote_plugin_text\">Secci\u00f3n 4519.5(g)(1)(C)<\/td><\/tr>\r\n\r\n<tr class=\"footnotes_plugin_reference_row\"> <th scope=\"row\" class=\"footnote_plugin_index_combi pointer\"  onclick=\"footnote_moveToAnchor_1004_1('footnote_plugin_tooltip_1004_1_9');\"><a id=\"footnote_plugin_reference_1004_1_9\" class=\"footnote_backlink\"><span class=\"footnote_index_arrow\">&#8593;<\/span>9<\/a><\/th> <td class=\"footnote_plugin_text\">Secci\u00f3n 4571(b)<\/td><\/tr>\r\n\r\n <\/tbody> <\/table> <\/div><\/div><script type=\"text\/javascript\"> function footnote_expand_reference_container_1004_1() { jQuery('#footnote_references_container_1004_1').show(); jQuery('#footnote_reference_container_collapse_button_1004_1').text('\u2212'); } function footnote_collapse_reference_container_1004_1() { jQuery('#footnote_references_container_1004_1').hide(); jQuery('#footnote_reference_container_collapse_button_1004_1').text('+'); } function footnote_expand_collapse_reference_container_1004_1() { if (jQuery('#footnote_references_container_1004_1').is(':hidden')) { footnote_expand_reference_container_1004_1(); } else { footnote_collapse_reference_container_1004_1(); } } function footnote_moveToReference_1004_1(p_str_TargetID) { footnote_expand_reference_container_1004_1(); var l_obj_Target = jQuery('#' + p_str_TargetID); if (l_obj_Target.length) { jQuery( 'html, body' ).delay( 0 ); jQuery('html, body').animate({ scrollTop: l_obj_Target.offset().top - window.innerHeight * 0.2 }, 380); } } function footnote_moveToAnchor_1004_1(p_str_TargetID) { footnote_expand_reference_container_1004_1(); var l_obj_Target = jQuery('#' + p_str_TargetID); if (l_obj_Target.length) { jQuery( 'html, body' ).delay( 0 ); jQuery('html, body').animate({ scrollTop: l_obj_Target.offset().top - window.innerHeight * 0.2 }, 380); } }<\/script>","protected":false},"excerpt":{"rendered":"<p>La Ley Lanterman tiene muchas reglas para garantizar que los servicios se brindan de una manera culturalmente competente. Debido a estos requisitos, usted y su&hellip;<\/p>\n","protected":false},"author":1,"featured_media":0,"parent":312,"menu_order":4,"comment_status":"closed","ping_status":"closed","template":"","meta":{"footnotes":""},"class_list":["post-1004","page","type-page","status-publish","hentry"],"_links":{"self":[{"href":"https:\/\/rula.disabilityrightsca.org\/es\/wp-json\/wp\/v2\/pages\/1004","targetHints":{"allow":["GET"]}}],"collection":[{"href":"https:\/\/rula.disabilityrightsca.org\/es\/wp-json\/wp\/v2\/pages"}],"about":[{"href":"https:\/\/rula.disabilityrightsca.org\/es\/wp-json\/wp\/v2\/types\/page"}],"author":[{"embeddable":true,"href":"https:\/\/rula.disabilityrightsca.org\/es\/wp-json\/wp\/v2\/users\/1"}],"replies":[{"embeddable":true,"href":"https:\/\/rula.disabilityrightsca.org\/es\/wp-json\/wp\/v2\/comments?post=1004"}],"version-history":[{"count":4,"href":"https:\/\/rula.disabilityrightsca.org\/es\/wp-json\/wp\/v2\/pages\/1004\/revisions"}],"predecessor-version":[{"id":3659,"href":"https:\/\/rula.disabilityrightsca.org\/es\/wp-json\/wp\/v2\/pages\/1004\/revisions\/3659"}],"up":[{"embeddable":true,"href":"https:\/\/rula.disabilityrightsca.org\/es\/wp-json\/wp\/v2\/pages\/312"}],"wp:attachment":[{"href":"https:\/\/rula.disabilityrightsca.org\/es\/wp-json\/wp\/v2\/media?parent=1004"}],"curies":[{"name":"wp","href":"https:\/\/api.w.org\/{rel}","templated":true}]}}